{"id":10,"date":"2021-04-12T12:50:09","date_gmt":"2021-04-12T10:50:09","guid":{"rendered":"https:\/\/milniky.flaw.uniba.sk\/?page_id=10"},"modified":"2024-05-29T15:22:29","modified_gmt":"2024-05-29T13:22:29","slug":"kontakt","status":"publish","type":"page","link":"https:\/\/milniky2023.flaw.uniba.sk\/en\/kontakt\/","title":{"rendered":"Contact"},"content":{"rendered":"<div class=\"wp-block-group\"><div class=\"wp-block-group__inner-container is-layout-flow wp-block-group-is-layout-flow\">\n<div class=\"wp-block-columns are-vertically-aligned-center is-layout-flex wp-container-core-columns-is-layout-9d6595d7 wp-block-columns-is-layout-flex\">\n<div class=\"wp-block-column is-vertically-aligned-center is-layout-flow wp-block-column-is-layout-flow\">\n<p>Organising committee of the conference:<\/p>\n\n\n\n<ul class=\"wp-block-list\">\n<li>Mgr. Maro\u0161 Pavlovi\u010d, PhD., LL.M. \u2013 Vice-Dean<\/li>\n\n\n\n<li>Mgr. Michaela Durec Kahounov\u00e1<\/li>\n\n\n\n<li>Ing. Magdal\u00e9na Mydliarov\u00e1<\/li>\n<\/ul>\n\n\n\n<p class=\"has-primary-color has-text-color\">Contact e-mail:&nbsp;<a href=\"mailto:milniky@flaw.uniba.sk\" rel=\"nofollow\">milniky@flaw.uniba.sk<\/a><\/p>\n<\/div>\n\n\n\n<div class=\"wp-block-column is-vertically-aligned-center is-layout-flow wp-block-column-is-layout-flow\"><p><iframe src=\"https:\/\/www.google.com\/maps\/embed?pb=!1m18!1m12!1m3!1d2662.394886571411!2d17.11377591616048!3d48.14119177922368!2m3!1f0!2f0!3f0!3m2!1i1024!2i768!4f13.1!3m3!1m2!1s0x476c8941e963f17d%3A0x8249392f27848682!2sUniverzita%20Komensk%C3%A9ho!5e0!3m2!1ssk!2ssk!4v1612442850691!5m2!1ssk!2ssk\" style=\"border:0;\" allowfullscreen=\"\" aria-hidden=\"false\" tabindex=\"0\" width=\"600\" height=\"450\" frameborder=\"0\"><\/iframe><\/p>\n<\/div>\n<\/div>\n<\/div><\/div>\n\n\n\n<hr class=\"wp-block-separator has-text-color has-primary-color has-css-opacity has-primary-background-color has-background is-style-default\"\/>\n\n\n\n<p class=\"has-text-align-center\"><strong>Scientific Committee:<\/strong><\/p>\n\n\n\n<p class=\"has-text-align-center\">doc. JUDr. Martina Gajdo\u0161ov\u00e1, PhD.<\/p>\n\n\n\n<p class=\"has-text-align-center\"> JUDr. Stanislav Ga\u0148a, PhD.<\/p>\n\n\n\n<p class=\"has-text-align-center\">doc. JUDr. Peter Lysina, PhD.<\/p>\n\n\n\n<p class=\"has-text-align-center\">doc. JUDr. Ondrej Bla\u017eo, PhD.<\/p>\n\n\n\n<p class=\"has-text-align-center\">prof. doc. Miroslav Lys\u00fd, PhD.<\/p>\n\n\n\n<p class=\"has-text-align-center\">prof. JUDr. Mat\u00fa\u0161 Nemec, PhD.<\/p>\n\n\n\n<p class=\"has-text-align-center\">doc. JUDr. Martin Gregor, PhD.<\/p>\n\n\n\n<p class=\"has-text-align-center\">doc. JUDr. Jozef Andra\u0161ko, PhD.<\/p>\n\n\n\n<p class=\"has-text-align-center\">JUDr. Mat\u00fa\u0161 Mesar\u010d\u00edk, PhD., LL.M.<\/p>\n\n\n\n<p class=\"has-text-align-center\">doc. JUDr. Lenka Freel, PhD.<\/p>\n\n\n\n<p class=\"has-text-align-center\">doc. JUDr. Zuzana Hamu\u013e\u00e1kov\u00e1, PhD.<\/p>\n\n\n\n<p class=\"has-text-align-center\">doc. JUDr. Ing. Matej Ka\u010daljak, PhD.<\/p>\n\n\n\n<p class=\"has-text-align-center\">prof. JUDr. \u013dubom\u00edr \u010cunderl\u00edk, PhD.<\/p>\n\n\n\n<p class=\"has-text-align-center\">JUDr. Simona Hesekov\u00e1, PhD.<\/p>\n\n\n\n<p class=\"has-text-align-center\">prof. JUDr. Mojm\u00edr Mamojka, PhD.<\/p>\n\n\n\n<p class=\"has-text-align-center\">JUDr. Pavol Rak, PhD.<\/p>\n\n\n\n<p class=\"has-text-align-center\">doc. JUDr. Peter Luk\u00e1\u010dka, PhD.<\/p>\n\n\n\n<p class=\"has-text-align-center\">doc. JUDr. Martin Kri\u017ean, PhD.<\/p>\n\n\n\n<p class=\"has-text-align-center\">Mgr. Marek Ivan\u010do, PhD.<\/p>\n\n\n\n<p class=\"has-text-align-center\">prof. JUDr. Jozef \u010cent\u00e9\u0161, PhD.<\/p>\n\n\n\n<p class=\"has-text-align-center\">prof. JUDr. Margita Prokeinov\u00e1, PhD.<\/p>\n\n\n\n<p class=\"has-text-align-center\">JUDr. Ing. Karin Rakov\u00e1, PhD., MBA<\/p>\n\n\n\n<p class=\"has-text-align-center\"><\/p>\n\n\n\n<p class=\"has-text-align-center\"><\/p>","protected":false},"excerpt":{"rendered":"<p>Organiza\u010dn\u00fd t\u00edm konferencie: Kontaktn\u00fd email:&nbsp;milniky@flaw.uniba.sk Vedeck\u00fd v\u00fdbor: doc. JUDr. Martina Gajdo\u0161ov\u00e1, PhD. JUDr. Stanislav Ga\u0148a, PhD. doc. JUDr. Peter Lysina, PhD. doc. JUDr. Ondrej Bla\u017eo, PhD. prof. doc. Miroslav Lys\u00fd, PhD. prof. JUDr. Mat\u00fa\u0161 Nemec, PhD. doc. JUDr. Martin Gregor, PhD. doc. JUDr. Jozef Andra\u0161ko, PhD. JUDr. Mat\u00fa\u0161 Mesar\u010d\u00edk, PhD., LL.M. doc. JUDr. Lenka Freel, [&hellip;]<\/p>\n","protected":false},"author":2,"featured_media":0,"parent":0,"menu_order":0,"comment_status":"closed","ping_status":"closed","template":"templates\/template-full-width.php","meta":{"footnotes":""},"class_list":["post-10","page","type-page","status-publish","hentry"],"yoast_head":"<!-- This site is optimized with the Yoast SEO plugin v27.2 - https:\/\/yoast.com\/product\/yoast-seo-wordpress\/ -->\n<title>Kontakt - Milniky<\/title>\n<meta name=\"robots\" content=\"noindex, follow, max-snippet:-1, max-image-preview:large, max-video-preview:-1\" \/>\n<meta property=\"og:locale\" content=\"en_US\" \/>\n<meta property=\"og:type\" content=\"article\" \/>\n<meta property=\"og:title\" content=\"Kontakt - Milniky\" \/>\n<meta property=\"og:description\" content=\"Organiza\u010dn\u00fd t\u00edm konferencie: Kontaktn\u00fd email:&nbsp;milniky@flaw.uniba.sk Vedeck\u00fd v\u00fdbor: doc. JUDr. Martina Gajdo\u0161ov\u00e1, PhD. JUDr. Stanislav Ga\u0148a, PhD. doc. JUDr. Peter Lysina, PhD. doc. JUDr. Ondrej Bla\u017eo, PhD. prof. doc. Miroslav Lys\u00fd, PhD. prof. JUDr. Mat\u00fa\u0161 Nemec, PhD. doc. JUDr. Martin Gregor, PhD. doc. JUDr. Jozef Andra\u0161ko, PhD. JUDr. Mat\u00fa\u0161 Mesar\u010d\u00edk, PhD., LL.M. doc. JUDr. Lenka Freel, [&hellip;]\" \/>\n<meta property=\"og:url\" content=\"https:\/\/milniky2023.flaw.uniba.sk\/en\/kontakt\/\" \/>\n<meta property=\"og:site_name\" content=\"Milniky\" \/>\n<meta property=\"article:modified_time\" content=\"2024-05-29T13:22:29+00:00\" \/>\n<meta name=\"twitter:card\" content=\"summary_large_image\" \/>\n<meta name=\"twitter:label1\" content=\"Est. reading time\" \/>\n\t<meta name=\"twitter:data1\" content=\"1 minute\" \/>\n<script type=\"application\/ld+json\" class=\"yoast-schema-graph\">{\"@context\":\"https:\/\/schema.org\",\"@graph\":[{\"@type\":\"WebPage\",\"@id\":\"https:\/\/milniky2023.flaw.uniba.sk\/kontakt\/\",\"url\":\"https:\/\/milniky2023.flaw.uniba.sk\/kontakt\/\",\"name\":\"Kontakt - Milniky\",\"isPartOf\":{\"@id\":\"https:\/\/milniky2023.flaw.uniba.sk\/#website\"},\"datePublished\":\"2021-04-12T10:50:09+00:00\",\"dateModified\":\"2024-05-29T13:22:29+00:00\",\"breadcrumb\":{\"@id\":\"https:\/\/milniky2023.flaw.uniba.sk\/kontakt\/#breadcrumb\"},\"inLanguage\":\"en-US\",\"potentialAction\":[{\"@type\":\"ReadAction\",\"target\":[\"https:\/\/milniky2023.flaw.uniba.sk\/kontakt\/\"]}]},{\"@type\":\"BreadcrumbList\",\"@id\":\"https:\/\/milniky2023.flaw.uniba.sk\/kontakt\/#breadcrumb\",\"itemListElement\":[{\"@type\":\"ListItem\",\"position\":1,\"name\":\"Home\",\"item\":\"https:\/\/milniky2023.flaw.uniba.sk\/\"},{\"@type\":\"ListItem\",\"position\":2,\"name\":\"Kontakt\"}]},{\"@type\":\"WebSite\",\"@id\":\"https:\/\/milniky2023.flaw.uniba.sk\/#website\",\"url\":\"https:\/\/milniky2023.flaw.uniba.sk\/\",\"name\":\"Milniky\",\"description\":\"\",\"publisher\":{\"@id\":\"https:\/\/milniky2023.flaw.uniba.sk\/#organization\"},\"potentialAction\":[{\"@type\":\"SearchAction\",\"target\":{\"@type\":\"EntryPoint\",\"urlTemplate\":\"https:\/\/milniky2023.flaw.uniba.sk\/?s={search_term_string}\"},\"query-input\":{\"@type\":\"PropertyValueSpecification\",\"valueRequired\":true,\"valueName\":\"search_term_string\"}}],\"inLanguage\":\"en-US\"},{\"@type\":\"Organization\",\"@id\":\"https:\/\/milniky2023.flaw.uniba.sk\/#organization\",\"name\":\"Milniky\",\"url\":\"https:\/\/milniky2023.flaw.uniba.sk\/\",\"logo\":{\"@type\":\"ImageObject\",\"inLanguage\":\"en-US\",\"@id\":\"https:\/\/milniky2023.flaw.uniba.sk\/#\/schema\/logo\/image\/\",\"url\":\"https:\/\/milniky2023.flaw.uniba.sk\/wp-content\/uploads\/2024\/05\/sk-milniky-bc.png\",\"contentUrl\":\"https:\/\/milniky2023.flaw.uniba.sk\/wp-content\/uploads\/2024\/05\/sk-milniky-bc.png\",\"width\":3219,\"height\":845,\"caption\":\"Milniky\"},\"image\":{\"@id\":\"https:\/\/milniky2023.flaw.uniba.sk\/#\/schema\/logo\/image\/\"}}]}<\/script>\n<!-- \/ Yoast SEO plugin. -->","yoast_head_json":{"title":"Kontakt - Milniky","robots":{"index":"noindex","follow":"follow","max-snippet":"max-snippet:-1","max-image-preview":"max-image-preview:large","max-video-preview":"max-video-preview:-1"},"og_locale":"en_US","og_type":"article","og_title":"Kontakt - Milniky","og_description":"Organiza\u010dn\u00fd t\u00edm konferencie: Kontaktn\u00fd email:&nbsp;milniky@flaw.uniba.sk Vedeck\u00fd v\u00fdbor: doc. JUDr. Martina Gajdo\u0161ov\u00e1, PhD. JUDr. Stanislav Ga\u0148a, PhD. doc. JUDr. Peter Lysina, PhD. doc. JUDr. Ondrej Bla\u017eo, PhD. prof. doc. Miroslav Lys\u00fd, PhD. prof. JUDr. Mat\u00fa\u0161 Nemec, PhD. doc. JUDr. Martin Gregor, PhD. doc. JUDr. Jozef Andra\u0161ko, PhD. JUDr. Mat\u00fa\u0161 Mesar\u010d\u00edk, PhD., LL.M. doc. JUDr. Lenka Freel, [&hellip;]","og_url":"https:\/\/milniky2023.flaw.uniba.sk\/en\/kontakt\/","og_site_name":"Milniky","article_modified_time":"2024-05-29T13:22:29+00:00","twitter_card":"summary_large_image","twitter_misc":{"Est. reading time":"1 minute"},"schema":{"@context":"https:\/\/schema.org","@graph":[{"@type":"WebPage","@id":"https:\/\/milniky2023.flaw.uniba.sk\/kontakt\/","url":"https:\/\/milniky2023.flaw.uniba.sk\/kontakt\/","name":"Kontakt - Milniky","isPartOf":{"@id":"https:\/\/milniky2023.flaw.uniba.sk\/#website"},"datePublished":"2021-04-12T10:50:09+00:00","dateModified":"2024-05-29T13:22:29+00:00","breadcrumb":{"@id":"https:\/\/milniky2023.flaw.uniba.sk\/kontakt\/#breadcrumb"},"inLanguage":"en-US","potentialAction":[{"@type":"ReadAction","target":["https:\/\/milniky2023.flaw.uniba.sk\/kontakt\/"]}]},{"@type":"BreadcrumbList","@id":"https:\/\/milniky2023.flaw.uniba.sk\/kontakt\/#breadcrumb","itemListElement":[{"@type":"ListItem","position":1,"name":"Home","item":"https:\/\/milniky2023.flaw.uniba.sk\/"},{"@type":"ListItem","position":2,"name":"Kontakt"}]},{"@type":"WebSite","@id":"https:\/\/milniky2023.flaw.uniba.sk\/#website","url":"https:\/\/milniky2023.flaw.uniba.sk\/","name":"Milestones","description":"","publisher":{"@id":"https:\/\/milniky2023.flaw.uniba.sk\/#organization"},"potentialAction":[{"@type":"SearchAction","target":{"@type":"EntryPoint","urlTemplate":"https:\/\/milniky2023.flaw.uniba.sk\/?s={search_term_string}"},"query-input":{"@type":"PropertyValueSpecification","valueRequired":true,"valueName":"search_term_string"}}],"inLanguage":"en-US"},{"@type":"Organization","@id":"https:\/\/milniky2023.flaw.uniba.sk\/#organization","name":"Milestones","url":"https:\/\/milniky2023.flaw.uniba.sk\/","logo":{"@type":"ImageObject","inLanguage":"en-US","@id":"https:\/\/milniky2023.flaw.uniba.sk\/#\/schema\/logo\/image\/","url":"https:\/\/milniky2023.flaw.uniba.sk\/wp-content\/uploads\/2024\/05\/sk-milniky-bc.png","contentUrl":"https:\/\/milniky2023.flaw.uniba.sk\/wp-content\/uploads\/2024\/05\/sk-milniky-bc.png","width":3219,"height":845,"caption":"Milniky"},"image":{"@id":"https:\/\/milniky2023.flaw.uniba.sk\/#\/schema\/logo\/image\/"}}]}},"_links":{"self":[{"href":"https:\/\/milniky2023.flaw.uniba.sk\/en\/wp-json\/wp\/v2\/pages\/10","targetHints":{"allow":["GET"]}}],"collection":[{"href":"https:\/\/milniky2023.flaw.uniba.sk\/en\/wp-json\/wp\/v2\/pages"}],"about":[{"href":"https:\/\/milniky2023.flaw.uniba.sk\/en\/wp-json\/wp\/v2\/types\/page"}],"author":[{"embeddable":true,"href":"https:\/\/milniky2023.flaw.uniba.sk\/en\/wp-json\/wp\/v2\/users\/2"}],"replies":[{"embeddable":true,"href":"https:\/\/milniky2023.flaw.uniba.sk\/en\/wp-json\/wp\/v2\/comments?post=10"}],"version-history":[{"count":19,"href":"https:\/\/milniky2023.flaw.uniba.sk\/en\/wp-json\/wp\/v2\/pages\/10\/revisions"}],"predecessor-version":[{"id":725,"href":"https:\/\/milniky2023.flaw.uniba.sk\/en\/wp-json\/wp\/v2\/pages\/10\/revisions\/725"}],"wp:attachment":[{"href":"https:\/\/milniky2023.flaw.uniba.sk\/en\/wp-json\/wp\/v2\/media?parent=10"}],"curies":[{"name":"wp","href":"https:\/\/api.w.org\/{rel}","templated":true}]}}