{"id":126,"date":"2021-05-17T13:42:25","date_gmt":"2021-05-17T11:42:25","guid":{"rendered":"https:\/\/milniky.flaw.uniba.sk\/?page_id=126"},"modified":"2024-05-31T10:34:21","modified_gmt":"2024-05-31T08:34:21","slug":"sekcia-medzinarodneho-prava-a-medzinarodnych-vztahov","status":"publish","type":"page","link":"https:\/\/milniky2023.flaw.uniba.sk\/en\/sekcia-medzinarodneho-prava-a-medzinarodnych-vztahov\/","title":{"rendered":"International Law and European Union Law Section"},"content":{"rendered":"<h2 class=\"wp-block-heading alignfull has-text-align-center\">Methods of Transnational and International Settlement of Disputes<\/h2>\n\n\n\n<div class=\"wp-block-buttons is-content-justification-center is-layout-flex wp-container-core-buttons-is-layout-16018d1d wp-block-buttons-is-layout-flex\"><\/div>\n\n\n\n<p>The globalised world presents a particular challenge throughout the different legal systems, whether domestic, international, or European. Currently, the systems are facing crises, such as the Russian aggression in Ukraine, energy crisis, crisis in environmental protection, along with the phenomena that are directly associated with these crucial problems. Intensification of migration, legal and illegal, and economic exchange, are intrinsic consequences of globalized environment. Thus, national regimes come into inevitable interaction, e.g. in the sphere of family law, property law, contractual law, tort law and liability for damages.<br>These factors are in and of themselves either disputes or are capable of causing disputes as a side effect. Disputes as such are recognised as negative factors in all areas of law, and law tries to solve, compensate for its negative effects, or enforce the various means of settlement. Given the nature of these factors, it is of great concern of international public, international private, and Union law to provide modes how to deal with disputes in a manner consistent with innate principles that are characteristic of each area of the law.<br>The goal of this section is to provide a forum for interdisciplinary interaction between public international,  private international, and European Union law researchers in the area of dispute resolution and its various instrument and the enforcement of obligations arising from dispute and responsibility issues.<\/p>\n\n\n\n<p><strong>Guarantors of the section: <\/strong><\/p>\n\n\n\n<p>doc. JUDr. Peter Lysina, PhD. <\/p>\n\n\n\n<p>doc. JUDr. Ing. Ondrej Bla\u017eo, PhD. <\/p>\n\n\n\n<h2 class=\"wp-block-heading alignfull has-text-align-center\"><\/h2>","protected":false},"excerpt":{"rendered":"<p>Sp\u00f4soby rie\u0161enia nadn\u00e1rodn\u00fdch a medzin\u00e1rodn\u00fdch sporov Globalizovan\u00fd svet predstavuje osobitn\u00fa v\u00fdzvu v r\u00e1mci r\u00f4znych pr\u00e1vnych syst\u00e9mov, \u010di u\u017e dom\u00e1cich, medzin\u00e1rodn\u00fdch alebo eur\u00f3pskych. V s\u00fa\u010dasnosti tieto syst\u00e9my \u010delia kr\u00edzam, ak\u00fdmi s\u00fa rusk\u00e1 agresia na Ukrajine, energetick\u00e1 kr\u00edza, kr\u00edza v ochrane \u017eivotn\u00e9ho prostredia, ako aj javy, ktor\u00e9 s\u00fa s t\u00fdmito fenom\u00e9nmi priamo spojen\u00e9. Pr\u00edkladom nech s\u00fa: zintenz\u00edvnenie [&hellip;]<\/p>\n","protected":false},"author":2,"featured_media":0,"parent":0,"menu_order":0,"comment_status":"closed","ping_status":"closed","template":"","meta":{"footnotes":""},"class_list":["post-126","page","type-page","status-publish","hentry"],"yoast_head":"<!-- This site is optimized with the Yoast SEO plugin v27.2 - https:\/\/yoast.com\/product\/yoast-seo-wordpress\/ -->\n<title>Sekcia medzin\u00e1rodn\u00e9ho pr\u00e1va a pr\u00e1va Eur\u00f3pskej \u00fanie - Milniky<\/title>\n<meta name=\"robots\" content=\"noindex, follow, max-snippet:-1, max-image-preview:large, max-video-preview:-1\" \/>\n<meta property=\"og:locale\" content=\"en_US\" \/>\n<meta property=\"og:type\" content=\"article\" \/>\n<meta property=\"og:title\" content=\"Sekcia medzin\u00e1rodn\u00e9ho pr\u00e1va a pr\u00e1va Eur\u00f3pskej \u00fanie - Milniky\" \/>\n<meta property=\"og:description\" content=\"Sp\u00f4soby rie\u0161enia nadn\u00e1rodn\u00fdch a medzin\u00e1rodn\u00fdch sporov Globalizovan\u00fd svet predstavuje osobitn\u00fa v\u00fdzvu v r\u00e1mci r\u00f4znych pr\u00e1vnych syst\u00e9mov, \u010di u\u017e dom\u00e1cich, medzin\u00e1rodn\u00fdch alebo eur\u00f3pskych. V s\u00fa\u010dasnosti tieto syst\u00e9my \u010delia kr\u00edzam, ak\u00fdmi s\u00fa rusk\u00e1 agresia na Ukrajine, energetick\u00e1 kr\u00edza, kr\u00edza v ochrane \u017eivotn\u00e9ho prostredia, ako aj javy, ktor\u00e9 s\u00fa s t\u00fdmito fenom\u00e9nmi priamo spojen\u00e9. Pr\u00edkladom nech s\u00fa: zintenz\u00edvnenie [&hellip;]\" \/>\n<meta property=\"og:url\" content=\"https:\/\/milniky2023.flaw.uniba.sk\/en\/sekcia-medzinarodneho-prava-a-medzinarodnych-vztahov\/\" \/>\n<meta property=\"og:site_name\" content=\"Milniky\" \/>\n<meta property=\"article:modified_time\" content=\"2024-05-31T08:34:21+00:00\" \/>\n<meta name=\"twitter:card\" content=\"summary_large_image\" \/>\n<meta name=\"twitter:label1\" content=\"Est. reading time\" \/>\n\t<meta name=\"twitter:data1\" content=\"2 minutes\" \/>\n<script type=\"application\/ld+json\" class=\"yoast-schema-graph\">{\"@context\":\"https:\/\/schema.org\",\"@graph\":[{\"@type\":\"WebPage\",\"@id\":\"https:\/\/milniky2023.flaw.uniba.sk\/sekcia-medzinarodneho-prava-a-medzinarodnych-vztahov\/\",\"url\":\"https:\/\/milniky2023.flaw.uniba.sk\/sekcia-medzinarodneho-prava-a-medzinarodnych-vztahov\/\",\"name\":\"Sekcia medzin\u00e1rodn\u00e9ho pr\u00e1va a pr\u00e1va Eur\u00f3pskej \u00fanie - Milniky\",\"isPartOf\":{\"@id\":\"https:\/\/milniky2023.flaw.uniba.sk\/#website\"},\"datePublished\":\"2021-05-17T11:42:25+00:00\",\"dateModified\":\"2024-05-31T08:34:21+00:00\",\"breadcrumb\":{\"@id\":\"https:\/\/milniky2023.flaw.uniba.sk\/sekcia-medzinarodneho-prava-a-medzinarodnych-vztahov\/#breadcrumb\"},\"inLanguage\":\"en-US\",\"potentialAction\":[{\"@type\":\"ReadAction\",\"target\":[\"https:\/\/milniky2023.flaw.uniba.sk\/sekcia-medzinarodneho-prava-a-medzinarodnych-vztahov\/\"]}]},{\"@type\":\"BreadcrumbList\",\"@id\":\"https:\/\/milniky2023.flaw.uniba.sk\/sekcia-medzinarodneho-prava-a-medzinarodnych-vztahov\/#breadcrumb\",\"itemListElement\":[{\"@type\":\"ListItem\",\"position\":1,\"name\":\"Home\",\"item\":\"https:\/\/milniky2023.flaw.uniba.sk\/\"},{\"@type\":\"ListItem\",\"position\":2,\"name\":\"Sekcia medzin\u00e1rodn\u00e9ho pr\u00e1va a pr\u00e1va Eur\u00f3pskej \u00fanie\"}]},{\"@type\":\"WebSite\",\"@id\":\"https:\/\/milniky2023.flaw.uniba.sk\/#website\",\"url\":\"https:\/\/milniky2023.flaw.uniba.sk\/\",\"name\":\"Milniky\",\"description\":\"\",\"publisher\":{\"@id\":\"https:\/\/milniky2023.flaw.uniba.sk\/#organization\"},\"potentialAction\":[{\"@type\":\"SearchAction\",\"target\":{\"@type\":\"EntryPoint\",\"urlTemplate\":\"https:\/\/milniky2023.flaw.uniba.sk\/?s={search_term_string}\"},\"query-input\":{\"@type\":\"PropertyValueSpecification\",\"valueRequired\":true,\"valueName\":\"search_term_string\"}}],\"inLanguage\":\"en-US\"},{\"@type\":\"Organization\",\"@id\":\"https:\/\/milniky2023.flaw.uniba.sk\/#organization\",\"name\":\"Milniky\",\"url\":\"https:\/\/milniky2023.flaw.uniba.sk\/\",\"logo\":{\"@type\":\"ImageObject\",\"inLanguage\":\"en-US\",\"@id\":\"https:\/\/milniky2023.flaw.uniba.sk\/#\/schema\/logo\/image\/\",\"url\":\"https:\/\/milniky2023.flaw.uniba.sk\/wp-content\/uploads\/2024\/05\/sk-milniky-bc.png\",\"contentUrl\":\"https:\/\/milniky2023.flaw.uniba.sk\/wp-content\/uploads\/2024\/05\/sk-milniky-bc.png\",\"width\":3219,\"height\":845,\"caption\":\"Milniky\"},\"image\":{\"@id\":\"https:\/\/milniky2023.flaw.uniba.sk\/#\/schema\/logo\/image\/\"}}]}<\/script>\n<!-- \/ Yoast SEO plugin. -->","yoast_head_json":{"title":"Sekcia medzin\u00e1rodn\u00e9ho pr\u00e1va a pr\u00e1va Eur\u00f3pskej \u00fanie - Milniky","robots":{"index":"noindex","follow":"follow","max-snippet":"max-snippet:-1","max-image-preview":"max-image-preview:large","max-video-preview":"max-video-preview:-1"},"og_locale":"en_US","og_type":"article","og_title":"Sekcia medzin\u00e1rodn\u00e9ho pr\u00e1va a pr\u00e1va Eur\u00f3pskej \u00fanie - Milniky","og_description":"Sp\u00f4soby rie\u0161enia nadn\u00e1rodn\u00fdch a medzin\u00e1rodn\u00fdch sporov Globalizovan\u00fd svet predstavuje osobitn\u00fa v\u00fdzvu v r\u00e1mci r\u00f4znych pr\u00e1vnych syst\u00e9mov, \u010di u\u017e dom\u00e1cich, medzin\u00e1rodn\u00fdch alebo eur\u00f3pskych. V s\u00fa\u010dasnosti tieto syst\u00e9my \u010delia kr\u00edzam, ak\u00fdmi s\u00fa rusk\u00e1 agresia na Ukrajine, energetick\u00e1 kr\u00edza, kr\u00edza v ochrane \u017eivotn\u00e9ho prostredia, ako aj javy, ktor\u00e9 s\u00fa s t\u00fdmito fenom\u00e9nmi priamo spojen\u00e9. Pr\u00edkladom nech s\u00fa: zintenz\u00edvnenie [&hellip;]","og_url":"https:\/\/milniky2023.flaw.uniba.sk\/en\/sekcia-medzinarodneho-prava-a-medzinarodnych-vztahov\/","og_site_name":"Milniky","article_modified_time":"2024-05-31T08:34:21+00:00","twitter_card":"summary_large_image","twitter_misc":{"Est. reading time":"2 minutes"},"schema":{"@context":"https:\/\/schema.org","@graph":[{"@type":"WebPage","@id":"https:\/\/milniky2023.flaw.uniba.sk\/sekcia-medzinarodneho-prava-a-medzinarodnych-vztahov\/","url":"https:\/\/milniky2023.flaw.uniba.sk\/sekcia-medzinarodneho-prava-a-medzinarodnych-vztahov\/","name":"Sekcia medzin\u00e1rodn\u00e9ho pr\u00e1va a pr\u00e1va Eur\u00f3pskej \u00fanie - Milniky","isPartOf":{"@id":"https:\/\/milniky2023.flaw.uniba.sk\/#website"},"datePublished":"2021-05-17T11:42:25+00:00","dateModified":"2024-05-31T08:34:21+00:00","breadcrumb":{"@id":"https:\/\/milniky2023.flaw.uniba.sk\/sekcia-medzinarodneho-prava-a-medzinarodnych-vztahov\/#breadcrumb"},"inLanguage":"en-US","potentialAction":[{"@type":"ReadAction","target":["https:\/\/milniky2023.flaw.uniba.sk\/sekcia-medzinarodneho-prava-a-medzinarodnych-vztahov\/"]}]},{"@type":"BreadcrumbList","@id":"https:\/\/milniky2023.flaw.uniba.sk\/sekcia-medzinarodneho-prava-a-medzinarodnych-vztahov\/#breadcrumb","itemListElement":[{"@type":"ListItem","position":1,"name":"Home","item":"https:\/\/milniky2023.flaw.uniba.sk\/"},{"@type":"ListItem","position":2,"name":"Sekcia medzin\u00e1rodn\u00e9ho pr\u00e1va a pr\u00e1va Eur\u00f3pskej \u00fanie"}]},{"@type":"WebSite","@id":"https:\/\/milniky2023.flaw.uniba.sk\/#website","url":"https:\/\/milniky2023.flaw.uniba.sk\/","name":"Milestones","description":"","publisher":{"@id":"https:\/\/milniky2023.flaw.uniba.sk\/#organization"},"potentialAction":[{"@type":"SearchAction","target":{"@type":"EntryPoint","urlTemplate":"https:\/\/milniky2023.flaw.uniba.sk\/?s={search_term_string}"},"query-input":{"@type":"PropertyValueSpecification","valueRequired":true,"valueName":"search_term_string"}}],"inLanguage":"en-US"},{"@type":"Organization","@id":"https:\/\/milniky2023.flaw.uniba.sk\/#organization","name":"Milestones","url":"https:\/\/milniky2023.flaw.uniba.sk\/","logo":{"@type":"ImageObject","inLanguage":"en-US","@id":"https:\/\/milniky2023.flaw.uniba.sk\/#\/schema\/logo\/image\/","url":"https:\/\/milniky2023.flaw.uniba.sk\/wp-content\/uploads\/2024\/05\/sk-milniky-bc.png","contentUrl":"https:\/\/milniky2023.flaw.uniba.sk\/wp-content\/uploads\/2024\/05\/sk-milniky-bc.png","width":3219,"height":845,"caption":"Milniky"},"image":{"@id":"https:\/\/milniky2023.flaw.uniba.sk\/#\/schema\/logo\/image\/"}}]}},"_links":{"self":[{"href":"https:\/\/milniky2023.flaw.uniba.sk\/en\/wp-json\/wp\/v2\/pages\/126","targetHints":{"allow":["GET"]}}],"collection":[{"href":"https:\/\/milniky2023.flaw.uniba.sk\/en\/wp-json\/wp\/v2\/pages"}],"about":[{"href":"https:\/\/milniky2023.flaw.uniba.sk\/en\/wp-json\/wp\/v2\/types\/page"}],"author":[{"embeddable":true,"href":"https:\/\/milniky2023.flaw.uniba.sk\/en\/wp-json\/wp\/v2\/users\/2"}],"replies":[{"embeddable":true,"href":"https:\/\/milniky2023.flaw.uniba.sk\/en\/wp-json\/wp\/v2\/comments?post=126"}],"version-history":[{"count":9,"href":"https:\/\/milniky2023.flaw.uniba.sk\/en\/wp-json\/wp\/v2\/pages\/126\/revisions"}],"predecessor-version":[{"id":765,"href":"https:\/\/milniky2023.flaw.uniba.sk\/en\/wp-json\/wp\/v2\/pages\/126\/revisions\/765"}],"wp:attachment":[{"href":"https:\/\/milniky2023.flaw.uniba.sk\/en\/wp-json\/wp\/v2\/media?parent=126"}],"curies":[{"name":"wp","href":"https:\/\/api.w.org\/{rel}","templated":true}]}}