{"id":132,"date":"2021-05-17T13:45:33","date_gmt":"2021-05-17T11:45:33","guid":{"rendered":"https:\/\/milniky.flaw.uniba.sk\/?page_id=132"},"modified":"2024-05-31T10:19:18","modified_gmt":"2024-05-31T08:19:18","slug":"sekcia-ustavneho-prava-teorie-filozofie-prava","status":"publish","type":"page","link":"https:\/\/milniky2023.flaw.uniba.sk\/en\/sekcia-ustavneho-prava-teorie-filozofie-prava\/","title":{"rendered":"Constitutional Law, Theory of Law\nand Philosophy of Law Section"},"content":{"rendered":"<h2 class=\"wp-block-heading alignfull has-text-align-center\">State Bodies, Democracy and Civil Society<\/h2>\n\n\n\n<p><\/p>\n\n\n\n<p>The limited regime of competence in which a dismissed cabinet acts after losing the vote of confidence of parliament raises a large number of practical questions and interpretative problems, both in relation to the powers of the cabinet itself and in relation to the regime of its cooperation with the head of state. The relatively long tenure of such a cabinet also raises the question of by whom and how it is to be controlled, a question that goes back to the very philosophy of our form of government and constitutional system. Similarly, the question of whether (or to what extent) it is appropriate to intervene through the direct democracy instruments in the processes resulting from acts of (electoral) representative democracy, particularly in terms of curtailing the parliamentary season by means of a referendum, is a topical issue at the present time.<br>Civil society is evolving historically, and the perception of civil society, its roles and the functions it performs for a democratic and rule-of-law state are changing as well. For law and jurisprudence, it is evident that civil society consists of a community of people and relationships, as well as a complex of legally relevant actions and inactions, including an awareness of both the \u201cindividual\u201d and the \u201dcommons\u201d in the broadest context. At the same time, the theoretical, philosophical and constitutional legal question of what legal conditions need to be established or guaranteed for civil society in the state to develop in its free and independent dimension is even more pertinent.<\/p>\n\n\n\n<p><\/p>\n\n\n\n<p><strong>Guarantors of the section: <\/strong><\/p>\n\n\n\n<p>doc. JUDr. Mgr. Martina Gajdo\u0161ov\u00e1, PhD.<\/p>\n\n\n\n<p>JUDr. Stanislav Ga\u0148a, PhD.<\/p>","protected":false},"excerpt":{"rendered":"<p>\u0160t\u00e1tne org\u00e1ny, demokracia a ob\u010dianska spolo\u010dnos\u0165 Obmedzen\u00fd re\u017eim p\u00f4sobnosti, v ktorom funguje odvolan\u00e1 vl\u00e1da po strate d\u00f4very parlamentu, otv\u00e1ra ve\u013ek\u00e9 mno\u017estvo praktick\u00fdch ot\u00e1zok a interpreta\u010dn\u00fdch probl\u00e9mov, a to tak vo vz\u0165ahu k pr\u00e1vomociam vl\u00e1dy samotnej, ako aj vo vz\u0165ahu k re\u017eimu jej spolupr\u00e1ce s hlavou \u0161t\u00e1tu. Pri relat\u00edvne dlhom p\u00f4soben\u00ed takejto vl\u00e1dy sa z\u00e1rove\u0148 otv\u00e1ra [&hellip;]<\/p>\n","protected":false},"author":2,"featured_media":0,"parent":0,"menu_order":0,"comment_status":"closed","ping_status":"closed","template":"","meta":{"footnotes":""},"class_list":["post-132","page","type-page","status-publish","hentry"],"yoast_head":"<!-- This site is optimized with the Yoast SEO plugin v27.2 - https:\/\/yoast.com\/product\/yoast-seo-wordpress\/ -->\n<title>Sekcia \u00fastavn\u00e9ho pr\u00e1va, te\u00f3rie pr\u00e1va a filozofie pr\u00e1va - Milniky<\/title>\n<meta name=\"robots\" content=\"noindex, follow, max-snippet:-1, max-image-preview:large, max-video-preview:-1\" \/>\n<meta property=\"og:locale\" content=\"en_US\" \/>\n<meta property=\"og:type\" content=\"article\" \/>\n<meta property=\"og:title\" content=\"Sekcia \u00fastavn\u00e9ho pr\u00e1va, te\u00f3rie pr\u00e1va a filozofie pr\u00e1va - Milniky\" \/>\n<meta property=\"og:description\" content=\"\u0160t\u00e1tne org\u00e1ny, demokracia a ob\u010dianska spolo\u010dnos\u0165 Obmedzen\u00fd re\u017eim p\u00f4sobnosti, v ktorom funguje odvolan\u00e1 vl\u00e1da po strate d\u00f4very parlamentu, otv\u00e1ra ve\u013ek\u00e9 mno\u017estvo praktick\u00fdch ot\u00e1zok a interpreta\u010dn\u00fdch probl\u00e9mov, a to tak vo vz\u0165ahu k pr\u00e1vomociam vl\u00e1dy samotnej, ako aj vo vz\u0165ahu k re\u017eimu jej spolupr\u00e1ce s hlavou \u0161t\u00e1tu. Pri relat\u00edvne dlhom p\u00f4soben\u00ed takejto vl\u00e1dy sa z\u00e1rove\u0148 otv\u00e1ra [&hellip;]\" \/>\n<meta property=\"og:url\" content=\"https:\/\/milniky2023.flaw.uniba.sk\/en\/sekcia-ustavneho-prava-teorie-filozofie-prava\/\" \/>\n<meta property=\"og:site_name\" content=\"Milniky\" \/>\n<meta property=\"article:modified_time\" content=\"2024-05-31T08:19:18+00:00\" \/>\n<meta name=\"twitter:card\" content=\"summary_large_image\" \/>\n<meta name=\"twitter:label1\" content=\"Est. reading time\" \/>\n\t<meta name=\"twitter:data1\" content=\"2 minutes\" \/>\n<script type=\"application\/ld+json\" class=\"yoast-schema-graph\">{\"@context\":\"https:\/\/schema.org\",\"@graph\":[{\"@type\":\"WebPage\",\"@id\":\"https:\/\/milniky2023.flaw.uniba.sk\/sekcia-ustavneho-prava-teorie-filozofie-prava\/\",\"url\":\"https:\/\/milniky2023.flaw.uniba.sk\/sekcia-ustavneho-prava-teorie-filozofie-prava\/\",\"name\":\"Sekcia \u00fastavn\u00e9ho pr\u00e1va, te\u00f3rie pr\u00e1va a filozofie pr\u00e1va - Milniky\",\"isPartOf\":{\"@id\":\"https:\/\/milniky2023.flaw.uniba.sk\/#website\"},\"datePublished\":\"2021-05-17T11:45:33+00:00\",\"dateModified\":\"2024-05-31T08:19:18+00:00\",\"breadcrumb\":{\"@id\":\"https:\/\/milniky2023.flaw.uniba.sk\/sekcia-ustavneho-prava-teorie-filozofie-prava\/#breadcrumb\"},\"inLanguage\":\"en-US\",\"potentialAction\":[{\"@type\":\"ReadAction\",\"target\":[\"https:\/\/milniky2023.flaw.uniba.sk\/sekcia-ustavneho-prava-teorie-filozofie-prava\/\"]}]},{\"@type\":\"BreadcrumbList\",\"@id\":\"https:\/\/milniky2023.flaw.uniba.sk\/sekcia-ustavneho-prava-teorie-filozofie-prava\/#breadcrumb\",\"itemListElement\":[{\"@type\":\"ListItem\",\"position\":1,\"name\":\"Home\",\"item\":\"https:\/\/milniky2023.flaw.uniba.sk\/\"},{\"@type\":\"ListItem\",\"position\":2,\"name\":\"Sekcia \u00fastavn\u00e9ho pr\u00e1va, te\u00f3rie pr\u00e1va a filozofie pr\u00e1va\"}]},{\"@type\":\"WebSite\",\"@id\":\"https:\/\/milniky2023.flaw.uniba.sk\/#website\",\"url\":\"https:\/\/milniky2023.flaw.uniba.sk\/\",\"name\":\"Milniky\",\"description\":\"\",\"publisher\":{\"@id\":\"https:\/\/milniky2023.flaw.uniba.sk\/#organization\"},\"potentialAction\":[{\"@type\":\"SearchAction\",\"target\":{\"@type\":\"EntryPoint\",\"urlTemplate\":\"https:\/\/milniky2023.flaw.uniba.sk\/?s={search_term_string}\"},\"query-input\":{\"@type\":\"PropertyValueSpecification\",\"valueRequired\":true,\"valueName\":\"search_term_string\"}}],\"inLanguage\":\"en-US\"},{\"@type\":\"Organization\",\"@id\":\"https:\/\/milniky2023.flaw.uniba.sk\/#organization\",\"name\":\"Milniky\",\"url\":\"https:\/\/milniky2023.flaw.uniba.sk\/\",\"logo\":{\"@type\":\"ImageObject\",\"inLanguage\":\"en-US\",\"@id\":\"https:\/\/milniky2023.flaw.uniba.sk\/#\/schema\/logo\/image\/\",\"url\":\"https:\/\/milniky2023.flaw.uniba.sk\/wp-content\/uploads\/2024\/05\/sk-milniky-bc.png\",\"contentUrl\":\"https:\/\/milniky2023.flaw.uniba.sk\/wp-content\/uploads\/2024\/05\/sk-milniky-bc.png\",\"width\":3219,\"height\":845,\"caption\":\"Milniky\"},\"image\":{\"@id\":\"https:\/\/milniky2023.flaw.uniba.sk\/#\/schema\/logo\/image\/\"}}]}<\/script>\n<!-- \/ Yoast SEO plugin. -->","yoast_head_json":{"title":"Sekcia \u00fastavn\u00e9ho pr\u00e1va, te\u00f3rie pr\u00e1va a filozofie pr\u00e1va - Milniky","robots":{"index":"noindex","follow":"follow","max-snippet":"max-snippet:-1","max-image-preview":"max-image-preview:large","max-video-preview":"max-video-preview:-1"},"og_locale":"en_US","og_type":"article","og_title":"Sekcia \u00fastavn\u00e9ho pr\u00e1va, te\u00f3rie pr\u00e1va a filozofie pr\u00e1va - Milniky","og_description":"\u0160t\u00e1tne org\u00e1ny, demokracia a ob\u010dianska spolo\u010dnos\u0165 Obmedzen\u00fd re\u017eim p\u00f4sobnosti, v ktorom funguje odvolan\u00e1 vl\u00e1da po strate d\u00f4very parlamentu, otv\u00e1ra ve\u013ek\u00e9 mno\u017estvo praktick\u00fdch ot\u00e1zok a interpreta\u010dn\u00fdch probl\u00e9mov, a to tak vo vz\u0165ahu k pr\u00e1vomociam vl\u00e1dy samotnej, ako aj vo vz\u0165ahu k re\u017eimu jej spolupr\u00e1ce s hlavou \u0161t\u00e1tu. Pri relat\u00edvne dlhom p\u00f4soben\u00ed takejto vl\u00e1dy sa z\u00e1rove\u0148 otv\u00e1ra [&hellip;]","og_url":"https:\/\/milniky2023.flaw.uniba.sk\/en\/sekcia-ustavneho-prava-teorie-filozofie-prava\/","og_site_name":"Milniky","article_modified_time":"2024-05-31T08:19:18+00:00","twitter_card":"summary_large_image","twitter_misc":{"Est. reading time":"2 minutes"},"schema":{"@context":"https:\/\/schema.org","@graph":[{"@type":"WebPage","@id":"https:\/\/milniky2023.flaw.uniba.sk\/sekcia-ustavneho-prava-teorie-filozofie-prava\/","url":"https:\/\/milniky2023.flaw.uniba.sk\/sekcia-ustavneho-prava-teorie-filozofie-prava\/","name":"Sekcia \u00fastavn\u00e9ho pr\u00e1va, te\u00f3rie pr\u00e1va a filozofie pr\u00e1va - Milniky","isPartOf":{"@id":"https:\/\/milniky2023.flaw.uniba.sk\/#website"},"datePublished":"2021-05-17T11:45:33+00:00","dateModified":"2024-05-31T08:19:18+00:00","breadcrumb":{"@id":"https:\/\/milniky2023.flaw.uniba.sk\/sekcia-ustavneho-prava-teorie-filozofie-prava\/#breadcrumb"},"inLanguage":"en-US","potentialAction":[{"@type":"ReadAction","target":["https:\/\/milniky2023.flaw.uniba.sk\/sekcia-ustavneho-prava-teorie-filozofie-prava\/"]}]},{"@type":"BreadcrumbList","@id":"https:\/\/milniky2023.flaw.uniba.sk\/sekcia-ustavneho-prava-teorie-filozofie-prava\/#breadcrumb","itemListElement":[{"@type":"ListItem","position":1,"name":"Home","item":"https:\/\/milniky2023.flaw.uniba.sk\/"},{"@type":"ListItem","position":2,"name":"Sekcia \u00fastavn\u00e9ho pr\u00e1va, te\u00f3rie pr\u00e1va a filozofie pr\u00e1va"}]},{"@type":"WebSite","@id":"https:\/\/milniky2023.flaw.uniba.sk\/#website","url":"https:\/\/milniky2023.flaw.uniba.sk\/","name":"Milestones","description":"","publisher":{"@id":"https:\/\/milniky2023.flaw.uniba.sk\/#organization"},"potentialAction":[{"@type":"SearchAction","target":{"@type":"EntryPoint","urlTemplate":"https:\/\/milniky2023.flaw.uniba.sk\/?s={search_term_string}"},"query-input":{"@type":"PropertyValueSpecification","valueRequired":true,"valueName":"search_term_string"}}],"inLanguage":"en-US"},{"@type":"Organization","@id":"https:\/\/milniky2023.flaw.uniba.sk\/#organization","name":"Milestones","url":"https:\/\/milniky2023.flaw.uniba.sk\/","logo":{"@type":"ImageObject","inLanguage":"en-US","@id":"https:\/\/milniky2023.flaw.uniba.sk\/#\/schema\/logo\/image\/","url":"https:\/\/milniky2023.flaw.uniba.sk\/wp-content\/uploads\/2024\/05\/sk-milniky-bc.png","contentUrl":"https:\/\/milniky2023.flaw.uniba.sk\/wp-content\/uploads\/2024\/05\/sk-milniky-bc.png","width":3219,"height":845,"caption":"Milniky"},"image":{"@id":"https:\/\/milniky2023.flaw.uniba.sk\/#\/schema\/logo\/image\/"}}]}},"_links":{"self":[{"href":"https:\/\/milniky2023.flaw.uniba.sk\/en\/wp-json\/wp\/v2\/pages\/132","targetHints":{"allow":["GET"]}}],"collection":[{"href":"https:\/\/milniky2023.flaw.uniba.sk\/en\/wp-json\/wp\/v2\/pages"}],"about":[{"href":"https:\/\/milniky2023.flaw.uniba.sk\/en\/wp-json\/wp\/v2\/types\/page"}],"author":[{"embeddable":true,"href":"https:\/\/milniky2023.flaw.uniba.sk\/en\/wp-json\/wp\/v2\/users\/2"}],"replies":[{"embeddable":true,"href":"https:\/\/milniky2023.flaw.uniba.sk\/en\/wp-json\/wp\/v2\/comments?post=132"}],"version-history":[{"count":4,"href":"https:\/\/milniky2023.flaw.uniba.sk\/en\/wp-json\/wp\/v2\/pages\/132\/revisions"}],"predecessor-version":[{"id":760,"href":"https:\/\/milniky2023.flaw.uniba.sk\/en\/wp-json\/wp\/v2\/pages\/132\/revisions\/760"}],"wp:attachment":[{"href":"https:\/\/milniky2023.flaw.uniba.sk\/en\/wp-json\/wp\/v2\/media?parent=132"}],"curies":[{"name":"wp","href":"https:\/\/api.w.org\/{rel}","templated":true}]}}