{"id":134,"date":"2021-05-17T13:46:21","date_gmt":"2021-05-17T11:46:21","guid":{"rendered":"https:\/\/milniky.flaw.uniba.sk\/?page_id=134"},"modified":"2024-05-31T10:52:29","modified_gmt":"2024-05-31T08:52:29","slug":"sekcia-spravneho-prava","status":"publish","type":"page","link":"https:\/\/milniky2023.flaw.uniba.sk\/en\/sekcia-spravneho-prava\/","title":{"rendered":"Administrative Law Section"},"content":{"rendered":"<p>Reforms in Public Administration and their Impact<br>on the Performance of Public Administration<\/p>\n\n\n\n<div class=\"wp-block-buttons is-content-justification-center is-layout-flex wp-container-core-buttons-is-layout-16018d1d wp-block-buttons-is-layout-flex\"><\/div>\n\n\n\n<p>Public administration reforms have been part of the dynamic changes taking place in the Slovak Republic since its establishment. The section emphasises not only the analysis of the functioning of public administration from the perspective of national regulation, but also creates space for a broad discourse from the perspective of international law, since reforms and the improvement of public administration represent a continuous process that has to be analysed from a supranational perspective. The improvement of public administration is inevitably linked to the search for so-called examples of good practice from other countries, and it is necessary to analyse these examples, evaluate the effectiveness and efficiency of their use in our conditions, and, if necessary, look for mutual overlaps.<br>This year also marks the tenth anniversary of the launch of the largest government administration reform - called ESO - Efficient, Reliable and Open Public Administration, the aim of which is to make public administration more efficient, ensure quality, transparency and accessibility for the citizen. The aim of this section is also to summarise and analyse the impact of this reform on the performance of public administration through an analysis of the effectiveness of the changes introduced in the public administration.<\/p>\n\n\n\n<p><strong>Guarantor of the section:<\/strong><\/p>\n\n\n\n<p>doc. JUDr. Zuzana Hamu\u013e\u00e1kov\u00e1, PhD.<\/p>","protected":false},"excerpt":{"rendered":"<p>Reformy vo verejnej spr\u00e1ve a&nbsp;ich vplyvya dopady na v\u00fdkon verejnej spr\u00e1vy Reformy verejnej spr\u00e1vy s\u00fa s\u00fa\u010das\u0165ou dynamick\u00fdch zmien prebiehaj\u00facich v Slovenskej republike u\u017e od jej vzniku. Sekcia si kladie za d\u00f4raz nielen anal\u00fdzu fungovania verejnej spr\u00e1vy z poh\u013eadu vn\u00fatro\u0161t\u00e1tnej \u00fapravy, ale vytv\u00e1ra priestor na \u0161irok\u00fd di\u0161kurz aj z poh\u013eadu medzin\u00e1rodnopr\u00e1vneho, preto\u017ee reformy a skvalit\u0148ovanie verejnej [&hellip;]<\/p>\n","protected":false},"author":2,"featured_media":0,"parent":0,"menu_order":0,"comment_status":"closed","ping_status":"closed","template":"","meta":{"footnotes":""},"class_list":["post-134","page","type-page","status-publish","hentry"],"yoast_head":"<!-- This site is optimized with the Yoast SEO plugin v27.2 - https:\/\/yoast.com\/product\/yoast-seo-wordpress\/ -->\n<title>Sekcia spr\u00e1vneho pr\u00e1va - Milniky<\/title>\n<meta name=\"robots\" content=\"noindex, follow, max-snippet:-1, max-image-preview:large, max-video-preview:-1\" \/>\n<meta property=\"og:locale\" content=\"en_US\" \/>\n<meta property=\"og:type\" content=\"article\" \/>\n<meta property=\"og:title\" content=\"Sekcia spr\u00e1vneho pr\u00e1va - Milniky\" \/>\n<meta property=\"og:description\" content=\"Reformy vo verejnej spr\u00e1ve a&nbsp;ich vplyvya dopady na v\u00fdkon verejnej spr\u00e1vy Reformy verejnej spr\u00e1vy s\u00fa s\u00fa\u010das\u0165ou dynamick\u00fdch zmien prebiehaj\u00facich v Slovenskej republike u\u017e od jej vzniku. Sekcia si kladie za d\u00f4raz nielen anal\u00fdzu fungovania verejnej spr\u00e1vy z poh\u013eadu vn\u00fatro\u0161t\u00e1tnej \u00fapravy, ale vytv\u00e1ra priestor na \u0161irok\u00fd di\u0161kurz aj z poh\u013eadu medzin\u00e1rodnopr\u00e1vneho, preto\u017ee reformy a skvalit\u0148ovanie verejnej [&hellip;]\" \/>\n<meta property=\"og:url\" content=\"https:\/\/milniky2023.flaw.uniba.sk\/en\/sekcia-spravneho-prava\/\" \/>\n<meta property=\"og:site_name\" content=\"Milniky\" \/>\n<meta property=\"article:modified_time\" content=\"2024-05-31T08:52:29+00:00\" \/>\n<meta name=\"twitter:card\" content=\"summary_large_image\" \/>\n<meta name=\"twitter:label1\" content=\"Est. reading time\" \/>\n\t<meta name=\"twitter:data1\" content=\"1 minute\" \/>\n<script type=\"application\/ld+json\" class=\"yoast-schema-graph\">{\"@context\":\"https:\/\/schema.org\",\"@graph\":[{\"@type\":\"WebPage\",\"@id\":\"https:\/\/milniky2023.flaw.uniba.sk\/sekcia-spravneho-prava\/\",\"url\":\"https:\/\/milniky2023.flaw.uniba.sk\/sekcia-spravneho-prava\/\",\"name\":\"Sekcia spr\u00e1vneho pr\u00e1va - Milniky\",\"isPartOf\":{\"@id\":\"https:\/\/milniky2023.flaw.uniba.sk\/#website\"},\"datePublished\":\"2021-05-17T11:46:21+00:00\",\"dateModified\":\"2024-05-31T08:52:29+00:00\",\"breadcrumb\":{\"@id\":\"https:\/\/milniky2023.flaw.uniba.sk\/sekcia-spravneho-prava\/#breadcrumb\"},\"inLanguage\":\"en-US\",\"potentialAction\":[{\"@type\":\"ReadAction\",\"target\":[\"https:\/\/milniky2023.flaw.uniba.sk\/sekcia-spravneho-prava\/\"]}]},{\"@type\":\"BreadcrumbList\",\"@id\":\"https:\/\/milniky2023.flaw.uniba.sk\/sekcia-spravneho-prava\/#breadcrumb\",\"itemListElement\":[{\"@type\":\"ListItem\",\"position\":1,\"name\":\"Home\",\"item\":\"https:\/\/milniky2023.flaw.uniba.sk\/\"},{\"@type\":\"ListItem\",\"position\":2,\"name\":\"Sekcia spr\u00e1vneho pr\u00e1va\"}]},{\"@type\":\"WebSite\",\"@id\":\"https:\/\/milniky2023.flaw.uniba.sk\/#website\",\"url\":\"https:\/\/milniky2023.flaw.uniba.sk\/\",\"name\":\"Milniky\",\"description\":\"\",\"publisher\":{\"@id\":\"https:\/\/milniky2023.flaw.uniba.sk\/#organization\"},\"potentialAction\":[{\"@type\":\"SearchAction\",\"target\":{\"@type\":\"EntryPoint\",\"urlTemplate\":\"https:\/\/milniky2023.flaw.uniba.sk\/?s={search_term_string}\"},\"query-input\":{\"@type\":\"PropertyValueSpecification\",\"valueRequired\":true,\"valueName\":\"search_term_string\"}}],\"inLanguage\":\"en-US\"},{\"@type\":\"Organization\",\"@id\":\"https:\/\/milniky2023.flaw.uniba.sk\/#organization\",\"name\":\"Milniky\",\"url\":\"https:\/\/milniky2023.flaw.uniba.sk\/\",\"logo\":{\"@type\":\"ImageObject\",\"inLanguage\":\"en-US\",\"@id\":\"https:\/\/milniky2023.flaw.uniba.sk\/#\/schema\/logo\/image\/\",\"url\":\"https:\/\/milniky2023.flaw.uniba.sk\/wp-content\/uploads\/2024\/05\/sk-milniky-bc.png\",\"contentUrl\":\"https:\/\/milniky2023.flaw.uniba.sk\/wp-content\/uploads\/2024\/05\/sk-milniky-bc.png\",\"width\":3219,\"height\":845,\"caption\":\"Milniky\"},\"image\":{\"@id\":\"https:\/\/milniky2023.flaw.uniba.sk\/#\/schema\/logo\/image\/\"}}]}<\/script>\n<!-- \/ Yoast SEO plugin. -->","yoast_head_json":{"title":"Sekcia spr\u00e1vneho pr\u00e1va - Milniky","robots":{"index":"noindex","follow":"follow","max-snippet":"max-snippet:-1","max-image-preview":"max-image-preview:large","max-video-preview":"max-video-preview:-1"},"og_locale":"en_US","og_type":"article","og_title":"Sekcia spr\u00e1vneho pr\u00e1va - Milniky","og_description":"Reformy vo verejnej spr\u00e1ve a&nbsp;ich vplyvya dopady na v\u00fdkon verejnej spr\u00e1vy Reformy verejnej spr\u00e1vy s\u00fa s\u00fa\u010das\u0165ou dynamick\u00fdch zmien prebiehaj\u00facich v Slovenskej republike u\u017e od jej vzniku. Sekcia si kladie za d\u00f4raz nielen anal\u00fdzu fungovania verejnej spr\u00e1vy z poh\u013eadu vn\u00fatro\u0161t\u00e1tnej \u00fapravy, ale vytv\u00e1ra priestor na \u0161irok\u00fd di\u0161kurz aj z poh\u013eadu medzin\u00e1rodnopr\u00e1vneho, preto\u017ee reformy a skvalit\u0148ovanie verejnej [&hellip;]","og_url":"https:\/\/milniky2023.flaw.uniba.sk\/en\/sekcia-spravneho-prava\/","og_site_name":"Milniky","article_modified_time":"2024-05-31T08:52:29+00:00","twitter_card":"summary_large_image","twitter_misc":{"Est. reading time":"1 minute"},"schema":{"@context":"https:\/\/schema.org","@graph":[{"@type":"WebPage","@id":"https:\/\/milniky2023.flaw.uniba.sk\/sekcia-spravneho-prava\/","url":"https:\/\/milniky2023.flaw.uniba.sk\/sekcia-spravneho-prava\/","name":"Sekcia spr\u00e1vneho pr\u00e1va - Milniky","isPartOf":{"@id":"https:\/\/milniky2023.flaw.uniba.sk\/#website"},"datePublished":"2021-05-17T11:46:21+00:00","dateModified":"2024-05-31T08:52:29+00:00","breadcrumb":{"@id":"https:\/\/milniky2023.flaw.uniba.sk\/sekcia-spravneho-prava\/#breadcrumb"},"inLanguage":"en-US","potentialAction":[{"@type":"ReadAction","target":["https:\/\/milniky2023.flaw.uniba.sk\/sekcia-spravneho-prava\/"]}]},{"@type":"BreadcrumbList","@id":"https:\/\/milniky2023.flaw.uniba.sk\/sekcia-spravneho-prava\/#breadcrumb","itemListElement":[{"@type":"ListItem","position":1,"name":"Home","item":"https:\/\/milniky2023.flaw.uniba.sk\/"},{"@type":"ListItem","position":2,"name":"Sekcia spr\u00e1vneho pr\u00e1va"}]},{"@type":"WebSite","@id":"https:\/\/milniky2023.flaw.uniba.sk\/#website","url":"https:\/\/milniky2023.flaw.uniba.sk\/","name":"Milestones","description":"","publisher":{"@id":"https:\/\/milniky2023.flaw.uniba.sk\/#organization"},"potentialAction":[{"@type":"SearchAction","target":{"@type":"EntryPoint","urlTemplate":"https:\/\/milniky2023.flaw.uniba.sk\/?s={search_term_string}"},"query-input":{"@type":"PropertyValueSpecification","valueRequired":true,"valueName":"search_term_string"}}],"inLanguage":"en-US"},{"@type":"Organization","@id":"https:\/\/milniky2023.flaw.uniba.sk\/#organization","name":"Milestones","url":"https:\/\/milniky2023.flaw.uniba.sk\/","logo":{"@type":"ImageObject","inLanguage":"en-US","@id":"https:\/\/milniky2023.flaw.uniba.sk\/#\/schema\/logo\/image\/","url":"https:\/\/milniky2023.flaw.uniba.sk\/wp-content\/uploads\/2024\/05\/sk-milniky-bc.png","contentUrl":"https:\/\/milniky2023.flaw.uniba.sk\/wp-content\/uploads\/2024\/05\/sk-milniky-bc.png","width":3219,"height":845,"caption":"Milniky"},"image":{"@id":"https:\/\/milniky2023.flaw.uniba.sk\/#\/schema\/logo\/image\/"}}]}},"_links":{"self":[{"href":"https:\/\/milniky2023.flaw.uniba.sk\/en\/wp-json\/wp\/v2\/pages\/134","targetHints":{"allow":["GET"]}}],"collection":[{"href":"https:\/\/milniky2023.flaw.uniba.sk\/en\/wp-json\/wp\/v2\/pages"}],"about":[{"href":"https:\/\/milniky2023.flaw.uniba.sk\/en\/wp-json\/wp\/v2\/types\/page"}],"author":[{"embeddable":true,"href":"https:\/\/milniky2023.flaw.uniba.sk\/en\/wp-json\/wp\/v2\/users\/2"}],"replies":[{"embeddable":true,"href":"https:\/\/milniky2023.flaw.uniba.sk\/en\/wp-json\/wp\/v2\/comments?post=134"}],"version-history":[{"count":7,"href":"https:\/\/milniky2023.flaw.uniba.sk\/en\/wp-json\/wp\/v2\/pages\/134\/revisions"}],"predecessor-version":[{"id":780,"href":"https:\/\/milniky2023.flaw.uniba.sk\/en\/wp-json\/wp\/v2\/pages\/134\/revisions\/780"}],"wp:attachment":[{"href":"https:\/\/milniky2023.flaw.uniba.sk\/en\/wp-json\/wp\/v2\/media?parent=134"}],"curies":[{"name":"wp","href":"https:\/\/api.w.org\/{rel}","templated":true}]}}