{"id":136,"date":"2021-05-17T13:46:58","date_gmt":"2021-05-17T11:46:58","guid":{"rendered":"https:\/\/milniky.flaw.uniba.sk\/?page_id=136"},"modified":"2024-05-31T11:16:50","modified_gmt":"2024-05-31T09:16:50","slug":"sekcia-financneho-prava","status":"publish","type":"page","link":"https:\/\/milniky2023.flaw.uniba.sk\/en\/sekcia-financneho-prava\/","title":{"rendered":"Financial Law Section"},"content":{"rendered":"<h2 class=\"wp-block-heading alignfull has-text-align-center\">Potential Research Topics in Financial Law<\/h2>\n\n\n\n<div class=\"wp-block-buttons is-content-justification-center is-layout-flex wp-container-core-buttons-is-layout-16018d1d wp-block-buttons-is-layout-flex\"><\/div>\n\n\n\n<p class=\"has-drop-cap has-primary-color has-text-color\">It is typical of the doctoral and early post-doctoral stages that the researcher is still exploring the existing space for his or her scholarly activity. The aim of the section is to allow presenters to introduce research topics they are currently exploring, or wish to explore in the near future, and to obtain feedback on their research methods they are considering. The emphasis is not placed primarily on presenting ready-made research ideas and conclusions, but on presenting concepts with potential for further development. Contributions in Slovak, Czech and English are welcome.<\/p>\n\n\n\n<p><strong>Guarantors of the section: <\/strong><\/p>\n\n\n\n<p>doc. JUDr. Ing. Matej Ka\u010daljak, PhD.<br>prof. JUDr. \u013dubom\u00edr \u010cunderl\u00edk, PhD.<br>JUDr. Simona Hesekov\u00e1, PhD.<\/p>","protected":false},"excerpt":{"rendered":"<p>Potenci\u00e1lne t\u00e9my pre v\u00fdskum v oblasti Finan\u010dn\u00e9ho pr\u00e1va Pre etapy doktorandsk\u00e9ho a ran\u00e9ho post-doktorandsk\u00e9ho \u0161t\u00fadia je typick\u00e9, \u017ee v\u00fdskumn\u00edk e\u0161te len sk\u00fama existuj\u00faci priestor pre svoju vedeck\u00fa aktivitu. Cie\u013eom sekcie je umo\u017eni\u0165 vystupuj\u00facim, aby predstavili t\u00e9my v\u00fdskumu, ktor\u00fdm sa aktu\u00e1lne venuj\u00fa, pr\u00edpadne ktor\u00fdm sa chc\u00fa venova\u0165 v najbli\u017e\u0161ej bud\u00facnosti a z\u00edskali sp\u00e4tn\u00fa v\u00e4zbu k zva\u017eovan\u00fdm [&hellip;]<\/p>\n","protected":false},"author":2,"featured_media":0,"parent":0,"menu_order":0,"comment_status":"closed","ping_status":"closed","template":"","meta":{"footnotes":""},"class_list":["post-136","page","type-page","status-publish","hentry"],"yoast_head":"<!-- This site is optimized with the Yoast SEO plugin v27.2 - https:\/\/yoast.com\/product\/yoast-seo-wordpress\/ -->\n<title>Sekcia finan\u010dn\u00e9ho pr\u00e1va - Milniky<\/title>\n<meta name=\"robots\" content=\"noindex, follow, max-snippet:-1, max-image-preview:large, max-video-preview:-1\" \/>\n<meta property=\"og:locale\" content=\"en_US\" \/>\n<meta property=\"og:type\" content=\"article\" \/>\n<meta property=\"og:title\" content=\"Sekcia finan\u010dn\u00e9ho pr\u00e1va - Milniky\" \/>\n<meta property=\"og:description\" content=\"Potenci\u00e1lne t\u00e9my pre v\u00fdskum v oblasti Finan\u010dn\u00e9ho pr\u00e1va Pre etapy doktorandsk\u00e9ho a ran\u00e9ho post-doktorandsk\u00e9ho \u0161t\u00fadia je typick\u00e9, \u017ee v\u00fdskumn\u00edk e\u0161te len sk\u00fama existuj\u00faci priestor pre svoju vedeck\u00fa aktivitu. Cie\u013eom sekcie je umo\u017eni\u0165 vystupuj\u00facim, aby predstavili t\u00e9my v\u00fdskumu, ktor\u00fdm sa aktu\u00e1lne venuj\u00fa, pr\u00edpadne ktor\u00fdm sa chc\u00fa venova\u0165 v najbli\u017e\u0161ej bud\u00facnosti a z\u00edskali sp\u00e4tn\u00fa v\u00e4zbu k zva\u017eovan\u00fdm [&hellip;]\" \/>\n<meta property=\"og:url\" content=\"https:\/\/milniky2023.flaw.uniba.sk\/en\/sekcia-financneho-prava\/\" \/>\n<meta property=\"og:site_name\" content=\"Milniky\" \/>\n<meta property=\"article:modified_time\" content=\"2024-05-31T09:16:50+00:00\" \/>\n<meta name=\"twitter:card\" content=\"summary_large_image\" \/>\n<meta name=\"twitter:label1\" content=\"Est. reading time\" \/>\n\t<meta name=\"twitter:data1\" content=\"1 minute\" \/>\n<script type=\"application\/ld+json\" class=\"yoast-schema-graph\">{\"@context\":\"https:\/\/schema.org\",\"@graph\":[{\"@type\":\"WebPage\",\"@id\":\"https:\/\/milniky2023.flaw.uniba.sk\/sekcia-financneho-prava\/\",\"url\":\"https:\/\/milniky2023.flaw.uniba.sk\/sekcia-financneho-prava\/\",\"name\":\"Sekcia finan\u010dn\u00e9ho pr\u00e1va - Milniky\",\"isPartOf\":{\"@id\":\"https:\/\/milniky2023.flaw.uniba.sk\/#website\"},\"datePublished\":\"2021-05-17T11:46:58+00:00\",\"dateModified\":\"2024-05-31T09:16:50+00:00\",\"breadcrumb\":{\"@id\":\"https:\/\/milniky2023.flaw.uniba.sk\/sekcia-financneho-prava\/#breadcrumb\"},\"inLanguage\":\"en-US\",\"potentialAction\":[{\"@type\":\"ReadAction\",\"target\":[\"https:\/\/milniky2023.flaw.uniba.sk\/sekcia-financneho-prava\/\"]}]},{\"@type\":\"BreadcrumbList\",\"@id\":\"https:\/\/milniky2023.flaw.uniba.sk\/sekcia-financneho-prava\/#breadcrumb\",\"itemListElement\":[{\"@type\":\"ListItem\",\"position\":1,\"name\":\"Home\",\"item\":\"https:\/\/milniky2023.flaw.uniba.sk\/\"},{\"@type\":\"ListItem\",\"position\":2,\"name\":\"Sekcia finan\u010dn\u00e9ho pr\u00e1va\"}]},{\"@type\":\"WebSite\",\"@id\":\"https:\/\/milniky2023.flaw.uniba.sk\/#website\",\"url\":\"https:\/\/milniky2023.flaw.uniba.sk\/\",\"name\":\"Milniky\",\"description\":\"\",\"publisher\":{\"@id\":\"https:\/\/milniky2023.flaw.uniba.sk\/#organization\"},\"potentialAction\":[{\"@type\":\"SearchAction\",\"target\":{\"@type\":\"EntryPoint\",\"urlTemplate\":\"https:\/\/milniky2023.flaw.uniba.sk\/?s={search_term_string}\"},\"query-input\":{\"@type\":\"PropertyValueSpecification\",\"valueRequired\":true,\"valueName\":\"search_term_string\"}}],\"inLanguage\":\"en-US\"},{\"@type\":\"Organization\",\"@id\":\"https:\/\/milniky2023.flaw.uniba.sk\/#organization\",\"name\":\"Milniky\",\"url\":\"https:\/\/milniky2023.flaw.uniba.sk\/\",\"logo\":{\"@type\":\"ImageObject\",\"inLanguage\":\"en-US\",\"@id\":\"https:\/\/milniky2023.flaw.uniba.sk\/#\/schema\/logo\/image\/\",\"url\":\"https:\/\/milniky2023.flaw.uniba.sk\/wp-content\/uploads\/2024\/05\/sk-milniky-bc.png\",\"contentUrl\":\"https:\/\/milniky2023.flaw.uniba.sk\/wp-content\/uploads\/2024\/05\/sk-milniky-bc.png\",\"width\":3219,\"height\":845,\"caption\":\"Milniky\"},\"image\":{\"@id\":\"https:\/\/milniky2023.flaw.uniba.sk\/#\/schema\/logo\/image\/\"}}]}<\/script>\n<!-- \/ Yoast SEO plugin. -->","yoast_head_json":{"title":"Sekcia finan\u010dn\u00e9ho pr\u00e1va - Milniky","robots":{"index":"noindex","follow":"follow","max-snippet":"max-snippet:-1","max-image-preview":"max-image-preview:large","max-video-preview":"max-video-preview:-1"},"og_locale":"en_US","og_type":"article","og_title":"Sekcia finan\u010dn\u00e9ho pr\u00e1va - Milniky","og_description":"Potenci\u00e1lne t\u00e9my pre v\u00fdskum v oblasti Finan\u010dn\u00e9ho pr\u00e1va Pre etapy doktorandsk\u00e9ho a ran\u00e9ho post-doktorandsk\u00e9ho \u0161t\u00fadia je typick\u00e9, \u017ee v\u00fdskumn\u00edk e\u0161te len sk\u00fama existuj\u00faci priestor pre svoju vedeck\u00fa aktivitu. Cie\u013eom sekcie je umo\u017eni\u0165 vystupuj\u00facim, aby predstavili t\u00e9my v\u00fdskumu, ktor\u00fdm sa aktu\u00e1lne venuj\u00fa, pr\u00edpadne ktor\u00fdm sa chc\u00fa venova\u0165 v najbli\u017e\u0161ej bud\u00facnosti a z\u00edskali sp\u00e4tn\u00fa v\u00e4zbu k zva\u017eovan\u00fdm [&hellip;]","og_url":"https:\/\/milniky2023.flaw.uniba.sk\/en\/sekcia-financneho-prava\/","og_site_name":"Milniky","article_modified_time":"2024-05-31T09:16:50+00:00","twitter_card":"summary_large_image","twitter_misc":{"Est. reading time":"1 minute"},"schema":{"@context":"https:\/\/schema.org","@graph":[{"@type":"WebPage","@id":"https:\/\/milniky2023.flaw.uniba.sk\/sekcia-financneho-prava\/","url":"https:\/\/milniky2023.flaw.uniba.sk\/sekcia-financneho-prava\/","name":"Sekcia finan\u010dn\u00e9ho pr\u00e1va - Milniky","isPartOf":{"@id":"https:\/\/milniky2023.flaw.uniba.sk\/#website"},"datePublished":"2021-05-17T11:46:58+00:00","dateModified":"2024-05-31T09:16:50+00:00","breadcrumb":{"@id":"https:\/\/milniky2023.flaw.uniba.sk\/sekcia-financneho-prava\/#breadcrumb"},"inLanguage":"en-US","potentialAction":[{"@type":"ReadAction","target":["https:\/\/milniky2023.flaw.uniba.sk\/sekcia-financneho-prava\/"]}]},{"@type":"BreadcrumbList","@id":"https:\/\/milniky2023.flaw.uniba.sk\/sekcia-financneho-prava\/#breadcrumb","itemListElement":[{"@type":"ListItem","position":1,"name":"Home","item":"https:\/\/milniky2023.flaw.uniba.sk\/"},{"@type":"ListItem","position":2,"name":"Sekcia finan\u010dn\u00e9ho pr\u00e1va"}]},{"@type":"WebSite","@id":"https:\/\/milniky2023.flaw.uniba.sk\/#website","url":"https:\/\/milniky2023.flaw.uniba.sk\/","name":"Milestones","description":"","publisher":{"@id":"https:\/\/milniky2023.flaw.uniba.sk\/#organization"},"potentialAction":[{"@type":"SearchAction","target":{"@type":"EntryPoint","urlTemplate":"https:\/\/milniky2023.flaw.uniba.sk\/?s={search_term_string}"},"query-input":{"@type":"PropertyValueSpecification","valueRequired":true,"valueName":"search_term_string"}}],"inLanguage":"en-US"},{"@type":"Organization","@id":"https:\/\/milniky2023.flaw.uniba.sk\/#organization","name":"Milestones","url":"https:\/\/milniky2023.flaw.uniba.sk\/","logo":{"@type":"ImageObject","inLanguage":"en-US","@id":"https:\/\/milniky2023.flaw.uniba.sk\/#\/schema\/logo\/image\/","url":"https:\/\/milniky2023.flaw.uniba.sk\/wp-content\/uploads\/2024\/05\/sk-milniky-bc.png","contentUrl":"https:\/\/milniky2023.flaw.uniba.sk\/wp-content\/uploads\/2024\/05\/sk-milniky-bc.png","width":3219,"height":845,"caption":"Milniky"},"image":{"@id":"https:\/\/milniky2023.flaw.uniba.sk\/#\/schema\/logo\/image\/"}}]}},"_links":{"self":[{"href":"https:\/\/milniky2023.flaw.uniba.sk\/en\/wp-json\/wp\/v2\/pages\/136","targetHints":{"allow":["GET"]}}],"collection":[{"href":"https:\/\/milniky2023.flaw.uniba.sk\/en\/wp-json\/wp\/v2\/pages"}],"about":[{"href":"https:\/\/milniky2023.flaw.uniba.sk\/en\/wp-json\/wp\/v2\/types\/page"}],"author":[{"embeddable":true,"href":"https:\/\/milniky2023.flaw.uniba.sk\/en\/wp-json\/wp\/v2\/users\/2"}],"replies":[{"embeddable":true,"href":"https:\/\/milniky2023.flaw.uniba.sk\/en\/wp-json\/wp\/v2\/comments?post=136"}],"version-history":[{"count":7,"href":"https:\/\/milniky2023.flaw.uniba.sk\/en\/wp-json\/wp\/v2\/pages\/136\/revisions"}],"predecessor-version":[{"id":804,"href":"https:\/\/milniky2023.flaw.uniba.sk\/en\/wp-json\/wp\/v2\/pages\/136\/revisions\/804"}],"wp:attachment":[{"href":"https:\/\/milniky2023.flaw.uniba.sk\/en\/wp-json\/wp\/v2\/media?parent=136"}],"curies":[{"name":"wp","href":"https:\/\/api.w.org\/{rel}","templated":true}]}}