{"id":138,"date":"2021-05-17T13:47:43","date_gmt":"2021-05-17T11:47:43","guid":{"rendered":"https:\/\/milniky.flaw.uniba.sk\/?page_id=138"},"modified":"2024-05-31T13:35:12","modified_gmt":"2024-05-31T11:35:12","slug":"sekcia-obchodneho-hospodarskeho-financneho-prava","status":"publish","type":"page","link":"https:\/\/milniky2023.flaw.uniba.sk\/en\/sekcia-obchodneho-hospodarskeho-financneho-prava\/","title":{"rendered":"Commercial Law and Economic Law Section"},"content":{"rendered":"<h2 class=\"wp-block-heading alignfull has-text-align-center\">A Contemporary View of the Advantages\nand Disadvantages of Different Legal Forms\nof Companies<\/h2>\n\n\n\n<div class=\"wp-block-buttons is-content-justification-center is-layout-flex wp-container-core-buttons-is-layout-16018d1d wp-block-buttons-is-layout-flex\"><\/div>\n\n\n\n<p class=\"has-drop-cap has-primary-color has-text-color\">The aim of the section on commercial law is to \u201cupdate the perspective\u201d on the advantages and disadvantages of the different legal forms of companies, since the decision-making of founders is no longer primarily based on the \u201ctraditional\u201d arguments about the favourable amount of the share capital or the extent of the liability of the shareholders in a limited liability company. Conference participants will have a wide space to identify and emphasize any aspects of legislation in other forms of companies that they consider to be  legally or economically friendly and thus ,\u201dattractive\u201d for founders, while an interdisciplinary perspective is also welcome (e.g. the issue of tax optimization when deciding between a partnership and a limited liability company). The creation of a more \u201ccontemporary perspective\u201d on company law is (inter alia) also interesting for the reason that, although e.g. the number of newly created simple joint-stock companies has not met the expectations of the legislator, in the seventh year of the legislation in question it is already an adapted legal form and a number of provisions have proved to be better reflecting the requirements of the emerging generation of entrepreneurs (e.g. the more flexible \u201cset-up\u201d of the members of the statutory body of a simple joint-stock company outside the company, which would not be possible in some other legal forms due to the violation of the anti-competition law). Despite the fact that the communication will probably focus on companies, the participants of the conference may also deal with cooperatives (inter alia) in their presentations, reflecting the fact that some of the most important business entities in the Slovak Republic take this legal form.<\/p>\n\n\n\n<p><strong>Guarantors of the section: <\/strong><\/p>\n\n\n\n<p>prof. JUDr. Mojm\u00edr Mamojka, PhD.<\/p>\n\n\n\n<p>doc. JUDr. Peter Luk\u00e1\u010dka, PhD.<\/p>\n\n\n\n<p><\/p>","protected":false},"excerpt":{"rendered":"<p>S\u00fa\u010dasn\u00fd poh\u013ead na v\u00fdhody a nev\u00fdhody jednotliv\u00fdch pr\u00e1vnych foriem obchodn\u00fdch spolo\u010dnost\u00ed Cie\u013eom sekcie venovanej obchodn\u00e9mu pr\u00e1vu je ,,aktualizova\u0165 poh\u013ead\u201c na v\u00fdhody a nev\u00fdhody jednotliv\u00fdch pr\u00e1vnych foriem obchodn\u00fdch spolo\u010dnost\u00ed, preto\u017ee rozhodovanie zakladate\u013eov sa u\u017e d\u00e1vno prim\u00e1rne neodv\u00edja od ,,tradi\u010dn\u00fdch\u201c argumentov o priaznivej v\u00fd\u0161ke z\u00e1kladn\u00e9ho imania alebo rozsahu ru\u010denia spolo\u010dn\u00edkov v spolo\u010dnosti s ru\u010den\u00edm obmedzen\u00fdm. \u00da\u010dastn\u00edci konferencie [&hellip;]<\/p>\n","protected":false},"author":2,"featured_media":0,"parent":0,"menu_order":0,"comment_status":"closed","ping_status":"closed","template":"","meta":{"footnotes":""},"class_list":["post-138","page","type-page","status-publish","hentry"],"yoast_head":"<!-- This site is optimized with the Yoast SEO plugin v27.2 - https:\/\/yoast.com\/product\/yoast-seo-wordpress\/ -->\n<title>Sekcia obchodn\u00e9ho pr\u00e1va a hospod\u00e1rskeho pr\u00e1va - Milniky<\/title>\n<meta name=\"robots\" content=\"noindex, follow, max-snippet:-1, max-image-preview:large, max-video-preview:-1\" \/>\n<meta property=\"og:locale\" content=\"en_US\" \/>\n<meta property=\"og:type\" content=\"article\" \/>\n<meta property=\"og:title\" content=\"Sekcia obchodn\u00e9ho pr\u00e1va a hospod\u00e1rskeho pr\u00e1va - Milniky\" \/>\n<meta property=\"og:description\" content=\"S\u00fa\u010dasn\u00fd poh\u013ead na v\u00fdhody a nev\u00fdhody jednotliv\u00fdch pr\u00e1vnych foriem obchodn\u00fdch spolo\u010dnost\u00ed Cie\u013eom sekcie venovanej obchodn\u00e9mu pr\u00e1vu je ,,aktualizova\u0165 poh\u013ead\u201c na v\u00fdhody a nev\u00fdhody jednotliv\u00fdch pr\u00e1vnych foriem obchodn\u00fdch spolo\u010dnost\u00ed, preto\u017ee rozhodovanie zakladate\u013eov sa u\u017e d\u00e1vno prim\u00e1rne neodv\u00edja od ,,tradi\u010dn\u00fdch\u201c argumentov o priaznivej v\u00fd\u0161ke z\u00e1kladn\u00e9ho imania alebo rozsahu ru\u010denia spolo\u010dn\u00edkov v spolo\u010dnosti s ru\u010den\u00edm obmedzen\u00fdm. \u00da\u010dastn\u00edci konferencie [&hellip;]\" \/>\n<meta property=\"og:url\" content=\"https:\/\/milniky2023.flaw.uniba.sk\/en\/sekcia-obchodneho-hospodarskeho-financneho-prava\/\" \/>\n<meta property=\"og:site_name\" content=\"Milniky\" \/>\n<meta property=\"article:modified_time\" content=\"2024-05-31T11:35:12+00:00\" \/>\n<meta name=\"twitter:card\" content=\"summary_large_image\" \/>\n<meta name=\"twitter:label1\" content=\"Est. reading time\" \/>\n\t<meta name=\"twitter:data1\" content=\"2 minutes\" \/>\n<script type=\"application\/ld+json\" class=\"yoast-schema-graph\">{\"@context\":\"https:\/\/schema.org\",\"@graph\":[{\"@type\":\"WebPage\",\"@id\":\"https:\/\/milniky2023.flaw.uniba.sk\/sekcia-obchodneho-hospodarskeho-financneho-prava\/\",\"url\":\"https:\/\/milniky2023.flaw.uniba.sk\/sekcia-obchodneho-hospodarskeho-financneho-prava\/\",\"name\":\"Sekcia obchodn\u00e9ho pr\u00e1va a hospod\u00e1rskeho pr\u00e1va - Milniky\",\"isPartOf\":{\"@id\":\"https:\/\/milniky2023.flaw.uniba.sk\/#website\"},\"datePublished\":\"2021-05-17T11:47:43+00:00\",\"dateModified\":\"2024-05-31T11:35:12+00:00\",\"breadcrumb\":{\"@id\":\"https:\/\/milniky2023.flaw.uniba.sk\/sekcia-obchodneho-hospodarskeho-financneho-prava\/#breadcrumb\"},\"inLanguage\":\"en-US\",\"potentialAction\":[{\"@type\":\"ReadAction\",\"target\":[\"https:\/\/milniky2023.flaw.uniba.sk\/sekcia-obchodneho-hospodarskeho-financneho-prava\/\"]}]},{\"@type\":\"BreadcrumbList\",\"@id\":\"https:\/\/milniky2023.flaw.uniba.sk\/sekcia-obchodneho-hospodarskeho-financneho-prava\/#breadcrumb\",\"itemListElement\":[{\"@type\":\"ListItem\",\"position\":1,\"name\":\"Home\",\"item\":\"https:\/\/milniky2023.flaw.uniba.sk\/\"},{\"@type\":\"ListItem\",\"position\":2,\"name\":\"Sekcia obchodn\u00e9ho pr\u00e1va a hospod\u00e1rskeho pr\u00e1va\"}]},{\"@type\":\"WebSite\",\"@id\":\"https:\/\/milniky2023.flaw.uniba.sk\/#website\",\"url\":\"https:\/\/milniky2023.flaw.uniba.sk\/\",\"name\":\"Milniky\",\"description\":\"\",\"publisher\":{\"@id\":\"https:\/\/milniky2023.flaw.uniba.sk\/#organization\"},\"potentialAction\":[{\"@type\":\"SearchAction\",\"target\":{\"@type\":\"EntryPoint\",\"urlTemplate\":\"https:\/\/milniky2023.flaw.uniba.sk\/?s={search_term_string}\"},\"query-input\":{\"@type\":\"PropertyValueSpecification\",\"valueRequired\":true,\"valueName\":\"search_term_string\"}}],\"inLanguage\":\"en-US\"},{\"@type\":\"Organization\",\"@id\":\"https:\/\/milniky2023.flaw.uniba.sk\/#organization\",\"name\":\"Milniky\",\"url\":\"https:\/\/milniky2023.flaw.uniba.sk\/\",\"logo\":{\"@type\":\"ImageObject\",\"inLanguage\":\"en-US\",\"@id\":\"https:\/\/milniky2023.flaw.uniba.sk\/#\/schema\/logo\/image\/\",\"url\":\"https:\/\/milniky2023.flaw.uniba.sk\/wp-content\/uploads\/2024\/05\/sk-milniky-bc.png\",\"contentUrl\":\"https:\/\/milniky2023.flaw.uniba.sk\/wp-content\/uploads\/2024\/05\/sk-milniky-bc.png\",\"width\":3219,\"height\":845,\"caption\":\"Milniky\"},\"image\":{\"@id\":\"https:\/\/milniky2023.flaw.uniba.sk\/#\/schema\/logo\/image\/\"}}]}<\/script>\n<!-- \/ Yoast SEO plugin. -->","yoast_head_json":{"title":"Sekcia obchodn\u00e9ho pr\u00e1va a hospod\u00e1rskeho pr\u00e1va - Milniky","robots":{"index":"noindex","follow":"follow","max-snippet":"max-snippet:-1","max-image-preview":"max-image-preview:large","max-video-preview":"max-video-preview:-1"},"og_locale":"en_US","og_type":"article","og_title":"Sekcia obchodn\u00e9ho pr\u00e1va a hospod\u00e1rskeho pr\u00e1va - Milniky","og_description":"S\u00fa\u010dasn\u00fd poh\u013ead na v\u00fdhody a nev\u00fdhody jednotliv\u00fdch pr\u00e1vnych foriem obchodn\u00fdch spolo\u010dnost\u00ed Cie\u013eom sekcie venovanej obchodn\u00e9mu pr\u00e1vu je ,,aktualizova\u0165 poh\u013ead\u201c na v\u00fdhody a nev\u00fdhody jednotliv\u00fdch pr\u00e1vnych foriem obchodn\u00fdch spolo\u010dnost\u00ed, preto\u017ee rozhodovanie zakladate\u013eov sa u\u017e d\u00e1vno prim\u00e1rne neodv\u00edja od ,,tradi\u010dn\u00fdch\u201c argumentov o priaznivej v\u00fd\u0161ke z\u00e1kladn\u00e9ho imania alebo rozsahu ru\u010denia spolo\u010dn\u00edkov v spolo\u010dnosti s ru\u010den\u00edm obmedzen\u00fdm. \u00da\u010dastn\u00edci konferencie [&hellip;]","og_url":"https:\/\/milniky2023.flaw.uniba.sk\/en\/sekcia-obchodneho-hospodarskeho-financneho-prava\/","og_site_name":"Milniky","article_modified_time":"2024-05-31T11:35:12+00:00","twitter_card":"summary_large_image","twitter_misc":{"Est. reading time":"2 minutes"},"schema":{"@context":"https:\/\/schema.org","@graph":[{"@type":"WebPage","@id":"https:\/\/milniky2023.flaw.uniba.sk\/sekcia-obchodneho-hospodarskeho-financneho-prava\/","url":"https:\/\/milniky2023.flaw.uniba.sk\/sekcia-obchodneho-hospodarskeho-financneho-prava\/","name":"Sekcia obchodn\u00e9ho pr\u00e1va a hospod\u00e1rskeho pr\u00e1va - Milniky","isPartOf":{"@id":"https:\/\/milniky2023.flaw.uniba.sk\/#website"},"datePublished":"2021-05-17T11:47:43+00:00","dateModified":"2024-05-31T11:35:12+00:00","breadcrumb":{"@id":"https:\/\/milniky2023.flaw.uniba.sk\/sekcia-obchodneho-hospodarskeho-financneho-prava\/#breadcrumb"},"inLanguage":"en-US","potentialAction":[{"@type":"ReadAction","target":["https:\/\/milniky2023.flaw.uniba.sk\/sekcia-obchodneho-hospodarskeho-financneho-prava\/"]}]},{"@type":"BreadcrumbList","@id":"https:\/\/milniky2023.flaw.uniba.sk\/sekcia-obchodneho-hospodarskeho-financneho-prava\/#breadcrumb","itemListElement":[{"@type":"ListItem","position":1,"name":"Home","item":"https:\/\/milniky2023.flaw.uniba.sk\/"},{"@type":"ListItem","position":2,"name":"Sekcia obchodn\u00e9ho pr\u00e1va a hospod\u00e1rskeho pr\u00e1va"}]},{"@type":"WebSite","@id":"https:\/\/milniky2023.flaw.uniba.sk\/#website","url":"https:\/\/milniky2023.flaw.uniba.sk\/","name":"Milestones","description":"","publisher":{"@id":"https:\/\/milniky2023.flaw.uniba.sk\/#organization"},"potentialAction":[{"@type":"SearchAction","target":{"@type":"EntryPoint","urlTemplate":"https:\/\/milniky2023.flaw.uniba.sk\/?s={search_term_string}"},"query-input":{"@type":"PropertyValueSpecification","valueRequired":true,"valueName":"search_term_string"}}],"inLanguage":"en-US"},{"@type":"Organization","@id":"https:\/\/milniky2023.flaw.uniba.sk\/#organization","name":"Milestones","url":"https:\/\/milniky2023.flaw.uniba.sk\/","logo":{"@type":"ImageObject","inLanguage":"en-US","@id":"https:\/\/milniky2023.flaw.uniba.sk\/#\/schema\/logo\/image\/","url":"https:\/\/milniky2023.flaw.uniba.sk\/wp-content\/uploads\/2024\/05\/sk-milniky-bc.png","contentUrl":"https:\/\/milniky2023.flaw.uniba.sk\/wp-content\/uploads\/2024\/05\/sk-milniky-bc.png","width":3219,"height":845,"caption":"Milniky"},"image":{"@id":"https:\/\/milniky2023.flaw.uniba.sk\/#\/schema\/logo\/image\/"}}]}},"_links":{"self":[{"href":"https:\/\/milniky2023.flaw.uniba.sk\/en\/wp-json\/wp\/v2\/pages\/138","targetHints":{"allow":["GET"]}}],"collection":[{"href":"https:\/\/milniky2023.flaw.uniba.sk\/en\/wp-json\/wp\/v2\/pages"}],"about":[{"href":"https:\/\/milniky2023.flaw.uniba.sk\/en\/wp-json\/wp\/v2\/types\/page"}],"author":[{"embeddable":true,"href":"https:\/\/milniky2023.flaw.uniba.sk\/en\/wp-json\/wp\/v2\/users\/2"}],"replies":[{"embeddable":true,"href":"https:\/\/milniky2023.flaw.uniba.sk\/en\/wp-json\/wp\/v2\/comments?post=138"}],"version-history":[{"count":12,"href":"https:\/\/milniky2023.flaw.uniba.sk\/en\/wp-json\/wp\/v2\/pages\/138\/revisions"}],"predecessor-version":[{"id":814,"href":"https:\/\/milniky2023.flaw.uniba.sk\/en\/wp-json\/wp\/v2\/pages\/138\/revisions\/814"}],"wp:attachment":[{"href":"https:\/\/milniky2023.flaw.uniba.sk\/en\/wp-json\/wp\/v2\/media?parent=138"}],"curies":[{"name":"wp","href":"https:\/\/api.w.org\/{rel}","templated":true}]}}