{"id":142,"date":"2021-05-17T13:49:07","date_gmt":"2021-05-17T11:49:07","guid":{"rendered":"https:\/\/milniky.flaw.uniba.sk\/?page_id=142"},"modified":"2024-05-31T11:00:40","modified_gmt":"2024-05-31T09:00:40","slug":"sekcia-obcianskeho-prava","status":"publish","type":"page","link":"https:\/\/milniky2023.flaw.uniba.sk\/en\/sekcia-obcianskeho-prava\/","title":{"rendered":"Civil Law Section"},"content":{"rendered":"<h2 class=\"wp-block-heading alignfull has-text-align-center\">Challenges of Civil Law in the 21st Century<\/h2>\n\n\n\n<div class=\"wp-block-buttons is-content-justification-center is-layout-flex wp-container-core-buttons-is-layout-16018d1d wp-block-buttons-is-layout-flex\"><\/div>\n\n\n\n<p>\"The life of the law a struggle\" - said the founder of the German Jurisprudence of Interests, Rudolf von Ihering, and his quote is still timeless. Whether we want it or not, the development of global events inevitably translates into private law relations as well. Only in recent years, under the influence of a gradual electronicization or digitization, the trend of cohabitation of same-sex couples, covid-19 or even the conflict in Ukraine, the European and national legislators are forced to react to the changes in the society and the world. The new legal regulations are gradually being adopted or about to be adopted (not only) at the level of private law (either a substantive or a procedural one) and they often reflect a current problem, trend or phenomenon of the time.<br>The goal of the civil law section is to enrich the participants of the conference and the subsequent readers of the conference proceedings with observations reflecting the (un)outlined current issues, which often consist in the de lege ferenda proposals.<\/p>\n\n\n\n<p><strong>Guarantors of the section:<\/strong><\/p>\n\n\n\n<p>doc. JUDr. Martin Kri\u017ean, PhD.<\/p>\n\n\n\n<p>Mgr. Marek Ivan\u010do, PhD.<br>JUDr. Ing. Karin Rakov\u00e1, PhD., MBA<\/p>\n\n\n\n<p><\/p>\n\n\n\n<p><\/p>","protected":false},"excerpt":{"rendered":"<p>V\u00fdzvy civiln\u00e9ho pr\u00e1va v 21. storo\u010d\u00ed \u201e\u017divotom pr\u00e1va je boj\u201c \u2013 riekol nestor nemeckej z\u00e1ujmovej jurisprudencie, Rudolf von Ihering, pri\u010dom jeho cit\u00e1t je dodnes nad\u010dasov\u00fd. \u010ci chceme alebo nie, v\u00fdvoj glob\u00e1lneho diania sa nevyhnutne pretavuje aj do s\u00fakromnopr\u00e1vnych vz\u0165ahov. Len za posledn\u00e9 roky je pod vplyvom postupnej elektroniz\u00e1cie \u010di digitaliz\u00e1cie, trendu spolu\u017eitia p\u00e1rov rovnak\u00e9ho pohlavia, [&hellip;]<\/p>\n","protected":false},"author":2,"featured_media":0,"parent":0,"menu_order":0,"comment_status":"closed","ping_status":"closed","template":"","meta":{"footnotes":""},"class_list":["post-142","page","type-page","status-publish","hentry"],"yoast_head":"<!-- This site is optimized with the Yoast SEO plugin v27.2 - https:\/\/yoast.com\/product\/yoast-seo-wordpress\/ -->\n<title>Sekcia ob\u010dianskeho pr\u00e1va - Milniky<\/title>\n<meta name=\"robots\" content=\"noindex, follow, max-snippet:-1, max-image-preview:large, max-video-preview:-1\" \/>\n<meta property=\"og:locale\" content=\"en_US\" \/>\n<meta property=\"og:type\" content=\"article\" \/>\n<meta property=\"og:title\" content=\"Sekcia ob\u010dianskeho pr\u00e1va - Milniky\" \/>\n<meta property=\"og:description\" content=\"V\u00fdzvy civiln\u00e9ho pr\u00e1va v 21. storo\u010d\u00ed \u201e\u017divotom pr\u00e1va je boj\u201c \u2013 riekol nestor nemeckej z\u00e1ujmovej jurisprudencie, Rudolf von Ihering, pri\u010dom jeho cit\u00e1t je dodnes nad\u010dasov\u00fd. \u010ci chceme alebo nie, v\u00fdvoj glob\u00e1lneho diania sa nevyhnutne pretavuje aj do s\u00fakromnopr\u00e1vnych vz\u0165ahov. Len za posledn\u00e9 roky je pod vplyvom postupnej elektroniz\u00e1cie \u010di digitaliz\u00e1cie, trendu spolu\u017eitia p\u00e1rov rovnak\u00e9ho pohlavia, [&hellip;]\" \/>\n<meta property=\"og:url\" content=\"https:\/\/milniky2023.flaw.uniba.sk\/en\/sekcia-obcianskeho-prava\/\" \/>\n<meta property=\"og:site_name\" content=\"Milniky\" \/>\n<meta property=\"article:modified_time\" content=\"2024-05-31T09:00:40+00:00\" \/>\n<meta name=\"twitter:card\" content=\"summary_large_image\" \/>\n<meta name=\"twitter:label1\" content=\"Est. reading time\" \/>\n\t<meta name=\"twitter:data1\" content=\"1 minute\" \/>\n<script type=\"application\/ld+json\" class=\"yoast-schema-graph\">{\"@context\":\"https:\/\/schema.org\",\"@graph\":[{\"@type\":\"WebPage\",\"@id\":\"https:\/\/milniky2023.flaw.uniba.sk\/sekcia-obcianskeho-prava\/\",\"url\":\"https:\/\/milniky2023.flaw.uniba.sk\/sekcia-obcianskeho-prava\/\",\"name\":\"Sekcia ob\u010dianskeho pr\u00e1va - Milniky\",\"isPartOf\":{\"@id\":\"https:\/\/milniky2023.flaw.uniba.sk\/#website\"},\"datePublished\":\"2021-05-17T11:49:07+00:00\",\"dateModified\":\"2024-05-31T09:00:40+00:00\",\"breadcrumb\":{\"@id\":\"https:\/\/milniky2023.flaw.uniba.sk\/sekcia-obcianskeho-prava\/#breadcrumb\"},\"inLanguage\":\"en-US\",\"potentialAction\":[{\"@type\":\"ReadAction\",\"target\":[\"https:\/\/milniky2023.flaw.uniba.sk\/sekcia-obcianskeho-prava\/\"]}]},{\"@type\":\"BreadcrumbList\",\"@id\":\"https:\/\/milniky2023.flaw.uniba.sk\/sekcia-obcianskeho-prava\/#breadcrumb\",\"itemListElement\":[{\"@type\":\"ListItem\",\"position\":1,\"name\":\"Home\",\"item\":\"https:\/\/milniky2023.flaw.uniba.sk\/\"},{\"@type\":\"ListItem\",\"position\":2,\"name\":\"Sekcia ob\u010dianskeho pr\u00e1va\"}]},{\"@type\":\"WebSite\",\"@id\":\"https:\/\/milniky2023.flaw.uniba.sk\/#website\",\"url\":\"https:\/\/milniky2023.flaw.uniba.sk\/\",\"name\":\"Milniky\",\"description\":\"\",\"publisher\":{\"@id\":\"https:\/\/milniky2023.flaw.uniba.sk\/#organization\"},\"potentialAction\":[{\"@type\":\"SearchAction\",\"target\":{\"@type\":\"EntryPoint\",\"urlTemplate\":\"https:\/\/milniky2023.flaw.uniba.sk\/?s={search_term_string}\"},\"query-input\":{\"@type\":\"PropertyValueSpecification\",\"valueRequired\":true,\"valueName\":\"search_term_string\"}}],\"inLanguage\":\"en-US\"},{\"@type\":\"Organization\",\"@id\":\"https:\/\/milniky2023.flaw.uniba.sk\/#organization\",\"name\":\"Milniky\",\"url\":\"https:\/\/milniky2023.flaw.uniba.sk\/\",\"logo\":{\"@type\":\"ImageObject\",\"inLanguage\":\"en-US\",\"@id\":\"https:\/\/milniky2023.flaw.uniba.sk\/#\/schema\/logo\/image\/\",\"url\":\"https:\/\/milniky2023.flaw.uniba.sk\/wp-content\/uploads\/2024\/05\/sk-milniky-bc.png\",\"contentUrl\":\"https:\/\/milniky2023.flaw.uniba.sk\/wp-content\/uploads\/2024\/05\/sk-milniky-bc.png\",\"width\":3219,\"height\":845,\"caption\":\"Milniky\"},\"image\":{\"@id\":\"https:\/\/milniky2023.flaw.uniba.sk\/#\/schema\/logo\/image\/\"}}]}<\/script>\n<!-- \/ Yoast SEO plugin. -->","yoast_head_json":{"title":"Sekcia ob\u010dianskeho pr\u00e1va - Milniky","robots":{"index":"noindex","follow":"follow","max-snippet":"max-snippet:-1","max-image-preview":"max-image-preview:large","max-video-preview":"max-video-preview:-1"},"og_locale":"en_US","og_type":"article","og_title":"Sekcia ob\u010dianskeho pr\u00e1va - Milniky","og_description":"V\u00fdzvy civiln\u00e9ho pr\u00e1va v 21. storo\u010d\u00ed \u201e\u017divotom pr\u00e1va je boj\u201c \u2013 riekol nestor nemeckej z\u00e1ujmovej jurisprudencie, Rudolf von Ihering, pri\u010dom jeho cit\u00e1t je dodnes nad\u010dasov\u00fd. \u010ci chceme alebo nie, v\u00fdvoj glob\u00e1lneho diania sa nevyhnutne pretavuje aj do s\u00fakromnopr\u00e1vnych vz\u0165ahov. Len za posledn\u00e9 roky je pod vplyvom postupnej elektroniz\u00e1cie \u010di digitaliz\u00e1cie, trendu spolu\u017eitia p\u00e1rov rovnak\u00e9ho pohlavia, [&hellip;]","og_url":"https:\/\/milniky2023.flaw.uniba.sk\/en\/sekcia-obcianskeho-prava\/","og_site_name":"Milniky","article_modified_time":"2024-05-31T09:00:40+00:00","twitter_card":"summary_large_image","twitter_misc":{"Est. reading time":"1 minute"},"schema":{"@context":"https:\/\/schema.org","@graph":[{"@type":"WebPage","@id":"https:\/\/milniky2023.flaw.uniba.sk\/sekcia-obcianskeho-prava\/","url":"https:\/\/milniky2023.flaw.uniba.sk\/sekcia-obcianskeho-prava\/","name":"Sekcia ob\u010dianskeho pr\u00e1va - Milniky","isPartOf":{"@id":"https:\/\/milniky2023.flaw.uniba.sk\/#website"},"datePublished":"2021-05-17T11:49:07+00:00","dateModified":"2024-05-31T09:00:40+00:00","breadcrumb":{"@id":"https:\/\/milniky2023.flaw.uniba.sk\/sekcia-obcianskeho-prava\/#breadcrumb"},"inLanguage":"en-US","potentialAction":[{"@type":"ReadAction","target":["https:\/\/milniky2023.flaw.uniba.sk\/sekcia-obcianskeho-prava\/"]}]},{"@type":"BreadcrumbList","@id":"https:\/\/milniky2023.flaw.uniba.sk\/sekcia-obcianskeho-prava\/#breadcrumb","itemListElement":[{"@type":"ListItem","position":1,"name":"Home","item":"https:\/\/milniky2023.flaw.uniba.sk\/"},{"@type":"ListItem","position":2,"name":"Sekcia ob\u010dianskeho pr\u00e1va"}]},{"@type":"WebSite","@id":"https:\/\/milniky2023.flaw.uniba.sk\/#website","url":"https:\/\/milniky2023.flaw.uniba.sk\/","name":"Milestones","description":"","publisher":{"@id":"https:\/\/milniky2023.flaw.uniba.sk\/#organization"},"potentialAction":[{"@type":"SearchAction","target":{"@type":"EntryPoint","urlTemplate":"https:\/\/milniky2023.flaw.uniba.sk\/?s={search_term_string}"},"query-input":{"@type":"PropertyValueSpecification","valueRequired":true,"valueName":"search_term_string"}}],"inLanguage":"en-US"},{"@type":"Organization","@id":"https:\/\/milniky2023.flaw.uniba.sk\/#organization","name":"Milestones","url":"https:\/\/milniky2023.flaw.uniba.sk\/","logo":{"@type":"ImageObject","inLanguage":"en-US","@id":"https:\/\/milniky2023.flaw.uniba.sk\/#\/schema\/logo\/image\/","url":"https:\/\/milniky2023.flaw.uniba.sk\/wp-content\/uploads\/2024\/05\/sk-milniky-bc.png","contentUrl":"https:\/\/milniky2023.flaw.uniba.sk\/wp-content\/uploads\/2024\/05\/sk-milniky-bc.png","width":3219,"height":845,"caption":"Milniky"},"image":{"@id":"https:\/\/milniky2023.flaw.uniba.sk\/#\/schema\/logo\/image\/"}}]}},"_links":{"self":[{"href":"https:\/\/milniky2023.flaw.uniba.sk\/en\/wp-json\/wp\/v2\/pages\/142","targetHints":{"allow":["GET"]}}],"collection":[{"href":"https:\/\/milniky2023.flaw.uniba.sk\/en\/wp-json\/wp\/v2\/pages"}],"about":[{"href":"https:\/\/milniky2023.flaw.uniba.sk\/en\/wp-json\/wp\/v2\/types\/page"}],"author":[{"embeddable":true,"href":"https:\/\/milniky2023.flaw.uniba.sk\/en\/wp-json\/wp\/v2\/users\/2"}],"replies":[{"embeddable":true,"href":"https:\/\/milniky2023.flaw.uniba.sk\/en\/wp-json\/wp\/v2\/comments?post=142"}],"version-history":[{"count":8,"href":"https:\/\/milniky2023.flaw.uniba.sk\/en\/wp-json\/wp\/v2\/pages\/142\/revisions"}],"predecessor-version":[{"id":795,"href":"https:\/\/milniky2023.flaw.uniba.sk\/en\/wp-json\/wp\/v2\/pages\/142\/revisions\/795"}],"wp:attachment":[{"href":"https:\/\/milniky2023.flaw.uniba.sk\/en\/wp-json\/wp\/v2\/media?parent=142"}],"curies":[{"name":"wp","href":"https:\/\/api.w.org\/{rel}","templated":true}]}}