{"id":144,"date":"2021-05-17T13:49:50","date_gmt":"2021-05-17T11:49:50","guid":{"rendered":"https:\/\/milniky.flaw.uniba.sk\/?page_id=144"},"modified":"2024-05-31T11:03:06","modified_gmt":"2024-05-31T09:03:06","slug":"sekcia-trestneho-prava","status":"publish","type":"page","link":"https:\/\/milniky2023.flaw.uniba.sk\/en\/sekcia-trestneho-prava\/","title":{"rendered":"Criminal Law, Criminology and Criminalistics Section"},"content":{"rendered":"<h2 class=\"wp-block-heading has-text-align-center\">Subsidiarity of Criminal Law in Theory\nand Application Practice<\/h2>\n\n\n\n<div class=\"wp-block-buttons is-content-justification-center is-layout-flex wp-container-core-buttons-is-layout-16018d1d wp-block-buttons-is-layout-flex\"><\/div>\n\n\n\n<p class=\"has-drop-cap has-primary-color has-text-color\">The section on criminal law will focus on the characteristics of criminal law as an ultima ratio in terms of punishing law perpetrators. The topic of the section will be examined from the point of view of both criminal law theory and the application practice of law application bodies (law enforcement authorities and courts). Individual institutes of substantive and procedural criminal law that are relevant from the point of view of subsidiarity of criminal law will be examined.<\/p>\n\n\n\n<p><strong>Guarantors of the section: <\/strong><\/p>\n\n\n\n<p>prof. JUDr. Jozef \u010cent\u00e9\u0161, PhD.<\/p>\n\n\n\n<p>prof. JUDr. Margita Prokeinov\u00e1, PhD.<\/p>\n\n\n\n<p><\/p>","protected":false},"excerpt":{"rendered":"<p>Subsidiarita trestn\u00e9ho pr\u00e1va v te\u00f3rii a aplika\u010dnej praxi V r\u00e1mci sekcie trestn\u00e9ho pr\u00e1va bude venovan\u00e1 pozornos\u0165 charakteristike trestn\u00e9ho pr\u00e1va ako ultima ratio z h\u013eadiska postihu poru\u0161ovate\u013eov pr\u00e1va. T\u00e9ma sekcie bude sk\u00faman\u00e1 z h\u013eadiska te\u00f3rie trestn\u00e9ho pr\u00e1va a aplika\u010dnej praxe org\u00e1nov aplik\u00e1cie pr\u00e1va (org\u00e1ny \u010dinn\u00e9 v trestnom konan\u00ed a s\u00fady). Bud\u00fa sk\u00faman\u00e9 jednotliv\u00e9 in\u0161tit\u00faty trestn\u00e9ho pr\u00e1va [&hellip;]<\/p>\n","protected":false},"author":2,"featured_media":0,"parent":0,"menu_order":0,"comment_status":"closed","ping_status":"closed","template":"","meta":{"footnotes":""},"class_list":["post-144","page","type-page","status-publish","hentry"],"yoast_head":"<!-- This site is optimized with the Yoast SEO plugin v27.2 - https:\/\/yoast.com\/product\/yoast-seo-wordpress\/ -->\n<title>Sekcia trestn\u00e9ho pr\u00e1va, kriminol\u00f3gie a kriminalistiky - Milniky<\/title>\n<meta name=\"robots\" content=\"noindex, follow, max-snippet:-1, max-image-preview:large, max-video-preview:-1\" \/>\n<meta property=\"og:locale\" content=\"en_US\" \/>\n<meta property=\"og:type\" content=\"article\" \/>\n<meta property=\"og:title\" content=\"Sekcia trestn\u00e9ho pr\u00e1va, kriminol\u00f3gie a kriminalistiky - Milniky\" \/>\n<meta property=\"og:description\" content=\"Subsidiarita trestn\u00e9ho pr\u00e1va v te\u00f3rii a aplika\u010dnej praxi V r\u00e1mci sekcie trestn\u00e9ho pr\u00e1va bude venovan\u00e1 pozornos\u0165 charakteristike trestn\u00e9ho pr\u00e1va ako ultima ratio z h\u013eadiska postihu poru\u0161ovate\u013eov pr\u00e1va. T\u00e9ma sekcie bude sk\u00faman\u00e1 z h\u013eadiska te\u00f3rie trestn\u00e9ho pr\u00e1va a aplika\u010dnej praxe org\u00e1nov aplik\u00e1cie pr\u00e1va (org\u00e1ny \u010dinn\u00e9 v trestnom konan\u00ed a s\u00fady). Bud\u00fa sk\u00faman\u00e9 jednotliv\u00e9 in\u0161tit\u00faty trestn\u00e9ho pr\u00e1va [&hellip;]\" \/>\n<meta property=\"og:url\" content=\"https:\/\/milniky2023.flaw.uniba.sk\/en\/sekcia-trestneho-prava\/\" \/>\n<meta property=\"og:site_name\" content=\"Milniky\" \/>\n<meta property=\"article:modified_time\" content=\"2024-05-31T09:03:06+00:00\" \/>\n<meta name=\"twitter:card\" content=\"summary_large_image\" \/>\n<meta name=\"twitter:label1\" content=\"Est. reading time\" \/>\n\t<meta name=\"twitter:data1\" content=\"1 minute\" \/>\n<script type=\"application\/ld+json\" class=\"yoast-schema-graph\">{\"@context\":\"https:\/\/schema.org\",\"@graph\":[{\"@type\":\"WebPage\",\"@id\":\"https:\/\/milniky2023.flaw.uniba.sk\/sekcia-trestneho-prava\/\",\"url\":\"https:\/\/milniky2023.flaw.uniba.sk\/sekcia-trestneho-prava\/\",\"name\":\"Sekcia trestn\u00e9ho pr\u00e1va, kriminol\u00f3gie a kriminalistiky - Milniky\",\"isPartOf\":{\"@id\":\"https:\/\/milniky2023.flaw.uniba.sk\/#website\"},\"datePublished\":\"2021-05-17T11:49:50+00:00\",\"dateModified\":\"2024-05-31T09:03:06+00:00\",\"breadcrumb\":{\"@id\":\"https:\/\/milniky2023.flaw.uniba.sk\/sekcia-trestneho-prava\/#breadcrumb\"},\"inLanguage\":\"en-US\",\"potentialAction\":[{\"@type\":\"ReadAction\",\"target\":[\"https:\/\/milniky2023.flaw.uniba.sk\/sekcia-trestneho-prava\/\"]}]},{\"@type\":\"BreadcrumbList\",\"@id\":\"https:\/\/milniky2023.flaw.uniba.sk\/sekcia-trestneho-prava\/#breadcrumb\",\"itemListElement\":[{\"@type\":\"ListItem\",\"position\":1,\"name\":\"Home\",\"item\":\"https:\/\/milniky2023.flaw.uniba.sk\/\"},{\"@type\":\"ListItem\",\"position\":2,\"name\":\"Sekcia trestn\u00e9ho pr\u00e1va, kriminol\u00f3gie a kriminalistiky\"}]},{\"@type\":\"WebSite\",\"@id\":\"https:\/\/milniky2023.flaw.uniba.sk\/#website\",\"url\":\"https:\/\/milniky2023.flaw.uniba.sk\/\",\"name\":\"Milniky\",\"description\":\"\",\"publisher\":{\"@id\":\"https:\/\/milniky2023.flaw.uniba.sk\/#organization\"},\"potentialAction\":[{\"@type\":\"SearchAction\",\"target\":{\"@type\":\"EntryPoint\",\"urlTemplate\":\"https:\/\/milniky2023.flaw.uniba.sk\/?s={search_term_string}\"},\"query-input\":{\"@type\":\"PropertyValueSpecification\",\"valueRequired\":true,\"valueName\":\"search_term_string\"}}],\"inLanguage\":\"en-US\"},{\"@type\":\"Organization\",\"@id\":\"https:\/\/milniky2023.flaw.uniba.sk\/#organization\",\"name\":\"Milniky\",\"url\":\"https:\/\/milniky2023.flaw.uniba.sk\/\",\"logo\":{\"@type\":\"ImageObject\",\"inLanguage\":\"en-US\",\"@id\":\"https:\/\/milniky2023.flaw.uniba.sk\/#\/schema\/logo\/image\/\",\"url\":\"https:\/\/milniky2023.flaw.uniba.sk\/wp-content\/uploads\/2024\/05\/sk-milniky-bc.png\",\"contentUrl\":\"https:\/\/milniky2023.flaw.uniba.sk\/wp-content\/uploads\/2024\/05\/sk-milniky-bc.png\",\"width\":3219,\"height\":845,\"caption\":\"Milniky\"},\"image\":{\"@id\":\"https:\/\/milniky2023.flaw.uniba.sk\/#\/schema\/logo\/image\/\"}}]}<\/script>\n<!-- \/ Yoast SEO plugin. -->","yoast_head_json":{"title":"Sekcia trestn\u00e9ho pr\u00e1va, kriminol\u00f3gie a kriminalistiky - Milniky","robots":{"index":"noindex","follow":"follow","max-snippet":"max-snippet:-1","max-image-preview":"max-image-preview:large","max-video-preview":"max-video-preview:-1"},"og_locale":"en_US","og_type":"article","og_title":"Sekcia trestn\u00e9ho pr\u00e1va, kriminol\u00f3gie a kriminalistiky - Milniky","og_description":"Subsidiarita trestn\u00e9ho pr\u00e1va v te\u00f3rii a aplika\u010dnej praxi V r\u00e1mci sekcie trestn\u00e9ho pr\u00e1va bude venovan\u00e1 pozornos\u0165 charakteristike trestn\u00e9ho pr\u00e1va ako ultima ratio z h\u013eadiska postihu poru\u0161ovate\u013eov pr\u00e1va. T\u00e9ma sekcie bude sk\u00faman\u00e1 z h\u013eadiska te\u00f3rie trestn\u00e9ho pr\u00e1va a aplika\u010dnej praxe org\u00e1nov aplik\u00e1cie pr\u00e1va (org\u00e1ny \u010dinn\u00e9 v trestnom konan\u00ed a s\u00fady). Bud\u00fa sk\u00faman\u00e9 jednotliv\u00e9 in\u0161tit\u00faty trestn\u00e9ho pr\u00e1va [&hellip;]","og_url":"https:\/\/milniky2023.flaw.uniba.sk\/en\/sekcia-trestneho-prava\/","og_site_name":"Milniky","article_modified_time":"2024-05-31T09:03:06+00:00","twitter_card":"summary_large_image","twitter_misc":{"Est. reading time":"1 minute"},"schema":{"@context":"https:\/\/schema.org","@graph":[{"@type":"WebPage","@id":"https:\/\/milniky2023.flaw.uniba.sk\/sekcia-trestneho-prava\/","url":"https:\/\/milniky2023.flaw.uniba.sk\/sekcia-trestneho-prava\/","name":"Sekcia trestn\u00e9ho pr\u00e1va, kriminol\u00f3gie a kriminalistiky - Milniky","isPartOf":{"@id":"https:\/\/milniky2023.flaw.uniba.sk\/#website"},"datePublished":"2021-05-17T11:49:50+00:00","dateModified":"2024-05-31T09:03:06+00:00","breadcrumb":{"@id":"https:\/\/milniky2023.flaw.uniba.sk\/sekcia-trestneho-prava\/#breadcrumb"},"inLanguage":"en-US","potentialAction":[{"@type":"ReadAction","target":["https:\/\/milniky2023.flaw.uniba.sk\/sekcia-trestneho-prava\/"]}]},{"@type":"BreadcrumbList","@id":"https:\/\/milniky2023.flaw.uniba.sk\/sekcia-trestneho-prava\/#breadcrumb","itemListElement":[{"@type":"ListItem","position":1,"name":"Home","item":"https:\/\/milniky2023.flaw.uniba.sk\/"},{"@type":"ListItem","position":2,"name":"Sekcia trestn\u00e9ho pr\u00e1va, kriminol\u00f3gie a kriminalistiky"}]},{"@type":"WebSite","@id":"https:\/\/milniky2023.flaw.uniba.sk\/#website","url":"https:\/\/milniky2023.flaw.uniba.sk\/","name":"Milestones","description":"","publisher":{"@id":"https:\/\/milniky2023.flaw.uniba.sk\/#organization"},"potentialAction":[{"@type":"SearchAction","target":{"@type":"EntryPoint","urlTemplate":"https:\/\/milniky2023.flaw.uniba.sk\/?s={search_term_string}"},"query-input":{"@type":"PropertyValueSpecification","valueRequired":true,"valueName":"search_term_string"}}],"inLanguage":"en-US"},{"@type":"Organization","@id":"https:\/\/milniky2023.flaw.uniba.sk\/#organization","name":"Milestones","url":"https:\/\/milniky2023.flaw.uniba.sk\/","logo":{"@type":"ImageObject","inLanguage":"en-US","@id":"https:\/\/milniky2023.flaw.uniba.sk\/#\/schema\/logo\/image\/","url":"https:\/\/milniky2023.flaw.uniba.sk\/wp-content\/uploads\/2024\/05\/sk-milniky-bc.png","contentUrl":"https:\/\/milniky2023.flaw.uniba.sk\/wp-content\/uploads\/2024\/05\/sk-milniky-bc.png","width":3219,"height":845,"caption":"Milniky"},"image":{"@id":"https:\/\/milniky2023.flaw.uniba.sk\/#\/schema\/logo\/image\/"}}]}},"_links":{"self":[{"href":"https:\/\/milniky2023.flaw.uniba.sk\/en\/wp-json\/wp\/v2\/pages\/144","targetHints":{"allow":["GET"]}}],"collection":[{"href":"https:\/\/milniky2023.flaw.uniba.sk\/en\/wp-json\/wp\/v2\/pages"}],"about":[{"href":"https:\/\/milniky2023.flaw.uniba.sk\/en\/wp-json\/wp\/v2\/types\/page"}],"author":[{"embeddable":true,"href":"https:\/\/milniky2023.flaw.uniba.sk\/en\/wp-json\/wp\/v2\/users\/2"}],"replies":[{"embeddable":true,"href":"https:\/\/milniky2023.flaw.uniba.sk\/en\/wp-json\/wp\/v2\/comments?post=144"}],"version-history":[{"count":7,"href":"https:\/\/milniky2023.flaw.uniba.sk\/en\/wp-json\/wp\/v2\/pages\/144\/revisions"}],"predecessor-version":[{"id":799,"href":"https:\/\/milniky2023.flaw.uniba.sk\/en\/wp-json\/wp\/v2\/pages\/144\/revisions\/799"}],"wp:attachment":[{"href":"https:\/\/milniky2023.flaw.uniba.sk\/en\/wp-json\/wp\/v2\/media?parent=144"}],"curies":[{"name":"wp","href":"https:\/\/api.w.org\/{rel}","templated":true}]}}