{"id":148,"date":"2021-05-17T13:51:06","date_gmt":"2021-05-17T11:51:06","guid":{"rendered":"https:\/\/milniky.flaw.uniba.sk\/?page_id=148"},"modified":"2024-05-31T10:49:29","modified_gmt":"2024-05-31T08:49:29","slug":"sekcia-prava-it-a-prava-dusevneho-vlastnictva","status":"publish","type":"page","link":"https:\/\/milniky2023.flaw.uniba.sk\/en\/sekcia-prava-it-a-prava-dusevneho-vlastnictva\/","title":{"rendered":"Information Technology Law and Intellectual Property Law Section"},"content":{"rendered":"<h2 class=\"wp-block-heading alignfull has-text-align-center\">Milestones of Digital Regulations in European\nUnion Law<\/h2>\n\n\n\n<div class=\"wp-block-buttons is-content-justification-center is-layout-flex wp-container-core-buttons-is-layout-16018d1d wp-block-buttons-is-layout-flex\"><\/div>\n\n\n\n<p class=\"has-drop-cap has-primary-color has-text-color\">The European Union entered the new decade impressively in terms of digital regulation and transformed several long-term efforts into new legislative frameworks. Digital services are regulated by the Digital Services Act and the Digital Services Act. The General Data Protection Regulation will be supplemented by new data policies in the form of the Data Act and the Data Governance Act. Artificial intelligence systems will be subject to the Artificial Intelligence Act. A Regulation on European Data Spaces, an Act on Cyber Resilience or rules for political profiling and the fight against terrorist content are being prepared. The section will also address these regulatory issues, the challenges and opportunities the new regulations bring and their implications for the digital space.<\/p>\n\n\n\n<p><strong>Guarantors of the section:<\/strong><\/p>\n\n\n\n<p>doc. JUDr. Jozef Andra\u0161ko, PhD.<\/p>\n\n\n\n<p>JUDr. Mat\u00fa\u0161 Mesar\u010d\u00edk, PhD., LL.M<\/p>","protected":false},"excerpt":{"rendered":"<p>M\u00ed\u013eniky digit\u00e1lnych regul\u00e1ci\u00ed v pr\u00e1ve Eur\u00f3pskej \u00fanie Eur\u00f3pska \u00fania vst\u00fapila do novej dek\u00e1dy z h\u013eadiska digit\u00e1lnej regul\u00e1cie impozantne a viacer\u00e9 dlhoro\u010dn\u00e9 snahy pretavila do nov\u00fdch legislat\u00edvnych r\u00e1mcov. Digit\u00e1lne slu\u017eby reguluje Akt o digit\u00e1lnych slu\u017eb\u00e1ch a Akt o digit\u00e1lnych slu\u017eb\u00e1ch. V\u0161eobecn\u00e9 nariadenie o ochrane \u00fadajov doplnia nov\u00e9 d\u00e1tov\u00e9 politiky v podobe Aktu o d\u00e1tach a Aktu [&hellip;]<\/p>\n","protected":false},"author":2,"featured_media":0,"parent":0,"menu_order":0,"comment_status":"closed","ping_status":"closed","template":"","meta":{"footnotes":""},"class_list":["post-148","page","type-page","status-publish","hentry"],"yoast_head":"<!-- This site is optimized with the Yoast SEO plugin v27.2 - https:\/\/yoast.com\/product\/yoast-seo-wordpress\/ -->\n<title>Sekcia pr\u00e1va informa\u010dn\u00fdch technol\u00f3gi\u00ed a pr\u00e1va du\u0161evn\u00e9ho vlastn\u00edctva - Milniky<\/title>\n<meta name=\"robots\" content=\"noindex, follow, max-snippet:-1, max-image-preview:large, max-video-preview:-1\" \/>\n<meta property=\"og:locale\" content=\"en_US\" \/>\n<meta property=\"og:type\" content=\"article\" \/>\n<meta property=\"og:title\" content=\"Sekcia pr\u00e1va informa\u010dn\u00fdch technol\u00f3gi\u00ed a pr\u00e1va du\u0161evn\u00e9ho vlastn\u00edctva - Milniky\" \/>\n<meta property=\"og:description\" content=\"M\u00ed\u013eniky digit\u00e1lnych regul\u00e1ci\u00ed v pr\u00e1ve Eur\u00f3pskej \u00fanie Eur\u00f3pska \u00fania vst\u00fapila do novej dek\u00e1dy z h\u013eadiska digit\u00e1lnej regul\u00e1cie impozantne a viacer\u00e9 dlhoro\u010dn\u00e9 snahy pretavila do nov\u00fdch legislat\u00edvnych r\u00e1mcov. Digit\u00e1lne slu\u017eby reguluje Akt o digit\u00e1lnych slu\u017eb\u00e1ch a Akt o digit\u00e1lnych slu\u017eb\u00e1ch. V\u0161eobecn\u00e9 nariadenie o ochrane \u00fadajov doplnia nov\u00e9 d\u00e1tov\u00e9 politiky v podobe Aktu o d\u00e1tach a Aktu [&hellip;]\" \/>\n<meta property=\"og:url\" content=\"https:\/\/milniky2023.flaw.uniba.sk\/en\/sekcia-prava-it-a-prava-dusevneho-vlastnictva\/\" \/>\n<meta property=\"og:site_name\" content=\"Milniky\" \/>\n<meta property=\"article:modified_time\" content=\"2024-05-31T08:49:29+00:00\" \/>\n<meta name=\"twitter:card\" content=\"summary_large_image\" \/>\n<meta name=\"twitter:label1\" content=\"Est. reading time\" \/>\n\t<meta name=\"twitter:data1\" content=\"1 minute\" \/>\n<script type=\"application\/ld+json\" class=\"yoast-schema-graph\">{\"@context\":\"https:\/\/schema.org\",\"@graph\":[{\"@type\":\"WebPage\",\"@id\":\"https:\/\/milniky2023.flaw.uniba.sk\/sekcia-prava-it-a-prava-dusevneho-vlastnictva\/\",\"url\":\"https:\/\/milniky2023.flaw.uniba.sk\/sekcia-prava-it-a-prava-dusevneho-vlastnictva\/\",\"name\":\"Sekcia pr\u00e1va informa\u010dn\u00fdch technol\u00f3gi\u00ed a pr\u00e1va du\u0161evn\u00e9ho vlastn\u00edctva - Milniky\",\"isPartOf\":{\"@id\":\"https:\/\/milniky2023.flaw.uniba.sk\/#website\"},\"datePublished\":\"2021-05-17T11:51:06+00:00\",\"dateModified\":\"2024-05-31T08:49:29+00:00\",\"breadcrumb\":{\"@id\":\"https:\/\/milniky2023.flaw.uniba.sk\/sekcia-prava-it-a-prava-dusevneho-vlastnictva\/#breadcrumb\"},\"inLanguage\":\"en-US\",\"potentialAction\":[{\"@type\":\"ReadAction\",\"target\":[\"https:\/\/milniky2023.flaw.uniba.sk\/sekcia-prava-it-a-prava-dusevneho-vlastnictva\/\"]}]},{\"@type\":\"BreadcrumbList\",\"@id\":\"https:\/\/milniky2023.flaw.uniba.sk\/sekcia-prava-it-a-prava-dusevneho-vlastnictva\/#breadcrumb\",\"itemListElement\":[{\"@type\":\"ListItem\",\"position\":1,\"name\":\"Home\",\"item\":\"https:\/\/milniky2023.flaw.uniba.sk\/\"},{\"@type\":\"ListItem\",\"position\":2,\"name\":\"Sekcia pr\u00e1va informa\u010dn\u00fdch technol\u00f3gi\u00ed a pr\u00e1va du\u0161evn\u00e9ho vlastn\u00edctva\"}]},{\"@type\":\"WebSite\",\"@id\":\"https:\/\/milniky2023.flaw.uniba.sk\/#website\",\"url\":\"https:\/\/milniky2023.flaw.uniba.sk\/\",\"name\":\"Milniky\",\"description\":\"\",\"publisher\":{\"@id\":\"https:\/\/milniky2023.flaw.uniba.sk\/#organization\"},\"potentialAction\":[{\"@type\":\"SearchAction\",\"target\":{\"@type\":\"EntryPoint\",\"urlTemplate\":\"https:\/\/milniky2023.flaw.uniba.sk\/?s={search_term_string}\"},\"query-input\":{\"@type\":\"PropertyValueSpecification\",\"valueRequired\":true,\"valueName\":\"search_term_string\"}}],\"inLanguage\":\"en-US\"},{\"@type\":\"Organization\",\"@id\":\"https:\/\/milniky2023.flaw.uniba.sk\/#organization\",\"name\":\"Milniky\",\"url\":\"https:\/\/milniky2023.flaw.uniba.sk\/\",\"logo\":{\"@type\":\"ImageObject\",\"inLanguage\":\"en-US\",\"@id\":\"https:\/\/milniky2023.flaw.uniba.sk\/#\/schema\/logo\/image\/\",\"url\":\"https:\/\/milniky2023.flaw.uniba.sk\/wp-content\/uploads\/2024\/05\/sk-milniky-bc.png\",\"contentUrl\":\"https:\/\/milniky2023.flaw.uniba.sk\/wp-content\/uploads\/2024\/05\/sk-milniky-bc.png\",\"width\":3219,\"height\":845,\"caption\":\"Milniky\"},\"image\":{\"@id\":\"https:\/\/milniky2023.flaw.uniba.sk\/#\/schema\/logo\/image\/\"}}]}<\/script>\n<!-- \/ Yoast SEO plugin. -->","yoast_head_json":{"title":"Sekcia pr\u00e1va informa\u010dn\u00fdch technol\u00f3gi\u00ed a pr\u00e1va du\u0161evn\u00e9ho vlastn\u00edctva - Milniky","robots":{"index":"noindex","follow":"follow","max-snippet":"max-snippet:-1","max-image-preview":"max-image-preview:large","max-video-preview":"max-video-preview:-1"},"og_locale":"en_US","og_type":"article","og_title":"Sekcia pr\u00e1va informa\u010dn\u00fdch technol\u00f3gi\u00ed a pr\u00e1va du\u0161evn\u00e9ho vlastn\u00edctva - Milniky","og_description":"M\u00ed\u013eniky digit\u00e1lnych regul\u00e1ci\u00ed v pr\u00e1ve Eur\u00f3pskej \u00fanie Eur\u00f3pska \u00fania vst\u00fapila do novej dek\u00e1dy z h\u013eadiska digit\u00e1lnej regul\u00e1cie impozantne a viacer\u00e9 dlhoro\u010dn\u00e9 snahy pretavila do nov\u00fdch legislat\u00edvnych r\u00e1mcov. Digit\u00e1lne slu\u017eby reguluje Akt o digit\u00e1lnych slu\u017eb\u00e1ch a Akt o digit\u00e1lnych slu\u017eb\u00e1ch. V\u0161eobecn\u00e9 nariadenie o ochrane \u00fadajov doplnia nov\u00e9 d\u00e1tov\u00e9 politiky v podobe Aktu o d\u00e1tach a Aktu [&hellip;]","og_url":"https:\/\/milniky2023.flaw.uniba.sk\/en\/sekcia-prava-it-a-prava-dusevneho-vlastnictva\/","og_site_name":"Milniky","article_modified_time":"2024-05-31T08:49:29+00:00","twitter_card":"summary_large_image","twitter_misc":{"Est. reading time":"1 minute"},"schema":{"@context":"https:\/\/schema.org","@graph":[{"@type":"WebPage","@id":"https:\/\/milniky2023.flaw.uniba.sk\/sekcia-prava-it-a-prava-dusevneho-vlastnictva\/","url":"https:\/\/milniky2023.flaw.uniba.sk\/sekcia-prava-it-a-prava-dusevneho-vlastnictva\/","name":"Sekcia pr\u00e1va informa\u010dn\u00fdch technol\u00f3gi\u00ed a pr\u00e1va du\u0161evn\u00e9ho vlastn\u00edctva - Milniky","isPartOf":{"@id":"https:\/\/milniky2023.flaw.uniba.sk\/#website"},"datePublished":"2021-05-17T11:51:06+00:00","dateModified":"2024-05-31T08:49:29+00:00","breadcrumb":{"@id":"https:\/\/milniky2023.flaw.uniba.sk\/sekcia-prava-it-a-prava-dusevneho-vlastnictva\/#breadcrumb"},"inLanguage":"en-US","potentialAction":[{"@type":"ReadAction","target":["https:\/\/milniky2023.flaw.uniba.sk\/sekcia-prava-it-a-prava-dusevneho-vlastnictva\/"]}]},{"@type":"BreadcrumbList","@id":"https:\/\/milniky2023.flaw.uniba.sk\/sekcia-prava-it-a-prava-dusevneho-vlastnictva\/#breadcrumb","itemListElement":[{"@type":"ListItem","position":1,"name":"Home","item":"https:\/\/milniky2023.flaw.uniba.sk\/"},{"@type":"ListItem","position":2,"name":"Sekcia pr\u00e1va informa\u010dn\u00fdch technol\u00f3gi\u00ed a pr\u00e1va du\u0161evn\u00e9ho vlastn\u00edctva"}]},{"@type":"WebSite","@id":"https:\/\/milniky2023.flaw.uniba.sk\/#website","url":"https:\/\/milniky2023.flaw.uniba.sk\/","name":"Milestones","description":"","publisher":{"@id":"https:\/\/milniky2023.flaw.uniba.sk\/#organization"},"potentialAction":[{"@type":"SearchAction","target":{"@type":"EntryPoint","urlTemplate":"https:\/\/milniky2023.flaw.uniba.sk\/?s={search_term_string}"},"query-input":{"@type":"PropertyValueSpecification","valueRequired":true,"valueName":"search_term_string"}}],"inLanguage":"en-US"},{"@type":"Organization","@id":"https:\/\/milniky2023.flaw.uniba.sk\/#organization","name":"Milestones","url":"https:\/\/milniky2023.flaw.uniba.sk\/","logo":{"@type":"ImageObject","inLanguage":"en-US","@id":"https:\/\/milniky2023.flaw.uniba.sk\/#\/schema\/logo\/image\/","url":"https:\/\/milniky2023.flaw.uniba.sk\/wp-content\/uploads\/2024\/05\/sk-milniky-bc.png","contentUrl":"https:\/\/milniky2023.flaw.uniba.sk\/wp-content\/uploads\/2024\/05\/sk-milniky-bc.png","width":3219,"height":845,"caption":"Milniky"},"image":{"@id":"https:\/\/milniky2023.flaw.uniba.sk\/#\/schema\/logo\/image\/"}}]}},"_links":{"self":[{"href":"https:\/\/milniky2023.flaw.uniba.sk\/en\/wp-json\/wp\/v2\/pages\/148","targetHints":{"allow":["GET"]}}],"collection":[{"href":"https:\/\/milniky2023.flaw.uniba.sk\/en\/wp-json\/wp\/v2\/pages"}],"about":[{"href":"https:\/\/milniky2023.flaw.uniba.sk\/en\/wp-json\/wp\/v2\/types\/page"}],"author":[{"embeddable":true,"href":"https:\/\/milniky2023.flaw.uniba.sk\/en\/wp-json\/wp\/v2\/users\/2"}],"replies":[{"embeddable":true,"href":"https:\/\/milniky2023.flaw.uniba.sk\/en\/wp-json\/wp\/v2\/comments?post=148"}],"version-history":[{"count":5,"href":"https:\/\/milniky2023.flaw.uniba.sk\/en\/wp-json\/wp\/v2\/pages\/148\/revisions"}],"predecessor-version":[{"id":778,"href":"https:\/\/milniky2023.flaw.uniba.sk\/en\/wp-json\/wp\/v2\/pages\/148\/revisions\/778"}],"wp:attachment":[{"href":"https:\/\/milniky2023.flaw.uniba.sk\/en\/wp-json\/wp\/v2\/media?parent=148"}],"curies":[{"name":"wp","href":"https:\/\/api.w.org\/{rel}","templated":true}]}}