{"id":280,"date":"2022-04-27T13:40:55","date_gmt":"2022-04-27T11:40:55","guid":{"rendered":"https:\/\/milniky.flaw.uniba.sk\/?page_id=280"},"modified":"2024-05-31T10:40:23","modified_gmt":"2024-05-31T08:40:23","slug":"sekcia-pravnych-dejin-rimskeho-prava","status":"publish","type":"page","link":"https:\/\/milniky2023.flaw.uniba.sk\/en\/sekcia-pravnych-dejin-rimskeho-prava\/","title":{"rendered":"Legal History and Roman Law, Canon Law and Ecclesiastical Law Section"},"content":{"rendered":"<p><\/p>\n\n\n\n<h2 class=\"wp-block-heading alignfull has-text-align-center\">Milestones in Development of State-Law in History<\/h2>\n\n\n\n<div class=\"wp-block-buttons is-content-justification-center is-layout-flex wp-container-core-buttons-is-layout-16018d1d wp-block-buttons-is-layout-flex\"><\/div>\n\n\n\n<p class=\"has-drop-cap\">The theme of the section focuses on the various milestones in the development of the state and law in history, from the origins of the Roman Empire to the present day. The state and law as two key elements have shaped the form of society since its origins, and have also faced various challenges and pitfalls during the different stages of society's development. The ambition of this section is therefore to identify these milestones also with a view to finding solutions to the current challenges of society, in the spirit of M. T. Cicero's dictum: historia magistra vitae.<\/p>\n\n\n\n<p><strong>Guarantors of the section: <\/strong><\/p>\n\n\n\n<p>prof. doc. Miroslav Lys\u00fd, PhD.<\/p>\n\n\n\n<p>prof. JUDr. Mat\u00fa\u0161 Nemec, PhD.<\/p>\n\n\n\n<p>doc. JUDr. Martin Gregor, PhD.<\/p>\n\n\n\n<p><\/p>","protected":false},"excerpt":{"rendered":"<p>M\u00ed\u013eniky \u0161t\u00e1to-pr\u00e1vneho v\u00fdvoja v dejin\u00e1ch T\u00e9ma sekcie sa zameriava na jednotliv\u00e9 m\u00ed\u013eniky v\u00fdvoja \u0161t\u00e1tu a pr\u00e1va v dejin\u00e1ch, a to od po\u010diatkov R\u00edmskej r\u00ed\u0161e a\u017e po s\u00fa\u010dasnos\u0165. \u0160t\u00e1t a pr\u00e1vo ako dva k\u013e\u00fa\u010dov\u00e9 prvky formovali podobu spolo\u010dnosti od jej po\u010diatkov, pri\u010dom v r\u00e1mci jednotliv\u00fdch v\u00fdvojov\u00fdch et\u00e1p spolo\u010dnosti \u010delili aj r\u00f4znym v\u00fdzvam a n\u00e1strah\u00e1m. Amb\u00edciou tejto [&hellip;]<\/p>\n","protected":false},"author":2,"featured_media":0,"parent":0,"menu_order":0,"comment_status":"closed","ping_status":"closed","template":"","meta":{"footnotes":""},"class_list":["post-280","page","type-page","status-publish","hentry"],"yoast_head":"<!-- This site is optimized with the Yoast SEO plugin v27.2 - https:\/\/yoast.com\/product\/yoast-seo-wordpress\/ -->\n<title>Sekcia pr\u00e1vnych dej\u00edn, r\u00edmskeho, cirkevn\u00e9ho a k\u00e1nonick\u00e9ho pr\u00e1va - Milniky<\/title>\n<meta name=\"robots\" content=\"noindex, follow, max-snippet:-1, max-image-preview:large, max-video-preview:-1\" \/>\n<meta property=\"og:locale\" content=\"en_US\" \/>\n<meta property=\"og:type\" content=\"article\" \/>\n<meta property=\"og:title\" content=\"Sekcia pr\u00e1vnych dej\u00edn, r\u00edmskeho, cirkevn\u00e9ho a k\u00e1nonick\u00e9ho pr\u00e1va - Milniky\" \/>\n<meta property=\"og:description\" content=\"M\u00ed\u013eniky \u0161t\u00e1to-pr\u00e1vneho v\u00fdvoja v dejin\u00e1ch T\u00e9ma sekcie sa zameriava na jednotliv\u00e9 m\u00ed\u013eniky v\u00fdvoja \u0161t\u00e1tu a pr\u00e1va v dejin\u00e1ch, a to od po\u010diatkov R\u00edmskej r\u00ed\u0161e a\u017e po s\u00fa\u010dasnos\u0165. \u0160t\u00e1t a pr\u00e1vo ako dva k\u013e\u00fa\u010dov\u00e9 prvky formovali podobu spolo\u010dnosti od jej po\u010diatkov, pri\u010dom v r\u00e1mci jednotliv\u00fdch v\u00fdvojov\u00fdch et\u00e1p spolo\u010dnosti \u010delili aj r\u00f4znym v\u00fdzvam a n\u00e1strah\u00e1m. Amb\u00edciou tejto [&hellip;]\" \/>\n<meta property=\"og:url\" content=\"https:\/\/milniky2023.flaw.uniba.sk\/en\/sekcia-pravnych-dejin-rimskeho-prava\/\" \/>\n<meta property=\"og:site_name\" content=\"Milniky\" \/>\n<meta property=\"article:modified_time\" content=\"2024-05-31T08:40:23+00:00\" \/>\n<meta name=\"twitter:card\" content=\"summary_large_image\" \/>\n<meta name=\"twitter:label1\" content=\"Est. reading time\" \/>\n\t<meta name=\"twitter:data1\" content=\"1 minute\" \/>\n<script type=\"application\/ld+json\" class=\"yoast-schema-graph\">{\"@context\":\"https:\/\/schema.org\",\"@graph\":[{\"@type\":\"WebPage\",\"@id\":\"https:\/\/milniky2023.flaw.uniba.sk\/sekcia-pravnych-dejin-rimskeho-prava\/\",\"url\":\"https:\/\/milniky2023.flaw.uniba.sk\/sekcia-pravnych-dejin-rimskeho-prava\/\",\"name\":\"Sekcia pr\u00e1vnych dej\u00edn, r\u00edmskeho, cirkevn\u00e9ho a k\u00e1nonick\u00e9ho pr\u00e1va - Milniky\",\"isPartOf\":{\"@id\":\"https:\/\/milniky2023.flaw.uniba.sk\/#website\"},\"datePublished\":\"2022-04-27T11:40:55+00:00\",\"dateModified\":\"2024-05-31T08:40:23+00:00\",\"breadcrumb\":{\"@id\":\"https:\/\/milniky2023.flaw.uniba.sk\/sekcia-pravnych-dejin-rimskeho-prava\/#breadcrumb\"},\"inLanguage\":\"en-US\",\"potentialAction\":[{\"@type\":\"ReadAction\",\"target\":[\"https:\/\/milniky2023.flaw.uniba.sk\/sekcia-pravnych-dejin-rimskeho-prava\/\"]}]},{\"@type\":\"BreadcrumbList\",\"@id\":\"https:\/\/milniky2023.flaw.uniba.sk\/sekcia-pravnych-dejin-rimskeho-prava\/#breadcrumb\",\"itemListElement\":[{\"@type\":\"ListItem\",\"position\":1,\"name\":\"Home\",\"item\":\"https:\/\/milniky2023.flaw.uniba.sk\/\"},{\"@type\":\"ListItem\",\"position\":2,\"name\":\"Sekcia pr\u00e1vnych dej\u00edn, r\u00edmskeho, cirkevn\u00e9ho a k\u00e1nonick\u00e9ho pr\u00e1va\"}]},{\"@type\":\"WebSite\",\"@id\":\"https:\/\/milniky2023.flaw.uniba.sk\/#website\",\"url\":\"https:\/\/milniky2023.flaw.uniba.sk\/\",\"name\":\"Milniky\",\"description\":\"\",\"publisher\":{\"@id\":\"https:\/\/milniky2023.flaw.uniba.sk\/#organization\"},\"potentialAction\":[{\"@type\":\"SearchAction\",\"target\":{\"@type\":\"EntryPoint\",\"urlTemplate\":\"https:\/\/milniky2023.flaw.uniba.sk\/?s={search_term_string}\"},\"query-input\":{\"@type\":\"PropertyValueSpecification\",\"valueRequired\":true,\"valueName\":\"search_term_string\"}}],\"inLanguage\":\"en-US\"},{\"@type\":\"Organization\",\"@id\":\"https:\/\/milniky2023.flaw.uniba.sk\/#organization\",\"name\":\"Milniky\",\"url\":\"https:\/\/milniky2023.flaw.uniba.sk\/\",\"logo\":{\"@type\":\"ImageObject\",\"inLanguage\":\"en-US\",\"@id\":\"https:\/\/milniky2023.flaw.uniba.sk\/#\/schema\/logo\/image\/\",\"url\":\"https:\/\/milniky2023.flaw.uniba.sk\/wp-content\/uploads\/2024\/05\/sk-milniky-bc.png\",\"contentUrl\":\"https:\/\/milniky2023.flaw.uniba.sk\/wp-content\/uploads\/2024\/05\/sk-milniky-bc.png\",\"width\":3219,\"height\":845,\"caption\":\"Milniky\"},\"image\":{\"@id\":\"https:\/\/milniky2023.flaw.uniba.sk\/#\/schema\/logo\/image\/\"}}]}<\/script>\n<!-- \/ Yoast SEO plugin. -->","yoast_head_json":{"title":"Sekcia pr\u00e1vnych dej\u00edn, r\u00edmskeho, cirkevn\u00e9ho a k\u00e1nonick\u00e9ho pr\u00e1va - Milniky","robots":{"index":"noindex","follow":"follow","max-snippet":"max-snippet:-1","max-image-preview":"max-image-preview:large","max-video-preview":"max-video-preview:-1"},"og_locale":"en_US","og_type":"article","og_title":"Sekcia pr\u00e1vnych dej\u00edn, r\u00edmskeho, cirkevn\u00e9ho a k\u00e1nonick\u00e9ho pr\u00e1va - Milniky","og_description":"M\u00ed\u013eniky \u0161t\u00e1to-pr\u00e1vneho v\u00fdvoja v dejin\u00e1ch T\u00e9ma sekcie sa zameriava na jednotliv\u00e9 m\u00ed\u013eniky v\u00fdvoja \u0161t\u00e1tu a pr\u00e1va v dejin\u00e1ch, a to od po\u010diatkov R\u00edmskej r\u00ed\u0161e a\u017e po s\u00fa\u010dasnos\u0165. \u0160t\u00e1t a pr\u00e1vo ako dva k\u013e\u00fa\u010dov\u00e9 prvky formovali podobu spolo\u010dnosti od jej po\u010diatkov, pri\u010dom v r\u00e1mci jednotliv\u00fdch v\u00fdvojov\u00fdch et\u00e1p spolo\u010dnosti \u010delili aj r\u00f4znym v\u00fdzvam a n\u00e1strah\u00e1m. Amb\u00edciou tejto [&hellip;]","og_url":"https:\/\/milniky2023.flaw.uniba.sk\/en\/sekcia-pravnych-dejin-rimskeho-prava\/","og_site_name":"Milniky","article_modified_time":"2024-05-31T08:40:23+00:00","twitter_card":"summary_large_image","twitter_misc":{"Est. reading time":"1 minute"},"schema":{"@context":"https:\/\/schema.org","@graph":[{"@type":"WebPage","@id":"https:\/\/milniky2023.flaw.uniba.sk\/sekcia-pravnych-dejin-rimskeho-prava\/","url":"https:\/\/milniky2023.flaw.uniba.sk\/sekcia-pravnych-dejin-rimskeho-prava\/","name":"Sekcia pr\u00e1vnych dej\u00edn, r\u00edmskeho, cirkevn\u00e9ho a k\u00e1nonick\u00e9ho pr\u00e1va - Milniky","isPartOf":{"@id":"https:\/\/milniky2023.flaw.uniba.sk\/#website"},"datePublished":"2022-04-27T11:40:55+00:00","dateModified":"2024-05-31T08:40:23+00:00","breadcrumb":{"@id":"https:\/\/milniky2023.flaw.uniba.sk\/sekcia-pravnych-dejin-rimskeho-prava\/#breadcrumb"},"inLanguage":"en-US","potentialAction":[{"@type":"ReadAction","target":["https:\/\/milniky2023.flaw.uniba.sk\/sekcia-pravnych-dejin-rimskeho-prava\/"]}]},{"@type":"BreadcrumbList","@id":"https:\/\/milniky2023.flaw.uniba.sk\/sekcia-pravnych-dejin-rimskeho-prava\/#breadcrumb","itemListElement":[{"@type":"ListItem","position":1,"name":"Home","item":"https:\/\/milniky2023.flaw.uniba.sk\/"},{"@type":"ListItem","position":2,"name":"Sekcia pr\u00e1vnych dej\u00edn, r\u00edmskeho, cirkevn\u00e9ho a k\u00e1nonick\u00e9ho pr\u00e1va"}]},{"@type":"WebSite","@id":"https:\/\/milniky2023.flaw.uniba.sk\/#website","url":"https:\/\/milniky2023.flaw.uniba.sk\/","name":"Milestones","description":"","publisher":{"@id":"https:\/\/milniky2023.flaw.uniba.sk\/#organization"},"potentialAction":[{"@type":"SearchAction","target":{"@type":"EntryPoint","urlTemplate":"https:\/\/milniky2023.flaw.uniba.sk\/?s={search_term_string}"},"query-input":{"@type":"PropertyValueSpecification","valueRequired":true,"valueName":"search_term_string"}}],"inLanguage":"en-US"},{"@type":"Organization","@id":"https:\/\/milniky2023.flaw.uniba.sk\/#organization","name":"Milestones","url":"https:\/\/milniky2023.flaw.uniba.sk\/","logo":{"@type":"ImageObject","inLanguage":"en-US","@id":"https:\/\/milniky2023.flaw.uniba.sk\/#\/schema\/logo\/image\/","url":"https:\/\/milniky2023.flaw.uniba.sk\/wp-content\/uploads\/2024\/05\/sk-milniky-bc.png","contentUrl":"https:\/\/milniky2023.flaw.uniba.sk\/wp-content\/uploads\/2024\/05\/sk-milniky-bc.png","width":3219,"height":845,"caption":"Milniky"},"image":{"@id":"https:\/\/milniky2023.flaw.uniba.sk\/#\/schema\/logo\/image\/"}}]}},"_links":{"self":[{"href":"https:\/\/milniky2023.flaw.uniba.sk\/en\/wp-json\/wp\/v2\/pages\/280","targetHints":{"allow":["GET"]}}],"collection":[{"href":"https:\/\/milniky2023.flaw.uniba.sk\/en\/wp-json\/wp\/v2\/pages"}],"about":[{"href":"https:\/\/milniky2023.flaw.uniba.sk\/en\/wp-json\/wp\/v2\/types\/page"}],"author":[{"embeddable":true,"href":"https:\/\/milniky2023.flaw.uniba.sk\/en\/wp-json\/wp\/v2\/users\/2"}],"replies":[{"embeddable":true,"href":"https:\/\/milniky2023.flaw.uniba.sk\/en\/wp-json\/wp\/v2\/comments?post=280"}],"version-history":[{"count":10,"href":"https:\/\/milniky2023.flaw.uniba.sk\/en\/wp-json\/wp\/v2\/pages\/280\/revisions"}],"predecessor-version":[{"id":770,"href":"https:\/\/milniky2023.flaw.uniba.sk\/en\/wp-json\/wp\/v2\/pages\/280\/revisions\/770"}],"wp:attachment":[{"href":"https:\/\/milniky2023.flaw.uniba.sk\/en\/wp-json\/wp\/v2\/media?parent=280"}],"curies":[{"name":"wp","href":"https:\/\/api.w.org\/{rel}","templated":true}]}}