{"id":32,"date":"2021-04-12T13:01:42","date_gmt":"2021-04-12T11:01:42","guid":{"rendered":"https:\/\/milniky.flaw.uniba.sk\/?page_id=32"},"modified":"2024-05-29T11:23:27","modified_gmt":"2024-05-29T09:23:27","slug":"uvod","status":"publish","type":"page","link":"https:\/\/milniky2023.flaw.uniba.sk\/en\/","title":{"rendered":"Home"},"content":{"rendered":"<p class=\"has-text-align-center\">Comenius University in Bratislava, Faculty of Law is organising 17th year of international scholarly conference for Ph.D. students and young researchers entitled \u201c<strong>The Milestones of Law in Central Europe 2023<\/strong>The conference will be held under the auspices of the Dean of Faculty of Law,\nComenius University in Bratislava, doc. JUDr. Eduard Burda, PhD. on <strong>19 May 2023 (Friday)<\/strong> in the premises of the Faculty of Law, Comenius University in Bratislava and in an audio-visual online form via the Microsoft TEAMS application. <\/p>\n\n\n\n<p class=\"has-text-align-center\">The conference is intended for all Ph.D. students and law researchers<br>who have not obtained the scientific and pedagogical title of associate professor yet.<\/p>\n\n\n\n<div class=\"wp-block-buttons is-content-justification-center is-layout-flex wp-container-core-buttons-is-layout-16018d1d wp-block-buttons-is-layout-flex\"><\/div>\n\n\n\n<p class=\"has-text-align-center\"><\/p>\n\n\n\n<hr class=\"wp-block-separator has-text-color has-primary-color has-css-opacity has-primary-background-color has-background is-style-default\"\/>\n\n\n\n<div class=\"wp-block-columns is-layout-flex wp-container-core-columns-is-layout-9d6595d7 wp-block-columns-is-layout-flex\">\n<div class=\"wp-block-column is-vertically-aligned-center is-layout-flow wp-block-column-is-layout-flow\" style=\"flex-basis:100%\">\n<script src=\"https:\/\/cdn.logwork.com\/widget\/countdown.js\"><\/script>\n<a href=\"https:\/\/logwork.com\/countdown-2d14\" class=\"countdown-timer\" data-style=\"columns\" data-timezone=\"Europe\/Bratislava\" data-textcolor=\"#000000\" data-date=\"2024-03-22 08:00\" data-digitscolor=\"#000000\">Countdown<\/a>\n<\/div>\n<\/div>\n\n\n\n<hr class=\"wp-block-separator has-text-color has-primary-color has-css-opacity has-primary-background-color has-background is-style-default\"\/>\n\n\n\n<h2 class=\"wp-block-heading has-text-align-center hide\">Partners<\/h2>\n\n\n\n<div class=\"wp-block-columns is-layout-flex wp-container-core-columns-is-layout-9d6595d7 wp-block-columns-is-layout-flex\">\n<div class=\"wp-block-column is-layout-flow wp-block-column-is-layout-flow\">\n<figure class=\"wp-block-image size-large hide\"><a href=\"https:\/\/www.beck.sk\/\" target=\"_blank\" rel=\"noopener\"><img fetchpriority=\"high\" decoding=\"async\" width=\"1024\" height=\"315\" src=\"https:\/\/milniky.flaw.uniba.sk\/wp-content\/uploads\/2021\/05\/logo-grifin-C.-H.-BECK-vedle-sebe-cervena-1024x315.png\" alt=\"partner-logo\" class=\"wp-image-157\" srcset=\"\" sizes=\"(max-width: 1024px) 100vw, 1024px\" data-srcset=\"\" \/><\/a><\/figure>\n<\/div>\n\n\n\n<div class=\"wp-block-column is-layout-flow wp-block-column-is-layout-flow\">\n<figure class=\"wp-block-image size-full is-resized hide\"><a href=\"https:\/\/www.beck-online.sk\/\" target=\"_blank\" rel=\"noopener\"><img decoding=\"async\" width=\"397\" height=\"90\" src=\"https:\/\/milniky.flaw.uniba.sk\/wp-content\/uploads\/2021\/05\/logo-red.png\" alt=\"partner-logo\" class=\"wp-image-158\" style=\"width:-20px;height:-4px\" srcset=\"https:\/\/milniky2023.flaw.uniba.sk\/wp-content\/uploads\/2021\/05\/logo-red.png 397w, https:\/\/milniky2023.flaw.uniba.sk\/wp-content\/uploads\/2021\/05\/logo-red-300x68.png 300w, https:\/\/milniky2023.flaw.uniba.sk\/wp-content\/uploads\/2021\/05\/logo-red-16x4.png 16w\" sizes=\"(max-width: 397px) 100vw, 397px\" \/><\/a><\/figure>\n<\/div>\n<\/div>\n\n\n\n<div class=\"wp-block-columns is-layout-flex wp-container-core-columns-is-layout-9d6595d7 wp-block-columns-is-layout-flex\">\n<div class=\"wp-block-column is-layout-flow wp-block-column-is-layout-flow\">\n<div class=\"wp-block-group\"><div class=\"wp-block-group__inner-container is-layout-flow wp-block-group-is-layout-flow\"><div class=\"wp-block-image hide\">\n<figure class=\"aligncenter size-large is-resized\"><a href=\"https:\/\/www.judikaty.info\/\" target=\"_blank\" rel=\"noopener\"><img decoding=\"async\" width=\"246\" height=\"81\" src=\"https:\/\/milniky.flaw.uniba.sk\/wp-content\/uploads\/2021\/05\/ji1.jpg\" alt=\"partner-logo\" class=\"wp-image-156\" style=\"width:216px;height:71px\" srcset=\"https:\/\/milniky2023.flaw.uniba.sk\/wp-content\/uploads\/2021\/05\/ji1.jpg 246w, https:\/\/milniky2023.flaw.uniba.sk\/wp-content\/uploads\/2021\/05\/ji1-16x5.jpg 16w\" sizes=\"(max-width: 246px) 100vw, 246px\" \/><\/a><\/figure>\n<\/div><\/div><\/div>\n<\/div>\n\n\n\n<div class=\"wp-block-column is-layout-flow wp-block-column-is-layout-flow\">\n<div class=\"wp-block-group\"><div class=\"wp-block-group__inner-container is-layout-flow wp-block-group-is-layout-flow\"><div class=\"wp-block-image hide\">\n<figure class=\"aligncenter size-large\"><a href=\"https:\/\/zakony.judikaty.info\/\" target=\"_blank\" rel=\"noopener\"><img loading=\"lazy\" decoding=\"async\" width=\"349\" height=\"78\" src=\"https:\/\/milniky.flaw.uniba.sk\/wp-content\/uploads\/2021\/05\/zj1.jpg\" alt=\"partner-logo\" class=\"wp-image-160\" srcset=\"https:\/\/milniky2023.flaw.uniba.sk\/wp-content\/uploads\/2021\/05\/zj1.jpg 349w, https:\/\/milniky2023.flaw.uniba.sk\/wp-content\/uploads\/2021\/05\/zj1-300x67.jpg 300w, https:\/\/milniky2023.flaw.uniba.sk\/wp-content\/uploads\/2021\/05\/zj1-16x4.jpg 16w\" sizes=\"(max-width: 349px) 100vw, 349px\" \/><\/a><\/figure>\n<\/div><\/div><\/div>\n<\/div>\n<\/div>\n\n\n\n<div class=\"wp-block-columns is-layout-flex wp-container-core-columns-is-layout-9d6595d7 wp-block-columns-is-layout-flex\">\n<div class=\"wp-block-column is-layout-flow wp-block-column-is-layout-flow\"><div class=\"wp-block-image hide\">\n<figure class=\"aligncenter size-large\"><a href=\"https:\/\/www.wolterskluwer.com\/sk-sk\" target=\"_blank\" rel=\"noopener\"><img loading=\"lazy\" decoding=\"async\" width=\"960\" height=\"540\" src=\"https:\/\/milniky.flaw.uniba.sk\/wp-content\/uploads\/2021\/05\/wolters.jpg\" alt=\"partner-logo\" class=\"wp-image-159\" srcset=\"https:\/\/milniky2023.flaw.uniba.sk\/wp-content\/uploads\/2021\/05\/wolters.jpg 960w, https:\/\/milniky2023.flaw.uniba.sk\/wp-content\/uploads\/2021\/05\/wolters-300x169.jpg 300w, https:\/\/milniky2023.flaw.uniba.sk\/wp-content\/uploads\/2021\/05\/wolters-768x432.jpg 768w, https:\/\/milniky2023.flaw.uniba.sk\/wp-content\/uploads\/2021\/05\/wolters-16x9.jpg 16w\" sizes=\"(max-width: 960px) 100vw, 960px\" \/><\/a><\/figure>\n<\/div><\/div>\n\n\n\n<div class=\"wp-block-column is-layout-flow wp-block-column-is-layout-flow\"><div class=\"wp-block-image hide\">\n<figure class=\"aligncenter size-large is-resized\"><a href=\"https:\/\/www.aspi.sk\/menu\/search\" target=\"_blank\" rel=\"noopener\"><img loading=\"lazy\" decoding=\"async\" width=\"236\" height=\"236\" src=\"https:\/\/milniky.flaw.uniba.sk\/wp-content\/uploads\/2021\/05\/12977.jpg\" alt=\"partner-logo\" class=\"wp-image-155\" style=\"width:172px;height:172px\" srcset=\"https:\/\/milniky2023.flaw.uniba.sk\/wp-content\/uploads\/2021\/05\/12977.jpg 236w, https:\/\/milniky2023.flaw.uniba.sk\/wp-content\/uploads\/2021\/05\/12977-150x150.jpg 150w, https:\/\/milniky2023.flaw.uniba.sk\/wp-content\/uploads\/2021\/05\/12977-12x12.jpg 12w\" sizes=\"(max-width: 236px) 100vw, 236px\" \/><\/a><\/figure>\n<\/div><\/div>\n<\/div>","protected":false},"excerpt":{"rendered":"<p>Univerzita Komensk\u00e9ho v Bratislave, Pr\u00e1vnick\u00e1 fakulta organizuje 17. ro\u010dn\u00edk medzin\u00e1rodnej vedeckej konferencie doktorandov a mlad\u00fdch vedeck\u00fdch pracovn\u00edkov \u201eM\u00ed\u013eniky pr\u00e1va v stredoeur\u00f3pskom priestore 2023\u201c. Konferencia sa bude kona\u0165 pod z\u00e1\u0161titou dekana Pr\u00e1vnickej fakulty Univerzity Komensk\u00e9ho v Bratislave, doc. JUDr. Eduarda Burdu, PhD. v d\u0148och d\u0148a 19. m\u00e1ja 2023 (piatok) prezen\u010dne v priestoroch Pr\u00e1vnickej fakulty UK v [&hellip;]<\/p>\n","protected":false},"author":2,"featured_media":99,"parent":0,"menu_order":0,"comment_status":"closed","ping_status":"closed","template":"templates\/template-cover.php","meta":{"footnotes":""},"class_list":["post-32","page","type-page","status-publish","has-post-thumbnail","hentry"],"yoast_head":"<!-- This site is optimized with the Yoast SEO plugin v27.2 - https:\/\/yoast.com\/product\/yoast-seo-wordpress\/ -->\n<title>\u00davod - Milniky<\/title>\n<meta name=\"robots\" content=\"noindex, follow, max-snippet:-1, max-image-preview:large, max-video-preview:-1\" \/>\n<meta property=\"og:locale\" content=\"en_US\" \/>\n<meta property=\"og:type\" content=\"article\" \/>\n<meta property=\"og:title\" content=\"\u00davod - Milniky\" \/>\n<meta property=\"og:description\" content=\"Univerzita Komensk\u00e9ho v Bratislave, Pr\u00e1vnick\u00e1 fakulta organizuje 17. ro\u010dn\u00edk medzin\u00e1rodnej vedeckej konferencie doktorandov a mlad\u00fdch vedeck\u00fdch pracovn\u00edkov \u201eM\u00ed\u013eniky pr\u00e1va v stredoeur\u00f3pskom priestore 2023\u201c. Konferencia sa bude kona\u0165 pod z\u00e1\u0161titou dekana Pr\u00e1vnickej fakulty Univerzity Komensk\u00e9ho v Bratislave, doc. JUDr. Eduarda Burdu, PhD. v d\u0148och d\u0148a 19. m\u00e1ja 2023 (piatok) prezen\u010dne v priestoroch Pr\u00e1vnickej fakulty UK v [&hellip;]\" \/>\n<meta property=\"og:url\" content=\"https:\/\/milniky2023.flaw.uniba.sk\/en\/\" \/>\n<meta property=\"og:site_name\" content=\"Milniky\" \/>\n<meta property=\"article:modified_time\" content=\"2024-05-29T09:23:27+00:00\" \/>\n<meta property=\"og:image\" content=\"https:\/\/milniky2023.flaw.uniba.sk\/wp-content\/uploads\/2021\/05\/cut-scaled.jpg\" \/>\n\t<meta property=\"og:image:width\" content=\"2560\" \/>\n\t<meta property=\"og:image:height\" content=\"1211\" \/>\n\t<meta property=\"og:image:type\" content=\"image\/jpeg\" \/>\n<meta name=\"twitter:card\" content=\"summary_large_image\" \/>\n<meta name=\"twitter:label1\" content=\"Est. reading time\" \/>\n\t<meta name=\"twitter:data1\" content=\"2 minutes\" \/>\n<script type=\"application\/ld+json\" class=\"yoast-schema-graph\">{\"@context\":\"https:\/\/schema.org\",\"@graph\":[{\"@type\":\"WebPage\",\"@id\":\"https:\/\/milniky2023.flaw.uniba.sk\/\",\"url\":\"https:\/\/milniky2023.flaw.uniba.sk\/\",\"name\":\"\u00davod - Milniky\",\"isPartOf\":{\"@id\":\"https:\/\/milniky2023.flaw.uniba.sk\/#website\"},\"primaryImageOfPage\":{\"@id\":\"https:\/\/milniky2023.flaw.uniba.sk\/#primaryimage\"},\"image\":{\"@id\":\"https:\/\/milniky2023.flaw.uniba.sk\/#primaryimage\"},\"thumbnailUrl\":\"https:\/\/milniky2023.flaw.uniba.sk\/wp-content\/uploads\/2021\/05\/cut-scaled.jpg\",\"datePublished\":\"2021-04-12T11:01:42+00:00\",\"dateModified\":\"2024-05-29T09:23:27+00:00\",\"breadcrumb\":{\"@id\":\"https:\/\/milniky2023.flaw.uniba.sk\/#breadcrumb\"},\"inLanguage\":\"en-US\",\"potentialAction\":[{\"@type\":\"ReadAction\",\"target\":[\"https:\/\/milniky2023.flaw.uniba.sk\/\"]}]},{\"@type\":\"ImageObject\",\"inLanguage\":\"en-US\",\"@id\":\"https:\/\/milniky2023.flaw.uniba.sk\/#primaryimage\",\"url\":\"https:\/\/milniky2023.flaw.uniba.sk\/wp-content\/uploads\/2021\/05\/cut-scaled.jpg\",\"contentUrl\":\"https:\/\/milniky2023.flaw.uniba.sk\/wp-content\/uploads\/2021\/05\/cut-scaled.jpg\",\"width\":2560,\"height\":1211,\"caption\":\"overlay\"},{\"@type\":\"BreadcrumbList\",\"@id\":\"https:\/\/milniky2023.flaw.uniba.sk\/#breadcrumb\",\"itemListElement\":[{\"@type\":\"ListItem\",\"position\":1,\"name\":\"Home\",\"item\":\"https:\/\/milniky2023.flaw.uniba.sk\/\"},{\"@type\":\"ListItem\",\"position\":2,\"name\":\"\u00davod\"}]},{\"@type\":\"WebSite\",\"@id\":\"https:\/\/milniky2023.flaw.uniba.sk\/#website\",\"url\":\"https:\/\/milniky2023.flaw.uniba.sk\/\",\"name\":\"Milniky\",\"description\":\"\",\"publisher\":{\"@id\":\"https:\/\/milniky2023.flaw.uniba.sk\/#organization\"},\"potentialAction\":[{\"@type\":\"SearchAction\",\"target\":{\"@type\":\"EntryPoint\",\"urlTemplate\":\"https:\/\/milniky2023.flaw.uniba.sk\/?s={search_term_string}\"},\"query-input\":{\"@type\":\"PropertyValueSpecification\",\"valueRequired\":true,\"valueName\":\"search_term_string\"}}],\"inLanguage\":\"en-US\"},{\"@type\":\"Organization\",\"@id\":\"https:\/\/milniky2023.flaw.uniba.sk\/#organization\",\"name\":\"Milniky\",\"url\":\"https:\/\/milniky2023.flaw.uniba.sk\/\",\"logo\":{\"@type\":\"ImageObject\",\"inLanguage\":\"en-US\",\"@id\":\"https:\/\/milniky2023.flaw.uniba.sk\/#\/schema\/logo\/image\/\",\"url\":\"https:\/\/milniky2023.flaw.uniba.sk\/wp-content\/uploads\/2024\/05\/sk-milniky-bc.png\",\"contentUrl\":\"https:\/\/milniky2023.flaw.uniba.sk\/wp-content\/uploads\/2024\/05\/sk-milniky-bc.png\",\"width\":3219,\"height\":845,\"caption\":\"Milniky\"},\"image\":{\"@id\":\"https:\/\/milniky2023.flaw.uniba.sk\/#\/schema\/logo\/image\/\"}}]}<\/script>\n<!-- \/ Yoast SEO plugin. -->","yoast_head_json":{"title":"\u00davod - Milniky","robots":{"index":"noindex","follow":"follow","max-snippet":"max-snippet:-1","max-image-preview":"max-image-preview:large","max-video-preview":"max-video-preview:-1"},"og_locale":"en_US","og_type":"article","og_title":"\u00davod - Milniky","og_description":"Univerzita Komensk\u00e9ho v Bratislave, Pr\u00e1vnick\u00e1 fakulta organizuje 17. ro\u010dn\u00edk medzin\u00e1rodnej vedeckej konferencie doktorandov a mlad\u00fdch vedeck\u00fdch pracovn\u00edkov \u201eM\u00ed\u013eniky pr\u00e1va v stredoeur\u00f3pskom priestore 2023\u201c. Konferencia sa bude kona\u0165 pod z\u00e1\u0161titou dekana Pr\u00e1vnickej fakulty Univerzity Komensk\u00e9ho v Bratislave, doc. JUDr. Eduarda Burdu, PhD. v d\u0148och d\u0148a 19. m\u00e1ja 2023 (piatok) prezen\u010dne v priestoroch Pr\u00e1vnickej fakulty UK v [&hellip;]","og_url":"https:\/\/milniky2023.flaw.uniba.sk\/en\/","og_site_name":"Milniky","article_modified_time":"2024-05-29T09:23:27+00:00","og_image":[{"width":2560,"height":1211,"url":"https:\/\/milniky2023.flaw.uniba.sk\/wp-content\/uploads\/2021\/05\/cut-scaled.jpg","type":"image\/jpeg"}],"twitter_card":"summary_large_image","twitter_misc":{"Est. reading time":"2 minutes"},"schema":{"@context":"https:\/\/schema.org","@graph":[{"@type":"WebPage","@id":"https:\/\/milniky2023.flaw.uniba.sk\/","url":"https:\/\/milniky2023.flaw.uniba.sk\/","name":"\u00davod - Milniky","isPartOf":{"@id":"https:\/\/milniky2023.flaw.uniba.sk\/#website"},"primaryImageOfPage":{"@id":"https:\/\/milniky2023.flaw.uniba.sk\/#primaryimage"},"image":{"@id":"https:\/\/milniky2023.flaw.uniba.sk\/#primaryimage"},"thumbnailUrl":"https:\/\/milniky2023.flaw.uniba.sk\/wp-content\/uploads\/2021\/05\/cut-scaled.jpg","datePublished":"2021-04-12T11:01:42+00:00","dateModified":"2024-05-29T09:23:27+00:00","breadcrumb":{"@id":"https:\/\/milniky2023.flaw.uniba.sk\/#breadcrumb"},"inLanguage":"en-US","potentialAction":[{"@type":"ReadAction","target":["https:\/\/milniky2023.flaw.uniba.sk\/"]}]},{"@type":"ImageObject","inLanguage":"en-US","@id":"https:\/\/milniky2023.flaw.uniba.sk\/#primaryimage","url":"https:\/\/milniky2023.flaw.uniba.sk\/wp-content\/uploads\/2021\/05\/cut-scaled.jpg","contentUrl":"https:\/\/milniky2023.flaw.uniba.sk\/wp-content\/uploads\/2021\/05\/cut-scaled.jpg","width":2560,"height":1211,"caption":"overlay"},{"@type":"BreadcrumbList","@id":"https:\/\/milniky2023.flaw.uniba.sk\/#breadcrumb","itemListElement":[{"@type":"ListItem","position":1,"name":"Home","item":"https:\/\/milniky2023.flaw.uniba.sk\/"},{"@type":"ListItem","position":2,"name":"\u00davod"}]},{"@type":"WebSite","@id":"https:\/\/milniky2023.flaw.uniba.sk\/#website","url":"https:\/\/milniky2023.flaw.uniba.sk\/","name":"Milestones","description":"","publisher":{"@id":"https:\/\/milniky2023.flaw.uniba.sk\/#organization"},"potentialAction":[{"@type":"SearchAction","target":{"@type":"EntryPoint","urlTemplate":"https:\/\/milniky2023.flaw.uniba.sk\/?s={search_term_string}"},"query-input":{"@type":"PropertyValueSpecification","valueRequired":true,"valueName":"search_term_string"}}],"inLanguage":"en-US"},{"@type":"Organization","@id":"https:\/\/milniky2023.flaw.uniba.sk\/#organization","name":"Milestones","url":"https:\/\/milniky2023.flaw.uniba.sk\/","logo":{"@type":"ImageObject","inLanguage":"en-US","@id":"https:\/\/milniky2023.flaw.uniba.sk\/#\/schema\/logo\/image\/","url":"https:\/\/milniky2023.flaw.uniba.sk\/wp-content\/uploads\/2024\/05\/sk-milniky-bc.png","contentUrl":"https:\/\/milniky2023.flaw.uniba.sk\/wp-content\/uploads\/2024\/05\/sk-milniky-bc.png","width":3219,"height":845,"caption":"Milniky"},"image":{"@id":"https:\/\/milniky2023.flaw.uniba.sk\/#\/schema\/logo\/image\/"}}]}},"_links":{"self":[{"href":"https:\/\/milniky2023.flaw.uniba.sk\/en\/wp-json\/wp\/v2\/pages\/32","targetHints":{"allow":["GET"]}}],"collection":[{"href":"https:\/\/milniky2023.flaw.uniba.sk\/en\/wp-json\/wp\/v2\/pages"}],"about":[{"href":"https:\/\/milniky2023.flaw.uniba.sk\/en\/wp-json\/wp\/v2\/types\/page"}],"author":[{"embeddable":true,"href":"https:\/\/milniky2023.flaw.uniba.sk\/en\/wp-json\/wp\/v2\/users\/2"}],"replies":[{"embeddable":true,"href":"https:\/\/milniky2023.flaw.uniba.sk\/en\/wp-json\/wp\/v2\/comments?post=32"}],"version-history":[{"count":34,"href":"https:\/\/milniky2023.flaw.uniba.sk\/en\/wp-json\/wp\/v2\/pages\/32\/revisions"}],"predecessor-version":[{"id":701,"href":"https:\/\/milniky2023.flaw.uniba.sk\/en\/wp-json\/wp\/v2\/pages\/32\/revisions\/701"}],"wp:featuredmedia":[{"embeddable":true,"href":"https:\/\/milniky2023.flaw.uniba.sk\/en\/wp-json\/wp\/v2\/media\/99"}],"wp:attachment":[{"href":"https:\/\/milniky2023.flaw.uniba.sk\/en\/wp-json\/wp\/v2\/media?parent=32"}],"curies":[{"name":"wp","href":"https:\/\/api.w.org\/{rel}","templated":true}]}}