{"id":34,"date":"2021-04-12T13:02:16","date_gmt":"2021-04-12T11:02:16","guid":{"rendered":"https:\/\/milniky.flaw.uniba.sk\/?page_id=34"},"modified":"2024-05-31T11:21:25","modified_gmt":"2024-05-31T09:21:25","slug":"sekcie-a-temy","status":"publish","type":"page","link":"https:\/\/milniky2023.flaw.uniba.sk\/en\/sekcie-a-temy\/","title":{"rendered":"Sections &amp; Topics"},"content":{"rendered":"<div data-elementor-type=\"wp-page\" data-elementor-id=\"34\" class=\"elementor elementor-34\">\n\t\t\t\t\t\t<section class=\"elementor-section elementor-top-section elementor-element elementor-element-4006bc93 elementor-section-content-middle elementor-section-boxed elementor-section-height-default elementor-section-height-default\" data-id=\"4006bc93\" data-element_type=\"section\" data-e-type=\"section\">\n\t\t\t\t\t\t<div class=\"elementor-container elementor-column-gap-no\">\n\t\t\t\t\t<div class=\"elementor-column elementor-col-100 elementor-top-column elementor-element elementor-element-42419922\" data-id=\"42419922\" data-element_type=\"column\" data-e-type=\"column\">\n\t\t\t<div class=\"elementor-widget-wrap elementor-element-populated\">\n\t\t\t\t\t\t<div class=\"elementor-element elementor-element-7ff3934 elementor-widget elementor-widget-heading\" data-id=\"7ff3934\" data-element_type=\"widget\" data-e-type=\"widget\" data-widget_type=\"heading.default\">\n\t\t\t\t<div class=\"elementor-widget-container\">\n\t\t\t\t\t<h4 class=\"elementor-heading-title elementor-size-default\">Sections<\/h4>\t\t\t\t<\/div>\n\t\t\t\t<\/div>\n\t\t\t\t<section class=\"elementor-section elementor-inner-section elementor-element elementor-element-36cb0be0 elementor-section-content-middle elementor-section-boxed elementor-section-height-default elementor-section-height-default\" data-id=\"36cb0be0\" data-element_type=\"section\" data-e-type=\"section\">\n\t\t\t\t\t\t<div class=\"elementor-container elementor-column-gap-no\">\n\t\t\t\t\t<div class=\"elementor-column elementor-col-33 elementor-inner-column elementor-element elementor-element-42f3dc93\" data-id=\"42f3dc93\" data-element_type=\"column\" data-e-type=\"column\">\n\t\t\t<div class=\"elementor-widget-wrap elementor-element-populated\">\n\t\t\t\t\t\t<div class=\"elementor-element elementor-element-22a1b23d elementor-widget elementor-widget-image-box\" data-id=\"22a1b23d\" data-element_type=\"widget\" data-e-type=\"widget\" data-widget_type=\"image-box.default\">\n\t\t\t\t<div class=\"elementor-widget-container\">\n\t\t\t\t\t<div class=\"elementor-image-box-wrapper\"><div class=\"elementor-image-box-content\"><h3 class=\"elementor-image-box-title\"><a href=\"https:\/\/milniky2023.flaw.uniba.sk\/en\/sekcia-ustavneho-prava-teorie-filozofie-prava\/\">State Bodies, Democracy and Civil Society<\/a><\/h3><p class=\"elementor-image-box-description\">Theory of Law, Philosophy of Law\nand Constitutional Law Section (SK\/CZ)\n<\/p><\/div><\/div>\t\t\t\t<\/div>\n\t\t\t\t<\/div>\n\t\t\t\t\t<\/div>\n\t\t<\/div>\n\t\t\t\t<div class=\"elementor-column elementor-col-33 elementor-inner-column elementor-element elementor-element-298b3c19\" data-id=\"298b3c19\" data-element_type=\"column\" data-e-type=\"column\">\n\t\t\t<div class=\"elementor-widget-wrap elementor-element-populated\">\n\t\t\t\t\t\t<div class=\"elementor-element elementor-element-5d8b17b7 elementor-widget elementor-widget-image-box\" data-id=\"5d8b17b7\" data-element_type=\"widget\" data-e-type=\"widget\" data-widget_type=\"image-box.default\">\n\t\t\t\t<div class=\"elementor-widget-container\">\n\t\t\t\t\t<div class=\"elementor-image-box-wrapper\"><div class=\"elementor-image-box-content\"><h3 class=\"elementor-image-box-title\"><a href=\"https:\/\/milniky2023.flaw.uniba.sk\/en\/sekcia-medzinarodneho-prava-a-medzinarodnych-vztahov\/\">Methods of Transnational and International Settlement of Disputes<\/a><\/h3><p class=\"elementor-image-box-description\">International Law and European Union Law Section. Language: EN<\/p><\/div><\/div>\t\t\t\t<\/div>\n\t\t\t\t<\/div>\n\t\t\t\t\t<\/div>\n\t\t<\/div>\n\t\t\t\t<div class=\"elementor-column elementor-col-33 elementor-inner-column elementor-element elementor-element-42fcac80\" data-id=\"42fcac80\" data-element_type=\"column\" data-e-type=\"column\">\n\t\t\t<div class=\"elementor-widget-wrap elementor-element-populated\">\n\t\t\t\t\t\t<div class=\"elementor-element elementor-element-427caea1 elementor-widget elementor-widget-image-box\" data-id=\"427caea1\" data-element_type=\"widget\" data-e-type=\"widget\" data-widget_type=\"image-box.default\">\n\t\t\t\t<div class=\"elementor-widget-container\">\n\t\t\t\t\t<div class=\"elementor-image-box-wrapper\"><div class=\"elementor-image-box-content\"><h3 class=\"elementor-image-box-title\"><a href=\"https:\/\/milniky2023.flaw.uniba.sk\/en\/sekcia-pravnych-dejin-rimskeho-prava\/\">Milestones in Development of State-Law in History<\/a><\/h3><p class=\"elementor-image-box-description\">Legal History and Roman Law, Canon Law\nand Ecclesiastical Law Section (SK\/CZ\/EN)<\/p><\/div><\/div>\t\t\t\t<\/div>\n\t\t\t\t<\/div>\n\t\t\t\t\t<\/div>\n\t\t<\/div>\n\t\t\t\t\t<\/div>\n\t\t<\/section>\n\t\t\t\t<section class=\"elementor-section elementor-inner-section elementor-element elementor-element-7eac947d elementor-section-content-middle elementor-section-boxed elementor-section-height-default elementor-section-height-default\" data-id=\"7eac947d\" data-element_type=\"section\" data-e-type=\"section\">\n\t\t\t\t\t\t<div class=\"elementor-container elementor-column-gap-no\">\n\t\t\t\t\t<div class=\"elementor-column elementor-col-33 elementor-inner-column elementor-element elementor-element-62a141f7\" data-id=\"62a141f7\" data-element_type=\"column\" data-e-type=\"column\">\n\t\t\t<div class=\"elementor-widget-wrap elementor-element-populated\">\n\t\t\t\t\t\t<div class=\"elementor-element elementor-element-4531285 elementor-widget elementor-widget-image-box\" data-id=\"4531285\" data-element_type=\"widget\" data-e-type=\"widget\" data-widget_type=\"image-box.default\">\n\t\t\t\t<div class=\"elementor-widget-container\">\n\t\t\t\t\t<div class=\"elementor-image-box-wrapper\"><div class=\"elementor-image-box-content\"><h3 class=\"elementor-image-box-title\"><a href=\"https:\/\/milniky2023.flaw.uniba.sk\/en\/sekcia-prava-it-a-prava-dusevneho-vlastnictva\/\">Milestones of Digital Regulations in European\nUnion Law<\/a><\/h3><p class=\"elementor-image-box-description\">Information Technology Law and Intellectual Property Law Section. Language: SK\/CZ\/EN\n<\/p><\/div><\/div>\t\t\t\t<\/div>\n\t\t\t\t<\/div>\n\t\t\t\t\t<\/div>\n\t\t<\/div>\n\t\t\t\t<div class=\"elementor-column elementor-col-33 elementor-inner-column elementor-element elementor-element-c4bcf9e\" data-id=\"c4bcf9e\" data-element_type=\"column\" data-e-type=\"column\">\n\t\t\t<div class=\"elementor-widget-wrap elementor-element-populated\">\n\t\t\t\t\t\t<div class=\"elementor-element elementor-element-61cce4f9 elementor-widget elementor-widget-image-box\" data-id=\"61cce4f9\" data-element_type=\"widget\" data-e-type=\"widget\" data-widget_type=\"image-box.default\">\n\t\t\t\t<div class=\"elementor-widget-container\">\n\t\t\t\t\t<div class=\"elementor-image-box-wrapper\"><div class=\"elementor-image-box-content\"><h3 class=\"elementor-image-box-title\"><a href=\"https:\/\/milniky2023.flaw.uniba.sk\/en\/sekcia-spravneho-prava\/\">Reforms in Public Administration and their Impact\non the Performance of Public Administration<\/a><\/h3><p class=\"elementor-image-box-description\">Administrative Law Section. Language: SK\/CZ\/EN<\/p><\/div><\/div>\t\t\t\t<\/div>\n\t\t\t\t<\/div>\n\t\t\t\t\t<\/div>\n\t\t<\/div>\n\t\t\t\t<div class=\"elementor-column elementor-col-33 elementor-inner-column elementor-element elementor-element-7fbda951\" data-id=\"7fbda951\" data-element_type=\"column\" data-e-type=\"column\">\n\t\t\t<div class=\"elementor-widget-wrap elementor-element-populated\">\n\t\t\t\t\t\t<div class=\"elementor-element elementor-element-1f742e3a elementor-widget elementor-widget-image-box\" data-id=\"1f742e3a\" data-element_type=\"widget\" data-e-type=\"widget\" data-widget_type=\"image-box.default\">\n\t\t\t\t<div class=\"elementor-widget-container\">\n\t\t\t\t\t<div class=\"elementor-image-box-wrapper\"><div class=\"elementor-image-box-content\"><h3 class=\"elementor-image-box-title\"><a href=\"https:\/\/milniky2023.flaw.uniba.sk\/en\/sekcia-obchodneho-hospodarskeho-financneho-prava\/\">A Contemporary View of the Advantages\nand Disadvantages of Different Legal Forms\nof Companies<\/a><\/h3><p class=\"elementor-image-box-description\">Commercial Law and Economic Law Section\n(SK\/CZ\/EN)<\/p><\/div><\/div>\t\t\t\t<\/div>\n\t\t\t\t<\/div>\n\t\t\t\t\t<\/div>\n\t\t<\/div>\n\t\t\t\t\t<\/div>\n\t\t<\/section>\n\t\t\t\t<section class=\"elementor-section elementor-inner-section elementor-element elementor-element-3836e086 elementor-section-content-middle elementor-section-boxed elementor-section-height-default elementor-section-height-default\" data-id=\"3836e086\" data-element_type=\"section\" data-e-type=\"section\">\n\t\t\t\t\t\t<div class=\"elementor-container elementor-column-gap-no\">\n\t\t\t\t\t<div class=\"elementor-column elementor-col-33 elementor-inner-column elementor-element elementor-element-6c392373\" data-id=\"6c392373\" data-element_type=\"column\" data-e-type=\"column\">\n\t\t\t<div class=\"elementor-widget-wrap elementor-element-populated\">\n\t\t\t\t\t\t<div class=\"elementor-element elementor-element-772a6d4c elementor-widget elementor-widget-image-box\" data-id=\"772a6d4c\" data-element_type=\"widget\" data-e-type=\"widget\" data-widget_type=\"image-box.default\">\n\t\t\t\t<div class=\"elementor-widget-container\">\n\t\t\t\t\t<div class=\"elementor-image-box-wrapper\"><div class=\"elementor-image-box-content\"><h3 class=\"elementor-image-box-title\"><a href=\"https:\/\/milniky2023.flaw.uniba.sk\/en\/sekcia-financneho-prava\/\">Potential Research Topics in Financial Law<\/a><\/h3><p class=\"elementor-image-box-description\">Financial Law Section (SK\/CZ\/EN)<\/p><\/div><\/div>\t\t\t\t<\/div>\n\t\t\t\t<\/div>\n\t\t\t\t\t<\/div>\n\t\t<\/div>\n\t\t\t\t<div class=\"elementor-column elementor-col-33 elementor-inner-column elementor-element elementor-element-598ad9ee\" data-id=\"598ad9ee\" data-element_type=\"column\" data-e-type=\"column\">\n\t\t\t<div class=\"elementor-widget-wrap elementor-element-populated\">\n\t\t\t\t\t\t<div class=\"elementor-element elementor-element-5023c489 elementor-widget elementor-widget-image-box\" data-id=\"5023c489\" data-element_type=\"widget\" data-e-type=\"widget\" data-widget_type=\"image-box.default\">\n\t\t\t\t<div class=\"elementor-widget-container\">\n\t\t\t\t\t<div class=\"elementor-image-box-wrapper\"><div class=\"elementor-image-box-content\"><h3 class=\"elementor-image-box-title\"><a href=\"https:\/\/milniky2023.flaw.uniba.sk\/en\/sekcia-pracovneho-prava\/\">Crises and their Influence on Employment Law<\/a><\/h3><p class=\"elementor-image-box-description\">Labour Law and Social Security Law Section. Language: SK\/CZ\/EN\n<\/p><\/div><\/div>\t\t\t\t<\/div>\n\t\t\t\t<\/div>\n\t\t\t\t\t<\/div>\n\t\t<\/div>\n\t\t\t\t<div class=\"elementor-column elementor-col-33 elementor-inner-column elementor-element elementor-element-1587e1d8\" data-id=\"1587e1d8\" data-element_type=\"column\" data-e-type=\"column\">\n\t\t\t<div class=\"elementor-widget-wrap elementor-element-populated\">\n\t\t\t\t\t\t<div class=\"elementor-element elementor-element-22316b1b elementor-widget elementor-widget-image-box\" data-id=\"22316b1b\" data-element_type=\"widget\" data-e-type=\"widget\" data-widget_type=\"image-box.default\">\n\t\t\t\t<div class=\"elementor-widget-container\">\n\t\t\t\t\t<div class=\"elementor-image-box-wrapper\"><div class=\"elementor-image-box-content\"><h3 class=\"elementor-image-box-title\"><a href=\"https:\/\/milniky2023.flaw.uniba.sk\/en\/sekcia-obcianskeho-prava\/\">Challenges of Civil Law in the 21st Century<\/a><\/h3><p class=\"elementor-image-box-description\">Civil Law Section. Language: SK\/CZ\/EN<\/p><\/div><\/div>\t\t\t\t<\/div>\n\t\t\t\t<\/div>\n\t\t\t\t\t<\/div>\n\t\t<\/div>\n\t\t\t\t\t<\/div>\n\t\t<\/section>\n\t\t\t\t<section class=\"elementor-section elementor-inner-section elementor-element elementor-element-4ea9ab11 elementor-section-content-middle elementor-section-boxed elementor-section-height-default elementor-section-height-default\" data-id=\"4ea9ab11\" data-element_type=\"section\" data-e-type=\"section\">\n\t\t\t\t\t\t<div class=\"elementor-container elementor-column-gap-no\">\n\t\t\t\t\t<div class=\"elementor-column elementor-col-33 elementor-inner-column elementor-element elementor-element-2e0d2b05\" data-id=\"2e0d2b05\" data-element_type=\"column\" data-e-type=\"column\">\n\t\t\t<div class=\"elementor-widget-wrap elementor-element-populated\">\n\t\t\t\t\t\t<div class=\"elementor-element elementor-element-d81313d elementor-widget elementor-widget-image-box\" data-id=\"d81313d\" data-element_type=\"widget\" data-e-type=\"widget\" data-widget_type=\"image-box.default\">\n\t\t\t\t<div class=\"elementor-widget-container\">\n\t\t\t\t\t<div class=\"elementor-image-box-wrapper\"><div class=\"elementor-image-box-content\"><h3 class=\"elementor-image-box-title\"><a href=\"https:\/\/milniky2023.flaw.uniba.sk\/en\/sekcia-trestneho-prava\/\">Subsidiarity of Criminal Law in Theory\nand Application Practice<\/a><\/h3><p class=\"elementor-image-box-description\">Criminal Law, Criminology\nand Criminalistics Section. Language: SK\/CZ\/EN<\/p><\/div><\/div>\t\t\t\t<\/div>\n\t\t\t\t<\/div>\n\t\t\t\t\t<\/div>\n\t\t<\/div>\n\t\t\t\t<div class=\"elementor-column elementor-col-33 elementor-inner-column elementor-element elementor-element-c3fc58e\" data-id=\"c3fc58e\" data-element_type=\"column\" data-e-type=\"column\">\n\t\t\t<div class=\"elementor-widget-wrap elementor-element-populated\">\n\t\t\t\t\t\t<div class=\"elementor-element elementor-element-ba5d05b elementor-hidden-desktop elementor-hidden-tablet elementor-hidden-mobile elementor-widget elementor-widget-image-box\" data-id=\"ba5d05b\" data-element_type=\"widget\" data-e-type=\"widget\" data-widget_type=\"image-box.default\">\n\t\t\t\t<div class=\"elementor-widget-container\">\n\t\t\t\t\t<div class=\"elementor-image-box-wrapper\"><div class=\"elementor-image-box-content\"><h3 class=\"elementor-image-box-title\"><a href=\"https:\/\/milniky.flaw.uniba.sk\/sekcia-environmentalneho-prava\/\">Quo Vadis Environmental Protection?<\/a><\/h3><p class=\"elementor-image-box-description\">Environmental and Climate Law Section\n<\/p><\/div><\/div>\t\t\t\t<\/div>\n\t\t\t\t<\/div>\n\t\t\t\t\t<\/div>\n\t\t<\/div>\n\t\t\t\t<div class=\"elementor-column elementor-col-33 elementor-inner-column elementor-element elementor-element-4da6ede elementor-hidden-desktop elementor-hidden-tablet elementor-hidden-mobile\" data-id=\"4da6ede\" data-element_type=\"column\" data-e-type=\"column\">\n\t\t\t<div class=\"elementor-widget-wrap elementor-element-populated\">\n\t\t\t\t\t\t\t<\/div>\n\t\t<\/div>\n\t\t\t\t\t<\/div>\n\t\t<\/section>\n\t\t\t\t\t<\/div>\n\t\t<\/div>\n\t\t\t\t\t<\/div>\n\t\t<\/section>\n\t\t\t\t<\/div>","protected":false},"excerpt":{"rendered":"<p>Sekcie \u0160t\u00e1tne org\u00e1ny, demokracia a ob\u010dianska spolo\u010dnos\u0165 Sekcia \u00fastavn\u00e9ho pr\u00e1va, te\u00f3rie pr\u00e1va a filozofie pr\u00e1va. Rokovac\u00ed jazyk: SK\/CZ Sp\u00f4soby rie\u0161enia nadn\u00e1rodn\u00fdch a medzin\u00e1rodn\u00fdch sporov Sekcia medzin\u00e1rodn\u00e9ho pr\u00e1va a pr\u00e1va Eur\u00f3pskej \u00fanie. Rokovac\u00ed jazyk: EN M\u00ed\u013eniky \u0161t\u00e1to-pr\u00e1vneho v\u00fdvoja v dejin\u00e1ch Sekcia pr\u00e1vnych dej\u00edn a r\u00edmskeho, cirkevn\u00e9ho a k\u00e1nonick\u00e9ho pr\u00e1va. Rokovac\u00ed jazyk: SK\/CZ\/EN M\u00ed\u013eniky digit\u00e1lnych regul\u00e1ci\u00ed v [&hellip;]<\/p>\n","protected":false},"author":2,"featured_media":0,"parent":0,"menu_order":0,"comment_status":"closed","ping_status":"closed","template":"elementor_header_footer","meta":{"footnotes":""},"class_list":["post-34","page","type-page","status-publish","hentry"],"yoast_head":"<!-- This site is optimized with the Yoast SEO plugin v27.2 - https:\/\/yoast.com\/product\/yoast-seo-wordpress\/ -->\n<title>Sekcie a t\u00e9my - Milniky<\/title>\n<meta name=\"robots\" content=\"noindex, follow, max-snippet:-1, max-image-preview:large, max-video-preview:-1\" \/>\n<meta property=\"og:locale\" content=\"en_US\" \/>\n<meta property=\"og:type\" content=\"article\" \/>\n<meta property=\"og:title\" content=\"Sekcie a t\u00e9my - Milniky\" \/>\n<meta property=\"og:description\" content=\"Sekcie \u0160t\u00e1tne org\u00e1ny, demokracia a ob\u010dianska spolo\u010dnos\u0165 Sekcia \u00fastavn\u00e9ho pr\u00e1va, te\u00f3rie pr\u00e1va a filozofie pr\u00e1va. Rokovac\u00ed jazyk: SK\/CZ Sp\u00f4soby rie\u0161enia nadn\u00e1rodn\u00fdch a medzin\u00e1rodn\u00fdch sporov Sekcia medzin\u00e1rodn\u00e9ho pr\u00e1va a pr\u00e1va Eur\u00f3pskej \u00fanie. Rokovac\u00ed jazyk: EN M\u00ed\u013eniky \u0161t\u00e1to-pr\u00e1vneho v\u00fdvoja v dejin\u00e1ch Sekcia pr\u00e1vnych dej\u00edn a r\u00edmskeho, cirkevn\u00e9ho a k\u00e1nonick\u00e9ho pr\u00e1va. Rokovac\u00ed jazyk: SK\/CZ\/EN M\u00ed\u013eniky digit\u00e1lnych regul\u00e1ci\u00ed v [&hellip;]\" \/>\n<meta property=\"og:url\" content=\"https:\/\/milniky2023.flaw.uniba.sk\/en\/sekcie-a-temy\/\" \/>\n<meta property=\"og:site_name\" content=\"Milniky\" \/>\n<meta property=\"article:modified_time\" content=\"2024-05-31T09:21:25+00:00\" \/>\n<meta name=\"twitter:card\" content=\"summary_large_image\" \/>\n<meta name=\"twitter:label1\" content=\"Est. reading time\" \/>\n\t<meta name=\"twitter:data1\" content=\"1 minute\" \/>\n<script type=\"application\/ld+json\" class=\"yoast-schema-graph\">{\"@context\":\"https:\/\/schema.org\",\"@graph\":[{\"@type\":\"WebPage\",\"@id\":\"https:\/\/milniky2023.flaw.uniba.sk\/sekcie-a-temy\/\",\"url\":\"https:\/\/milniky2023.flaw.uniba.sk\/sekcie-a-temy\/\",\"name\":\"Sekcie a t\u00e9my - Milniky\",\"isPartOf\":{\"@id\":\"https:\/\/milniky2023.flaw.uniba.sk\/#website\"},\"datePublished\":\"2021-04-12T11:02:16+00:00\",\"dateModified\":\"2024-05-31T09:21:25+00:00\",\"breadcrumb\":{\"@id\":\"https:\/\/milniky2023.flaw.uniba.sk\/sekcie-a-temy\/#breadcrumb\"},\"inLanguage\":\"en-US\",\"potentialAction\":[{\"@type\":\"ReadAction\",\"target\":[\"https:\/\/milniky2023.flaw.uniba.sk\/sekcie-a-temy\/\"]}]},{\"@type\":\"BreadcrumbList\",\"@id\":\"https:\/\/milniky2023.flaw.uniba.sk\/sekcie-a-temy\/#breadcrumb\",\"itemListElement\":[{\"@type\":\"ListItem\",\"position\":1,\"name\":\"Home\",\"item\":\"https:\/\/milniky2023.flaw.uniba.sk\/\"},{\"@type\":\"ListItem\",\"position\":2,\"name\":\"Sekcie a t\u00e9my\"}]},{\"@type\":\"WebSite\",\"@id\":\"https:\/\/milniky2023.flaw.uniba.sk\/#website\",\"url\":\"https:\/\/milniky2023.flaw.uniba.sk\/\",\"name\":\"Milniky\",\"description\":\"\",\"publisher\":{\"@id\":\"https:\/\/milniky2023.flaw.uniba.sk\/#organization\"},\"potentialAction\":[{\"@type\":\"SearchAction\",\"target\":{\"@type\":\"EntryPoint\",\"urlTemplate\":\"https:\/\/milniky2023.flaw.uniba.sk\/?s={search_term_string}\"},\"query-input\":{\"@type\":\"PropertyValueSpecification\",\"valueRequired\":true,\"valueName\":\"search_term_string\"}}],\"inLanguage\":\"en-US\"},{\"@type\":\"Organization\",\"@id\":\"https:\/\/milniky2023.flaw.uniba.sk\/#organization\",\"name\":\"Milniky\",\"url\":\"https:\/\/milniky2023.flaw.uniba.sk\/\",\"logo\":{\"@type\":\"ImageObject\",\"inLanguage\":\"en-US\",\"@id\":\"https:\/\/milniky2023.flaw.uniba.sk\/#\/schema\/logo\/image\/\",\"url\":\"https:\/\/milniky2023.flaw.uniba.sk\/wp-content\/uploads\/2024\/05\/sk-milniky-bc.png\",\"contentUrl\":\"https:\/\/milniky2023.flaw.uniba.sk\/wp-content\/uploads\/2024\/05\/sk-milniky-bc.png\",\"width\":3219,\"height\":845,\"caption\":\"Milniky\"},\"image\":{\"@id\":\"https:\/\/milniky2023.flaw.uniba.sk\/#\/schema\/logo\/image\/\"}}]}<\/script>\n<!-- \/ Yoast SEO plugin. -->","yoast_head_json":{"title":"Sekcie a t\u00e9my - Milniky","robots":{"index":"noindex","follow":"follow","max-snippet":"max-snippet:-1","max-image-preview":"max-image-preview:large","max-video-preview":"max-video-preview:-1"},"og_locale":"en_US","og_type":"article","og_title":"Sekcie a t\u00e9my - Milniky","og_description":"Sekcie \u0160t\u00e1tne org\u00e1ny, demokracia a ob\u010dianska spolo\u010dnos\u0165 Sekcia \u00fastavn\u00e9ho pr\u00e1va, te\u00f3rie pr\u00e1va a filozofie pr\u00e1va. Rokovac\u00ed jazyk: SK\/CZ Sp\u00f4soby rie\u0161enia nadn\u00e1rodn\u00fdch a medzin\u00e1rodn\u00fdch sporov Sekcia medzin\u00e1rodn\u00e9ho pr\u00e1va a pr\u00e1va Eur\u00f3pskej \u00fanie. Rokovac\u00ed jazyk: EN M\u00ed\u013eniky \u0161t\u00e1to-pr\u00e1vneho v\u00fdvoja v dejin\u00e1ch Sekcia pr\u00e1vnych dej\u00edn a r\u00edmskeho, cirkevn\u00e9ho a k\u00e1nonick\u00e9ho pr\u00e1va. Rokovac\u00ed jazyk: SK\/CZ\/EN M\u00ed\u013eniky digit\u00e1lnych regul\u00e1ci\u00ed v [&hellip;]","og_url":"https:\/\/milniky2023.flaw.uniba.sk\/en\/sekcie-a-temy\/","og_site_name":"Milniky","article_modified_time":"2024-05-31T09:21:25+00:00","twitter_card":"summary_large_image","twitter_misc":{"Est. reading time":"1 minute"},"schema":{"@context":"https:\/\/schema.org","@graph":[{"@type":"WebPage","@id":"https:\/\/milniky2023.flaw.uniba.sk\/sekcie-a-temy\/","url":"https:\/\/milniky2023.flaw.uniba.sk\/sekcie-a-temy\/","name":"Sekcie a t\u00e9my - Milniky","isPartOf":{"@id":"https:\/\/milniky2023.flaw.uniba.sk\/#website"},"datePublished":"2021-04-12T11:02:16+00:00","dateModified":"2024-05-31T09:21:25+00:00","breadcrumb":{"@id":"https:\/\/milniky2023.flaw.uniba.sk\/sekcie-a-temy\/#breadcrumb"},"inLanguage":"en-US","potentialAction":[{"@type":"ReadAction","target":["https:\/\/milniky2023.flaw.uniba.sk\/sekcie-a-temy\/"]}]},{"@type":"BreadcrumbList","@id":"https:\/\/milniky2023.flaw.uniba.sk\/sekcie-a-temy\/#breadcrumb","itemListElement":[{"@type":"ListItem","position":1,"name":"Home","item":"https:\/\/milniky2023.flaw.uniba.sk\/"},{"@type":"ListItem","position":2,"name":"Sekcie a t\u00e9my"}]},{"@type":"WebSite","@id":"https:\/\/milniky2023.flaw.uniba.sk\/#website","url":"https:\/\/milniky2023.flaw.uniba.sk\/","name":"Milestones","description":"","publisher":{"@id":"https:\/\/milniky2023.flaw.uniba.sk\/#organization"},"potentialAction":[{"@type":"SearchAction","target":{"@type":"EntryPoint","urlTemplate":"https:\/\/milniky2023.flaw.uniba.sk\/?s={search_term_string}"},"query-input":{"@type":"PropertyValueSpecification","valueRequired":true,"valueName":"search_term_string"}}],"inLanguage":"en-US"},{"@type":"Organization","@id":"https:\/\/milniky2023.flaw.uniba.sk\/#organization","name":"Milestones","url":"https:\/\/milniky2023.flaw.uniba.sk\/","logo":{"@type":"ImageObject","inLanguage":"en-US","@id":"https:\/\/milniky2023.flaw.uniba.sk\/#\/schema\/logo\/image\/","url":"https:\/\/milniky2023.flaw.uniba.sk\/wp-content\/uploads\/2024\/05\/sk-milniky-bc.png","contentUrl":"https:\/\/milniky2023.flaw.uniba.sk\/wp-content\/uploads\/2024\/05\/sk-milniky-bc.png","width":3219,"height":845,"caption":"Milniky"},"image":{"@id":"https:\/\/milniky2023.flaw.uniba.sk\/#\/schema\/logo\/image\/"}}]}},"_links":{"self":[{"href":"https:\/\/milniky2023.flaw.uniba.sk\/en\/wp-json\/wp\/v2\/pages\/34","targetHints":{"allow":["GET"]}}],"collection":[{"href":"https:\/\/milniky2023.flaw.uniba.sk\/en\/wp-json\/wp\/v2\/pages"}],"about":[{"href":"https:\/\/milniky2023.flaw.uniba.sk\/en\/wp-json\/wp\/v2\/types\/page"}],"author":[{"embeddable":true,"href":"https:\/\/milniky2023.flaw.uniba.sk\/en\/wp-json\/wp\/v2\/users\/2"}],"replies":[{"embeddable":true,"href":"https:\/\/milniky2023.flaw.uniba.sk\/en\/wp-json\/wp\/v2\/comments?post=34"}],"version-history":[{"count":294,"href":"https:\/\/milniky2023.flaw.uniba.sk\/en\/wp-json\/wp\/v2\/pages\/34\/revisions"}],"predecessor-version":[{"id":813,"href":"https:\/\/milniky2023.flaw.uniba.sk\/en\/wp-json\/wp\/v2\/pages\/34\/revisions\/813"}],"wp:attachment":[{"href":"https:\/\/milniky2023.flaw.uniba.sk\/en\/wp-json\/wp\/v2\/media?parent=34"}],"curies":[{"name":"wp","href":"https:\/\/api.w.org\/{rel}","templated":true}]}}