{"id":36,"date":"2021-04-12T13:02:29","date_gmt":"2021-04-12T11:02:29","guid":{"rendered":"https:\/\/milniky.flaw.uniba.sk\/?page_id=36"},"modified":"2024-05-29T15:04:17","modified_gmt":"2024-05-29T13:04:17","slug":"program","status":"publish","type":"page","link":"https:\/\/milniky2023.flaw.uniba.sk\/en\/program\/","title":{"rendered":"Programme"},"content":{"rendered":"<p class=\"has-text-align-center\">Detailed information about the programme can be found here (PDF):<\/p>\n\n\n\n<div data-wp-interactive=\"core\/file\" class=\"wp-block-file\"><object data-wp-bind--hidden=\"!state.hasPdfPreview\" hidden class=\"wp-block-file__embed\" data=\"https:\/\/milniky2023.flaw.uniba.sk\/wp-content\/uploads\/2024\/05\/PROGRAM__Milniky-2023_final_COR_2-1.pdf\" type=\"application\/pdf\" style=\"width:100%;height:600px\" aria-label=\"Embed of PROGRAM M\u00ed\u013eniky 2023.\"><\/object><a id=\"wp-block-file--media-718b88da-d51a-4f9c-be9f-84358f7df622\" href=\"https:\/\/milniky2023.flaw.uniba.sk\/wp-content\/uploads\/2024\/05\/PROGRAM__Milniky-2023_final_COR_2-1.pdf\">PROGRAM M\u00ed\u013eniky 2023<\/a><a href=\"https:\/\/milniky2023.flaw.uniba.sk\/wp-content\/uploads\/2024\/05\/PROGRAM__Milniky-2023_final_COR_2-1.pdf\" class=\"wp-block-file__button wp-element-button\" download aria-describedby=\"wp-block-file--media-718b88da-d51a-4f9c-be9f-84358f7df622\">Download<\/a><\/div>\n\n\n\n<hr class=\"wp-block-separator has-css-opacity alignwide\"\/>","protected":false},"excerpt":{"rendered":"<p>Detailed information about the programme can be found here (PDF):<\/p>","protected":false},"author":2,"featured_media":0,"parent":0,"menu_order":0,"comment_status":"closed","ping_status":"closed","template":"","meta":{"footnotes":""},"class_list":["post-36","page","type-page","status-publish","hentry"],"yoast_head":"<!-- This site is optimized with the Yoast SEO plugin v27.2 - https:\/\/yoast.com\/product\/yoast-seo-wordpress\/ -->\n<title>Program - Milniky<\/title>\n<meta name=\"robots\" content=\"noindex, follow, max-snippet:-1, max-image-preview:large, max-video-preview:-1\" \/>\n<meta property=\"og:locale\" content=\"en_US\" \/>\n<meta property=\"og:type\" content=\"article\" \/>\n<meta property=\"og:title\" content=\"Program - Milniky\" \/>\n<meta property=\"og:description\" content=\"Podrobn\u00e9 inform\u00e1cie o programe n\u00e1jdete tu (PDF):\" \/>\n<meta property=\"og:url\" content=\"https:\/\/milniky2023.flaw.uniba.sk\/en\/program\/\" \/>\n<meta property=\"og:site_name\" content=\"Milniky\" \/>\n<meta property=\"article:modified_time\" content=\"2024-05-29T13:04:17+00:00\" \/>\n<meta name=\"twitter:card\" content=\"summary_large_image\" \/>\n<meta name=\"twitter:label1\" content=\"Est. reading time\" \/>\n\t<meta name=\"twitter:data1\" content=\"1 minute\" \/>\n<script type=\"application\/ld+json\" class=\"yoast-schema-graph\">{\"@context\":\"https:\/\/schema.org\",\"@graph\":[{\"@type\":\"WebPage\",\"@id\":\"https:\/\/milniky2023.flaw.uniba.sk\/program\/\",\"url\":\"https:\/\/milniky2023.flaw.uniba.sk\/program\/\",\"name\":\"Program - Milniky\",\"isPartOf\":{\"@id\":\"https:\/\/milniky2023.flaw.uniba.sk\/#website\"},\"datePublished\":\"2021-04-12T11:02:29+00:00\",\"dateModified\":\"2024-05-29T13:04:17+00:00\",\"breadcrumb\":{\"@id\":\"https:\/\/milniky2023.flaw.uniba.sk\/program\/#breadcrumb\"},\"inLanguage\":\"en-US\",\"potentialAction\":[{\"@type\":\"ReadAction\",\"target\":[\"https:\/\/milniky2023.flaw.uniba.sk\/program\/\"]}]},{\"@type\":\"BreadcrumbList\",\"@id\":\"https:\/\/milniky2023.flaw.uniba.sk\/program\/#breadcrumb\",\"itemListElement\":[{\"@type\":\"ListItem\",\"position\":1,\"name\":\"Home\",\"item\":\"https:\/\/milniky2023.flaw.uniba.sk\/\"},{\"@type\":\"ListItem\",\"position\":2,\"name\":\"Program\"}]},{\"@type\":\"WebSite\",\"@id\":\"https:\/\/milniky2023.flaw.uniba.sk\/#website\",\"url\":\"https:\/\/milniky2023.flaw.uniba.sk\/\",\"name\":\"Milniky\",\"description\":\"\",\"publisher\":{\"@id\":\"https:\/\/milniky2023.flaw.uniba.sk\/#organization\"},\"potentialAction\":[{\"@type\":\"SearchAction\",\"target\":{\"@type\":\"EntryPoint\",\"urlTemplate\":\"https:\/\/milniky2023.flaw.uniba.sk\/?s={search_term_string}\"},\"query-input\":{\"@type\":\"PropertyValueSpecification\",\"valueRequired\":true,\"valueName\":\"search_term_string\"}}],\"inLanguage\":\"en-US\"},{\"@type\":\"Organization\",\"@id\":\"https:\/\/milniky2023.flaw.uniba.sk\/#organization\",\"name\":\"Milniky\",\"url\":\"https:\/\/milniky2023.flaw.uniba.sk\/\",\"logo\":{\"@type\":\"ImageObject\",\"inLanguage\":\"en-US\",\"@id\":\"https:\/\/milniky2023.flaw.uniba.sk\/#\/schema\/logo\/image\/\",\"url\":\"https:\/\/milniky2023.flaw.uniba.sk\/wp-content\/uploads\/2024\/05\/sk-milniky-bc.png\",\"contentUrl\":\"https:\/\/milniky2023.flaw.uniba.sk\/wp-content\/uploads\/2024\/05\/sk-milniky-bc.png\",\"width\":3219,\"height\":845,\"caption\":\"Milniky\"},\"image\":{\"@id\":\"https:\/\/milniky2023.flaw.uniba.sk\/#\/schema\/logo\/image\/\"}}]}<\/script>\n<!-- \/ Yoast SEO plugin. -->","yoast_head_json":{"title":"Program - Milniky","robots":{"index":"noindex","follow":"follow","max-snippet":"max-snippet:-1","max-image-preview":"max-image-preview:large","max-video-preview":"max-video-preview:-1"},"og_locale":"en_US","og_type":"article","og_title":"Program - Milniky","og_description":"Podrobn\u00e9 inform\u00e1cie o programe n\u00e1jdete tu (PDF):","og_url":"https:\/\/milniky2023.flaw.uniba.sk\/en\/program\/","og_site_name":"Milniky","article_modified_time":"2024-05-29T13:04:17+00:00","twitter_card":"summary_large_image","twitter_misc":{"Est. reading time":"1 minute"},"schema":{"@context":"https:\/\/schema.org","@graph":[{"@type":"WebPage","@id":"https:\/\/milniky2023.flaw.uniba.sk\/program\/","url":"https:\/\/milniky2023.flaw.uniba.sk\/program\/","name":"Program - Milniky","isPartOf":{"@id":"https:\/\/milniky2023.flaw.uniba.sk\/#website"},"datePublished":"2021-04-12T11:02:29+00:00","dateModified":"2024-05-29T13:04:17+00:00","breadcrumb":{"@id":"https:\/\/milniky2023.flaw.uniba.sk\/program\/#breadcrumb"},"inLanguage":"en-US","potentialAction":[{"@type":"ReadAction","target":["https:\/\/milniky2023.flaw.uniba.sk\/program\/"]}]},{"@type":"BreadcrumbList","@id":"https:\/\/milniky2023.flaw.uniba.sk\/program\/#breadcrumb","itemListElement":[{"@type":"ListItem","position":1,"name":"Home","item":"https:\/\/milniky2023.flaw.uniba.sk\/"},{"@type":"ListItem","position":2,"name":"Program"}]},{"@type":"WebSite","@id":"https:\/\/milniky2023.flaw.uniba.sk\/#website","url":"https:\/\/milniky2023.flaw.uniba.sk\/","name":"Milestones","description":"","publisher":{"@id":"https:\/\/milniky2023.flaw.uniba.sk\/#organization"},"potentialAction":[{"@type":"SearchAction","target":{"@type":"EntryPoint","urlTemplate":"https:\/\/milniky2023.flaw.uniba.sk\/?s={search_term_string}"},"query-input":{"@type":"PropertyValueSpecification","valueRequired":true,"valueName":"search_term_string"}}],"inLanguage":"en-US"},{"@type":"Organization","@id":"https:\/\/milniky2023.flaw.uniba.sk\/#organization","name":"Milestones","url":"https:\/\/milniky2023.flaw.uniba.sk\/","logo":{"@type":"ImageObject","inLanguage":"en-US","@id":"https:\/\/milniky2023.flaw.uniba.sk\/#\/schema\/logo\/image\/","url":"https:\/\/milniky2023.flaw.uniba.sk\/wp-content\/uploads\/2024\/05\/sk-milniky-bc.png","contentUrl":"https:\/\/milniky2023.flaw.uniba.sk\/wp-content\/uploads\/2024\/05\/sk-milniky-bc.png","width":3219,"height":845,"caption":"Milniky"},"image":{"@id":"https:\/\/milniky2023.flaw.uniba.sk\/#\/schema\/logo\/image\/"}}]}},"_links":{"self":[{"href":"https:\/\/milniky2023.flaw.uniba.sk\/en\/wp-json\/wp\/v2\/pages\/36","targetHints":{"allow":["GET"]}}],"collection":[{"href":"https:\/\/milniky2023.flaw.uniba.sk\/en\/wp-json\/wp\/v2\/pages"}],"about":[{"href":"https:\/\/milniky2023.flaw.uniba.sk\/en\/wp-json\/wp\/v2\/types\/page"}],"author":[{"embeddable":true,"href":"https:\/\/milniky2023.flaw.uniba.sk\/en\/wp-json\/wp\/v2\/users\/2"}],"replies":[{"embeddable":true,"href":"https:\/\/milniky2023.flaw.uniba.sk\/en\/wp-json\/wp\/v2\/comments?post=36"}],"version-history":[{"count":24,"href":"https:\/\/milniky2023.flaw.uniba.sk\/en\/wp-json\/wp\/v2\/pages\/36\/revisions"}],"predecessor-version":[{"id":723,"href":"https:\/\/milniky2023.flaw.uniba.sk\/en\/wp-json\/wp\/v2\/pages\/36\/revisions\/723"}],"wp:attachment":[{"href":"https:\/\/milniky2023.flaw.uniba.sk\/en\/wp-json\/wp\/v2\/media?parent=36"}],"curies":[{"name":"wp","href":"https:\/\/api.w.org\/{rel}","templated":true}]}}