{"id":40,"date":"2021-04-12T13:03:06","date_gmt":"2021-04-12T11:03:06","guid":{"rendered":"https:\/\/milniky.flaw.uniba.sk\/?page_id=40"},"modified":"2024-05-29T11:35:17","modified_gmt":"2024-05-29T09:35:17","slug":"pokyny-k-prispevku","status":"publish","type":"page","link":"https:\/\/milniky2023.flaw.uniba.sk\/en\/pokyny-k-prispevku\/","title":{"rendered":"Submission guidelines"},"content":{"rendered":"<p><strong>DEADLINE FOR UPLOADING THE COMPLETE CONTRIBUTION TO THE REGISTRATION SYSTEM:<\/strong><\/p>\n\n\n\n<p><strong><strong>until <\/strong>19 June 2023<\/strong> \u2013 formal version of submission in compliance with template provided down below. Submissions that do not meet compliance with the template will not be published in the reviewed collection of conference papers.<\/p>\n\n\n\n<p><strong>Important notice!<\/strong><\/p>\n\n\n\n<ul class=\"wp-block-list\">\n<li><strong>\u2022\tParticipants shall register to the selected section with a particular topic of their contribution.<\/strong><\/li>\n\n\n\n<li><strong>\u2022\tAbstracts shall be provided by participants already at the registration.<\/strong><\/li>\n\n\n\n<li><strong>\u2022\tIn the case of co-author contributions, a co-author is also required \nto register.<\/strong><\/li>\n\n\n\n<li><strong>\u2022\tThe topic of your paper will be confirmed, and you will be notified by email,<br>subsequently an e-invoice will be sent to you.<\/strong><\/li>\n\n\n\n<li><strong>\u2022\tThe paper in its final form needs to be submitted to the electronic<\/strong> <strong>registration system until 19 June 2023.<\/strong>.<\/li>\n<\/ul>\n\n\n\n<p>Electronic Collection of Papers will be prepared from the papers actively presented by their authors and <strong>submitted by their authors via electronic system.<\/strong>.<br><br><strong>To have your paper published in the Collection of Papers, the following requirements must be met:<\/strong><\/p>\n\n\n\n<ul class=\"wp-block-list\">\n<li><strong>\u2022\tpresenting the paper at the conference,<\/strong><\/li>\n\n\n\n<li><strong>\u2022\tpreparing the paper according to the set template,\u00a0\u00a0<\/strong><\/li>\n\n\n\n<li><strong>\u2022\tsubmitting the paper within the set deadline,<\/strong><\/li>\n\n\n\n<li><strong>\u2022\trecommendation of the publication of the paper by two assigned reviewers.<\/strong><\/li>\n<\/ul>\n\n\n\n<p>Further instructions and detailed conference program will be sent electronically\nno later than 10 days before the conference is held.<\/p>\n\n\n\n<div class=\"wp-block-file\"><a id=\"wp-block-file--media-8c7fdb00-4408-4553-a9a7-d4781cdd37a7\" href=\"https:\/\/milniky.flaw.uniba.sk\/wp-content\/uploads\/2023\/05\/ENG_template.docx\">Template of paper<\/a><a href=\"https:\/\/milniky.flaw.uniba.sk\/wp-content\/uploads\/2023\/05\/ENG_template.docx\" class=\"wp-block-file__button wp-element-button\" download aria-describedby=\"wp-block-file--media-8c7fdb00-4408-4553-a9a7-d4781cdd37a7\">Download<\/a><\/div>\n\n\n\n<div class=\"wp-block-file\"><a id=\"wp-block-file--media-9d76e849-d7b4-4c74-b235-112dffebcfdc\" href=\"https:\/\/milniky.flaw.uniba.sk\/wp-content\/uploads\/2024\/02\/pokyny_k_odovzdaniu_prispevku_Milniky-2023.docx\">Instructions for submitting paper<\/a><a href=\"https:\/\/milniky.flaw.uniba.sk\/wp-content\/uploads\/2024\/02\/pokyny_k_odovzdaniu_prispevku_Milniky-2023.docx\" class=\"wp-block-file__button wp-element-button\" download aria-describedby=\"wp-block-file--media-9d76e849-d7b4-4c74-b235-112dffebcfdc\">Download<\/a><\/div>\n\n\n\n<p><\/p>\n\n\n\n<p><strong>COLLECTION OF PAPERS:<\/strong>:<\/p>\n\n\n\n<p>The publication output from the conference will be a peer-reviewed electronic collection of papers.<\/p>\n\n\n\n<p>The collection of papers and individual contributions will be published under the Creative Commons Public License BY-NC-ND, 4.0.<\/p>\n\n\n\n<p>By submitting a contribution, the author gives permission for his work to be distributed under this public license.<\/p>\n\n\n\n<p>Only the contributions of participants who will actively attend and speak at the conference will be published.<\/p>","protected":false},"excerpt":{"rendered":"<p>TERM\u00cdN NA NAHRATIE KOMPLETN\u00c9HO PR\u00cdSPEVKU DO REGISTRA\u010cN\u00c9HO SYST\u00c9MU: do 19. j\u00fana 2023 \u2013 form\u00e1lna \u00faprava pr\u00edspevku pod\u013ea \u0161abl\u00f3ny zverejnenej ni\u017e\u0161ie. Pr\u00edspevky, ktor\u00e9 nebud\u00fa sp\u013a\u0148a\u0165 po form\u00e1lnej str\u00e1nke n\u00e1le\u017eitosti pod\u013ea \u0161abl\u00f3ny, nebud\u00fa publikovan\u00e9 v zborn\u00edku konferencie.Nahratie pr\u00edspevku do syst\u00e9mu D\u00f4le\u017eit\u00e9! Z odoslan\u00fdch pr\u00edspevkov bude zostaven\u00fd zborn\u00edk v elektronickej podobe. Podmienky uverejnenia pr\u00edspevku v zborn\u00edku s\u00fa nasledovn\u00e9: [&hellip;]<\/p>\n","protected":false},"author":2,"featured_media":0,"parent":0,"menu_order":0,"comment_status":"closed","ping_status":"closed","template":"","meta":{"footnotes":""},"class_list":["post-40","page","type-page","status-publish","hentry"],"yoast_head":"<!-- This site is optimized with the Yoast SEO plugin v27.2 - https:\/\/yoast.com\/product\/yoast-seo-wordpress\/ -->\n<title>Pokyny k pr\u00edspevku - Milniky<\/title>\n<meta name=\"robots\" content=\"noindex, follow, max-snippet:-1, max-image-preview:large, max-video-preview:-1\" \/>\n<meta property=\"og:locale\" content=\"en_US\" \/>\n<meta property=\"og:type\" content=\"article\" \/>\n<meta property=\"og:title\" content=\"Pokyny k pr\u00edspevku - Milniky\" \/>\n<meta property=\"og:description\" content=\"TERM\u00cdN NA NAHRATIE KOMPLETN\u00c9HO PR\u00cdSPEVKU DO REGISTRA\u010cN\u00c9HO SYST\u00c9MU: do 19. j\u00fana 2023 \u2013 form\u00e1lna \u00faprava pr\u00edspevku pod\u013ea \u0161abl\u00f3ny zverejnenej ni\u017e\u0161ie. Pr\u00edspevky, ktor\u00e9 nebud\u00fa sp\u013a\u0148a\u0165 po form\u00e1lnej str\u00e1nke n\u00e1le\u017eitosti pod\u013ea \u0161abl\u00f3ny, nebud\u00fa publikovan\u00e9 v zborn\u00edku konferencie.Nahratie pr\u00edspevku do syst\u00e9mu D\u00f4le\u017eit\u00e9! Z odoslan\u00fdch pr\u00edspevkov bude zostaven\u00fd zborn\u00edk v elektronickej podobe. Podmienky uverejnenia pr\u00edspevku v zborn\u00edku s\u00fa nasledovn\u00e9: [&hellip;]\" \/>\n<meta property=\"og:url\" content=\"https:\/\/milniky2023.flaw.uniba.sk\/en\/pokyny-k-prispevku\/\" \/>\n<meta property=\"og:site_name\" content=\"Milniky\" \/>\n<meta property=\"article:modified_time\" content=\"2024-05-29T09:35:17+00:00\" \/>\n<meta name=\"twitter:card\" content=\"summary_large_image\" \/>\n<meta name=\"twitter:label1\" content=\"Est. reading time\" \/>\n\t<meta name=\"twitter:data1\" content=\"2 minutes\" \/>\n<script type=\"application\/ld+json\" class=\"yoast-schema-graph\">{\"@context\":\"https:\/\/schema.org\",\"@graph\":[{\"@type\":\"WebPage\",\"@id\":\"https:\/\/milniky2023.flaw.uniba.sk\/pokyny-k-prispevku\/\",\"url\":\"https:\/\/milniky2023.flaw.uniba.sk\/pokyny-k-prispevku\/\",\"name\":\"Pokyny k pr\u00edspevku - Milniky\",\"isPartOf\":{\"@id\":\"https:\/\/milniky2023.flaw.uniba.sk\/#website\"},\"datePublished\":\"2021-04-12T11:03:06+00:00\",\"dateModified\":\"2024-05-29T09:35:17+00:00\",\"breadcrumb\":{\"@id\":\"https:\/\/milniky2023.flaw.uniba.sk\/pokyny-k-prispevku\/#breadcrumb\"},\"inLanguage\":\"en-US\",\"potentialAction\":[{\"@type\":\"ReadAction\",\"target\":[\"https:\/\/milniky2023.flaw.uniba.sk\/pokyny-k-prispevku\/\"]}]},{\"@type\":\"BreadcrumbList\",\"@id\":\"https:\/\/milniky2023.flaw.uniba.sk\/pokyny-k-prispevku\/#breadcrumb\",\"itemListElement\":[{\"@type\":\"ListItem\",\"position\":1,\"name\":\"Home\",\"item\":\"https:\/\/milniky2023.flaw.uniba.sk\/\"},{\"@type\":\"ListItem\",\"position\":2,\"name\":\"Pokyny k pr\u00edspevku\"}]},{\"@type\":\"WebSite\",\"@id\":\"https:\/\/milniky2023.flaw.uniba.sk\/#website\",\"url\":\"https:\/\/milniky2023.flaw.uniba.sk\/\",\"name\":\"Milniky\",\"description\":\"\",\"publisher\":{\"@id\":\"https:\/\/milniky2023.flaw.uniba.sk\/#organization\"},\"potentialAction\":[{\"@type\":\"SearchAction\",\"target\":{\"@type\":\"EntryPoint\",\"urlTemplate\":\"https:\/\/milniky2023.flaw.uniba.sk\/?s={search_term_string}\"},\"query-input\":{\"@type\":\"PropertyValueSpecification\",\"valueRequired\":true,\"valueName\":\"search_term_string\"}}],\"inLanguage\":\"en-US\"},{\"@type\":\"Organization\",\"@id\":\"https:\/\/milniky2023.flaw.uniba.sk\/#organization\",\"name\":\"Milniky\",\"url\":\"https:\/\/milniky2023.flaw.uniba.sk\/\",\"logo\":{\"@type\":\"ImageObject\",\"inLanguage\":\"en-US\",\"@id\":\"https:\/\/milniky2023.flaw.uniba.sk\/#\/schema\/logo\/image\/\",\"url\":\"https:\/\/milniky2023.flaw.uniba.sk\/wp-content\/uploads\/2024\/05\/sk-milniky-bc.png\",\"contentUrl\":\"https:\/\/milniky2023.flaw.uniba.sk\/wp-content\/uploads\/2024\/05\/sk-milniky-bc.png\",\"width\":3219,\"height\":845,\"caption\":\"Milniky\"},\"image\":{\"@id\":\"https:\/\/milniky2023.flaw.uniba.sk\/#\/schema\/logo\/image\/\"}}]}<\/script>\n<!-- \/ Yoast SEO plugin. -->","yoast_head_json":{"title":"Pokyny k pr\u00edspevku - Milniky","robots":{"index":"noindex","follow":"follow","max-snippet":"max-snippet:-1","max-image-preview":"max-image-preview:large","max-video-preview":"max-video-preview:-1"},"og_locale":"en_US","og_type":"article","og_title":"Pokyny k pr\u00edspevku - Milniky","og_description":"TERM\u00cdN NA NAHRATIE KOMPLETN\u00c9HO PR\u00cdSPEVKU DO REGISTRA\u010cN\u00c9HO SYST\u00c9MU: do 19. j\u00fana 2023 \u2013 form\u00e1lna \u00faprava pr\u00edspevku pod\u013ea \u0161abl\u00f3ny zverejnenej ni\u017e\u0161ie. Pr\u00edspevky, ktor\u00e9 nebud\u00fa sp\u013a\u0148a\u0165 po form\u00e1lnej str\u00e1nke n\u00e1le\u017eitosti pod\u013ea \u0161abl\u00f3ny, nebud\u00fa publikovan\u00e9 v zborn\u00edku konferencie.Nahratie pr\u00edspevku do syst\u00e9mu D\u00f4le\u017eit\u00e9! Z odoslan\u00fdch pr\u00edspevkov bude zostaven\u00fd zborn\u00edk v elektronickej podobe. Podmienky uverejnenia pr\u00edspevku v zborn\u00edku s\u00fa nasledovn\u00e9: [&hellip;]","og_url":"https:\/\/milniky2023.flaw.uniba.sk\/en\/pokyny-k-prispevku\/","og_site_name":"Milniky","article_modified_time":"2024-05-29T09:35:17+00:00","twitter_card":"summary_large_image","twitter_misc":{"Est. reading time":"2 minutes"},"schema":{"@context":"https:\/\/schema.org","@graph":[{"@type":"WebPage","@id":"https:\/\/milniky2023.flaw.uniba.sk\/pokyny-k-prispevku\/","url":"https:\/\/milniky2023.flaw.uniba.sk\/pokyny-k-prispevku\/","name":"Pokyny k pr\u00edspevku - Milniky","isPartOf":{"@id":"https:\/\/milniky2023.flaw.uniba.sk\/#website"},"datePublished":"2021-04-12T11:03:06+00:00","dateModified":"2024-05-29T09:35:17+00:00","breadcrumb":{"@id":"https:\/\/milniky2023.flaw.uniba.sk\/pokyny-k-prispevku\/#breadcrumb"},"inLanguage":"en-US","potentialAction":[{"@type":"ReadAction","target":["https:\/\/milniky2023.flaw.uniba.sk\/pokyny-k-prispevku\/"]}]},{"@type":"BreadcrumbList","@id":"https:\/\/milniky2023.flaw.uniba.sk\/pokyny-k-prispevku\/#breadcrumb","itemListElement":[{"@type":"ListItem","position":1,"name":"Home","item":"https:\/\/milniky2023.flaw.uniba.sk\/"},{"@type":"ListItem","position":2,"name":"Pokyny k pr\u00edspevku"}]},{"@type":"WebSite","@id":"https:\/\/milniky2023.flaw.uniba.sk\/#website","url":"https:\/\/milniky2023.flaw.uniba.sk\/","name":"Milestones","description":"","publisher":{"@id":"https:\/\/milniky2023.flaw.uniba.sk\/#organization"},"potentialAction":[{"@type":"SearchAction","target":{"@type":"EntryPoint","urlTemplate":"https:\/\/milniky2023.flaw.uniba.sk\/?s={search_term_string}"},"query-input":{"@type":"PropertyValueSpecification","valueRequired":true,"valueName":"search_term_string"}}],"inLanguage":"en-US"},{"@type":"Organization","@id":"https:\/\/milniky2023.flaw.uniba.sk\/#organization","name":"Milestones","url":"https:\/\/milniky2023.flaw.uniba.sk\/","logo":{"@type":"ImageObject","inLanguage":"en-US","@id":"https:\/\/milniky2023.flaw.uniba.sk\/#\/schema\/logo\/image\/","url":"https:\/\/milniky2023.flaw.uniba.sk\/wp-content\/uploads\/2024\/05\/sk-milniky-bc.png","contentUrl":"https:\/\/milniky2023.flaw.uniba.sk\/wp-content\/uploads\/2024\/05\/sk-milniky-bc.png","width":3219,"height":845,"caption":"Milniky"},"image":{"@id":"https:\/\/milniky2023.flaw.uniba.sk\/#\/schema\/logo\/image\/"}}]}},"_links":{"self":[{"href":"https:\/\/milniky2023.flaw.uniba.sk\/en\/wp-json\/wp\/v2\/pages\/40","targetHints":{"allow":["GET"]}}],"collection":[{"href":"https:\/\/milniky2023.flaw.uniba.sk\/en\/wp-json\/wp\/v2\/pages"}],"about":[{"href":"https:\/\/milniky2023.flaw.uniba.sk\/en\/wp-json\/wp\/v2\/types\/page"}],"author":[{"embeddable":true,"href":"https:\/\/milniky2023.flaw.uniba.sk\/en\/wp-json\/wp\/v2\/users\/2"}],"replies":[{"embeddable":true,"href":"https:\/\/milniky2023.flaw.uniba.sk\/en\/wp-json\/wp\/v2\/comments?post=40"}],"version-history":[{"count":23,"href":"https:\/\/milniky2023.flaw.uniba.sk\/en\/wp-json\/wp\/v2\/pages\/40\/revisions"}],"predecessor-version":[{"id":705,"href":"https:\/\/milniky2023.flaw.uniba.sk\/en\/wp-json\/wp\/v2\/pages\/40\/revisions\/705"}],"wp:attachment":[{"href":"https:\/\/milniky2023.flaw.uniba.sk\/en\/wp-json\/wp\/v2\/media?parent=40"}],"curies":[{"name":"wp","href":"https:\/\/api.w.org\/{rel}","templated":true}]}}